{"id":5216,"date":"2020-08-04T12:48:44","date_gmt":"2020-08-04T12:48:44","guid":{"rendered":"https:\/\/elmetal.pl\/katalogi\/"},"modified":"2026-02-10T11:51:24","modified_gmt":"2026-02-10T11:51:24","slug":"catalogs","status":"publish","type":"page","link":"https:\/\/elmetal.pl\/en\/catalogs\/","title":{"rendered":"Catalogs"},"content":{"rendered":"<section class=\"l-section wpb_row height_auto\"><div class=\"l-section-h i-cf\"><div class=\"g-cols vc_row type_default valign_top\"><div class=\"vc_col-sm-3 wpb_column vc_column_container has-fill\"><div class=\"vc_column-inner us_custom_358247da\"><div class=\"wpb_wrapper\"><div class=\"w-image align_center\"><div class=\"w-image-h\"><img loading=\"lazy\" decoding=\"async\" width=\"450\" height=\"236\" src=\"https:\/\/elmetal.pl\/wp-content\/uploads\/2021\/07\/katalog-elmetal-2021-okladka.jpg\" class=\"attachment-large size-large\" alt=\"Elmetal katalog\" srcset=\"https:\/\/elmetal.pl\/wp-content\/uploads\/2021\/07\/katalog-elmetal-2021-okladka.jpg 450w, https:\/\/elmetal.pl\/wp-content\/uploads\/2021\/07\/katalog-elmetal-2021-okladka-300x157.jpg 300w\" sizes=\"(max-width: 450px) 100vw, 450px\" \/><\/div><\/div><div class=\"w-separator size_small\"><\/div><div class=\"w-hwrapper align_center valign_top\"><div class=\"w-btn-wrapper width_auto align_left\"><a class=\"w-btn us-btn-style_2 us_custom_52c35487 icon_atleft\" target=\"_blank\" href=\"https:\/\/katalogi.elmetal.pl\/katalog\/\" rel=\"noopener\"><i class=\"fas fa-eye\"><\/i><span class=\"w-btn-label\">View online<\/span><\/a><\/div><div class=\"w-btn-wrapper width_auto align_left\"><a class=\"w-btn us-btn-style_1 us_custom_52c35487 icon_atleft\" target=\"_blank\" href=\"\/wp-content\/uploads\/2021\/07\/elmetal-katalog-2021.pdf\" rel=\"noopener\"><i class=\"fas fa-download\"><\/i><span class=\"w-btn-label\">Download<\/span><\/a><\/div><\/div><div class=\"w-separator size_small\"><\/div><div class=\"wpb_text_column\" ><div class=\"wpb_wrapper\"><p style=\"text-align: center;\"><span style=\"font-size: 10pt;\">Elmetal Polish catalog<br \/>\n<\/span><\/p>\n<\/div><\/div><\/div><\/div><\/div><div class=\"vc_col-sm-3 wpb_column vc_column_container has-fill\"><div class=\"vc_column-inner us_custom_358247da\"><div class=\"wpb_wrapper\"><div class=\"w-image align_center\"><div class=\"w-image-h\"><img loading=\"lazy\" decoding=\"async\" width=\"450\" height=\"253\" src=\"https:\/\/elmetal.pl\/wp-content\/uploads\/2020\/06\/elmetal-katalog-brady-loto.jpg\" class=\"attachment-large size-large\" alt=\"\" srcset=\"https:\/\/elmetal.pl\/wp-content\/uploads\/2020\/06\/elmetal-katalog-brady-loto.jpg 450w, https:\/\/elmetal.pl\/wp-content\/uploads\/2020\/06\/elmetal-katalog-brady-loto-300x169.jpg 300w\" sizes=\"(max-width: 450px) 100vw, 450px\" \/><\/div><\/div><div class=\"w-separator size_small\"><\/div><div class=\"w-hwrapper align_center valign_top\"><div class=\"w-btn-wrapper width_auto align_left\"><a class=\"w-btn us-btn-style_2 us_custom_52c35487 icon_atleft\" target=\"_blank\" href=\"https:\/\/katalogi.elmetal.pl\/katalog-loto\/\" rel=\"noopener\"><i class=\"fas fa-eye\"><\/i><span class=\"w-btn-label\">View online<\/span><\/a><\/div><div class=\"w-btn-wrapper width_auto align_left\"><a class=\"w-btn us-btn-style_1 us_custom_52c35487 icon_atleft\" target=\"_blank\" href=\"\/wp-content\/uploads\/2020\/06\/katalog_lockout_tagout-1.pdf\" rel=\"noopener\"><i class=\"fas fa-download\"><\/i><span class=\"w-btn-label\">Download<\/span><\/a><\/div><\/div><div class=\"w-separator size_small\"><\/div><div class=\"wpb_text_column\" ><div class=\"wpb_wrapper\"><p style=\"text-align: center;\"><span style=\"font-size: 10pt;\">Elmetal Polish LOTO catalog<br \/>\n<\/span><\/p>\n<\/div><\/div><\/div><\/div><\/div><div class=\"vc_col-sm-3 wpb_column vc_column_container has-fill\"><div class=\"vc_column-inner us_custom_358247da\"><div class=\"wpb_wrapper\"><div class=\"w-image align_center\"><div class=\"w-image-h\"><img loading=\"lazy\" decoding=\"async\" width=\"450\" height=\"253\" src=\"https:\/\/elmetal.pl\/wp-content\/uploads\/2021\/09\/elmetal-english-catalog-1.png\" class=\"attachment-large size-large\" alt=\"Elmetal English catalog\" srcset=\"https:\/\/elmetal.pl\/wp-content\/uploads\/2021\/09\/elmetal-english-catalog-1.png 450w, https:\/\/elmetal.pl\/wp-content\/uploads\/2021\/09\/elmetal-english-catalog-1-300x169.png 300w\" sizes=\"(max-width: 450px) 100vw, 450px\" \/><\/div><\/div><div class=\"w-separator size_small\"><\/div><div class=\"w-hwrapper align_center valign_top\"><div class=\"w-btn-wrapper width_auto align_left\"><a class=\"w-btn us-btn-style_2 us_custom_52c35487 icon_atleft\" target=\"_blank\" href=\"https:\/\/katalogi.elmetal.pl\/katalog_elmetal_english\/\" rel=\"noopener\"><i class=\"fas fa-eye\"><\/i><span class=\"w-btn-label\">View online<\/span><\/a><\/div><div class=\"w-btn-wrapper width_auto align_left\"><a class=\"w-btn us-btn-style_1 us_custom_52c35487 icon_atleft\" target=\"_blank\" href=\"\/wp-content\/uploads\/2020\/06\/elmetal_english_catalog.pdf\" rel=\"noopener\"><i class=\"fas fa-download\"><\/i><span class=\"w-btn-label\">Download<\/span><\/a><\/div><\/div><div class=\"w-separator size_small\"><\/div><div class=\"wpb_text_column\" ><div class=\"wpb_wrapper\"><p style=\"text-align: center;\"><span style=\"font-size: 10pt;\">Elmetal English catalog<\/span><\/p>\n<\/div><\/div><\/div><\/div><\/div><div class=\"vc_col-sm-3 wpb_column vc_column_container has-fill\"><div class=\"vc_column-inner us_custom_358247da\"><div class=\"wpb_wrapper\"><div class=\"w-image align_center\"><div class=\"w-image-h\"><img loading=\"lazy\" decoding=\"async\" width=\"450\" height=\"250\" src=\"https:\/\/elmetal.pl\/wp-content\/uploads\/2020\/06\/elmetal-french-catalog.jpg\" class=\"attachment-large size-large\" alt=\"\" srcset=\"https:\/\/elmetal.pl\/wp-content\/uploads\/2020\/06\/elmetal-french-catalog.jpg 450w, https:\/\/elmetal.pl\/wp-content\/uploads\/2020\/06\/elmetal-french-catalog-300x167.jpg 300w\" sizes=\"(max-width: 450px) 100vw, 450px\" \/><\/div><\/div><div class=\"w-separator size_small\"><\/div><div class=\"w-hwrapper align_center valign_top\"><div class=\"w-btn-wrapper width_auto align_left\"><a class=\"w-btn us-btn-style_2 us_custom_52c35487 icon_atleft\" target=\"_blank\" href=\"https:\/\/katalogi.elmetal.pl\/elmetal-catalog-french\/\" rel=\"noopener\"><i class=\"fas fa-eye\"><\/i><span class=\"w-btn-label\">Voir en ligne<\/span><\/a><\/div><div class=\"w-btn-wrapper width_auto align_left\"><a class=\"w-btn us-btn-style_1 us_custom_52c35487 icon_atleft\" target=\"_blank\" href=\"\/wp-content\/uploads\/2020\/06\/elmetal_franc\u0327ais_catalogue.pdf\" rel=\"noopener\"><i class=\"fas fa-download\"><\/i><span class=\"w-btn-label\">T\u00e9l\u00e9chargement PDF<\/span><\/a><\/div><\/div><div class=\"w-separator size_small\"><\/div><div class=\"wpb_text_column\" ><div class=\"wpb_wrapper\"><p style=\"text-align: center;\"><span style=\"font-size: 10pt;\">Elmetal catalogue fran\u00e7ais<\/span><\/p>\n<\/div><\/div><\/div><\/div><\/div><\/div><\/div><\/section><section class=\"l-section wpb_row height_auto\"><div class=\"l-section-h i-cf\"><div class=\"g-cols vc_row type_default valign_top\"><div class=\"vc_col-sm-12 wpb_column vc_column_container\"><div class=\"vc_column-inner\"><div class=\"wpb_wrapper\"><div class=\"wpb_text_column us_custom_38392e4a has_text_color\" ><div class=\"wpb_wrapper\"><h1>Latest catalogs and brochures<\/h1>\n<\/div><\/div><\/div><\/div><\/div><\/div><\/div><\/section><section class=\"l-section wpb_row height_auto\"><div class=\"l-section-h i-cf\"><div class=\"g-cols vc_row type_default valign_top\"><div class=\"vc_col-sm-3 wpb_column vc_column_container has-fill\"><div class=\"vc_column-inner us_custom_358247da\"><div class=\"wpb_wrapper\"><div class=\"w-image align_center\"><a target=\"_blank\" href=\"https:\/\/elmetal.pl\/wp-content\/uploads\/2026\/02\/Elmetal_machine_equipment_marking.pdf\" rel=\"noopener\" aria-label=\"Link\" class=\"w-image-h\"><img loading=\"lazy\" decoding=\"async\" width=\"300\" height=\"408\" src=\"https:\/\/elmetal.pl\/wp-content\/uploads\/2026\/02\/elmetal-machine-equipment-marking.png\" class=\"attachment-large size-large\" alt=\"\" srcset=\"https:\/\/elmetal.pl\/wp-content\/uploads\/2026\/02\/elmetal-machine-equipment-marking.png 300w, https:\/\/elmetal.pl\/wp-content\/uploads\/2026\/02\/elmetal-machine-equipment-marking-221x300.png 221w, https:\/\/elmetal.pl\/wp-content\/uploads\/2026\/02\/elmetal-machine-equipment-marking-294x400.png 294w\" sizes=\"(max-width: 300px) 100vw, 300px\" \/><\/a><\/div><div class=\"w-hwrapper align_center valign_top\"><div class=\"w-btn-wrapper width_auto align_left\"><a class=\"w-btn us-btn-style_1 us_custom_52c35487 icon_atleft\" target=\"_blank\" href=\"https:\/\/elmetal.pl\/wp-content\/uploads\/2026\/02\/Elmetal_machine_equipment_marking.pdf\" rel=\"noopener\"><i class=\"fas fa-download\"><\/i><span class=\"w-btn-label\">Download<\/span><\/a><\/div><\/div><div class=\"w-separator size_small\"><\/div><div class=\"wpb_text_column\" ><div class=\"wpb_wrapper\"><p style=\"text-align: center;\"><span style=\"font-size: 10pt;\">Machines equipment marking<\/span><\/p>\n<\/div><\/div><\/div><\/div><\/div><div class=\"vc_col-sm-3 wpb_column vc_column_container has-fill\"><div class=\"vc_column-inner us_custom_358247da\"><div class=\"wpb_wrapper\"><div class=\"w-image align_center\"><a target=\"_blank\" href=\"https:\/\/elmetal.pl\/wp-content\/uploads\/2020\/08\/Elmetal-5s-cleaning-stations.pdf\" rel=\"noopener\" aria-label=\"Link\" class=\"w-image-h\"><img loading=\"lazy\" decoding=\"async\" width=\"600\" height=\"474\" src=\"https:\/\/elmetal.pl\/wp-content\/uploads\/2026\/02\/elmetal-5s-cleaning-stations.png\" class=\"attachment-large size-large\" alt=\"\" srcset=\"https:\/\/elmetal.pl\/wp-content\/uploads\/2026\/02\/elmetal-5s-cleaning-stations.png 600w, https:\/\/elmetal.pl\/wp-content\/uploads\/2026\/02\/elmetal-5s-cleaning-stations-300x237.png 300w, https:\/\/elmetal.pl\/wp-content\/uploads\/2026\/02\/elmetal-5s-cleaning-stations-506x400.png 506w\" sizes=\"(max-width: 600px) 100vw, 600px\" \/><\/a><\/div><div class=\"w-hwrapper align_center valign_top\"><div class=\"w-btn-wrapper width_auto align_left\"><a class=\"w-btn us-btn-style_1 us_custom_52c35487 icon_atleft\" target=\"_blank\" href=\"https:\/\/elmetal.pl\/wp-content\/uploads\/2020\/08\/Elmetal-5s-cleaning-stations.pdf\" rel=\"noopener\"><i class=\"fas fa-download\"><\/i><span class=\"w-btn-label\">Download<\/span><\/a><\/div><\/div><div class=\"w-separator size_small\"><\/div><div class=\"wpb_text_column\" ><div class=\"wpb_wrapper\"><p style=\"text-align: center;\"><span style=\"font-size: 10pt;\">Cleaning stations 5S\u00a0<\/span><\/p>\n<\/div><\/div><\/div><\/div><\/div><div class=\"vc_col-sm-3 wpb_column vc_column_container has-fill\"><div class=\"vc_column-inner us_custom_358247da\"><div class=\"wpb_wrapper\"><div class=\"w-image align_center\"><a target=\"_blank\" href=\"https:\/\/elmetal.pl\/wp-content\/uploads\/2025\/11\/Elmetal-LED-safety-signs.pdf\" rel=\"noopener\" aria-label=\"Link\" class=\"w-image-h\"><img loading=\"lazy\" decoding=\"async\" width=\"300\" height=\"408\" src=\"https:\/\/elmetal.pl\/wp-content\/uploads\/2026\/02\/elmetal-led-safety-signs-1.png\" class=\"attachment-large size-large\" alt=\"\" srcset=\"https:\/\/elmetal.pl\/wp-content\/uploads\/2026\/02\/elmetal-led-safety-signs-1.png 300w, https:\/\/elmetal.pl\/wp-content\/uploads\/2026\/02\/elmetal-led-safety-signs-1-221x300.png 221w, https:\/\/elmetal.pl\/wp-content\/uploads\/2026\/02\/elmetal-led-safety-signs-1-294x400.png 294w\" sizes=\"(max-width: 300px) 100vw, 300px\" \/><\/a><\/div><div class=\"w-hwrapper align_center valign_top\"><div class=\"w-btn-wrapper width_auto align_left\"><a class=\"w-btn us-btn-style_1 us_custom_52c35487 icon_atleft\" target=\"_blank\" href=\"https:\/\/elmetal.pl\/wp-content\/uploads\/2025\/11\/Elmetal-LED-safety-signs.pdf\" rel=\"noopener\"><i class=\"fas fa-download\"><\/i><span class=\"w-btn-label\">Download<\/span><\/a><\/div><\/div><div class=\"w-separator size_small\"><\/div><div class=\"wpb_text_column\" ><div class=\"wpb_wrapper\"><p style=\"text-align: center;\"><span style=\"font-size: 10pt;\">Led safety signs<\/span><\/p>\n<\/div><\/div><\/div><\/div><\/div><div class=\"vc_col-sm-3 wpb_column vc_column_container has-fill\"><div class=\"vc_column-inner us_custom_358247da\"><div class=\"wpb_wrapper\"><div class=\"w-image align_center\"><a target=\"_blank\" href=\"https:\/\/elmetal.pl\/wp-content\/uploads\/2025\/11\/Elmetal-light-line-projectors.pdf\" rel=\"noopener\" aria-label=\"Link\" class=\"w-image-h\"><img loading=\"lazy\" decoding=\"async\" width=\"300\" height=\"408\" src=\"https:\/\/elmetal.pl\/wp-content\/uploads\/2026\/02\/elmetal-light-line-projectors.png\" class=\"attachment-large size-large\" alt=\"\" srcset=\"https:\/\/elmetal.pl\/wp-content\/uploads\/2026\/02\/elmetal-light-line-projectors.png 300w, https:\/\/elmetal.pl\/wp-content\/uploads\/2026\/02\/elmetal-light-line-projectors-221x300.png 221w, https:\/\/elmetal.pl\/wp-content\/uploads\/2026\/02\/elmetal-light-line-projectors-294x400.png 294w\" sizes=\"(max-width: 300px) 100vw, 300px\" \/><\/a><\/div><div class=\"w-hwrapper align_center valign_top\"><div class=\"w-btn-wrapper width_auto align_left\"><a class=\"w-btn us-btn-style_1 us_custom_52c35487 icon_atleft\" target=\"_blank\" href=\"https:\/\/elmetal.pl\/wp-content\/uploads\/2025\/11\/Elmetal-light-line-projectors.pdf\" rel=\"noopener\"><i class=\"fas fa-download\"><\/i><span class=\"w-btn-label\">Download<\/span><\/a><\/div><\/div><div class=\"w-separator size_small\"><\/div><div class=\"wpb_text_column\" ><div class=\"wpb_wrapper\"><p style=\"text-align: center;\"><span style=\"font-size: 10pt;\">Safety light line projectors<\/span><\/p>\n<\/div><\/div><\/div><\/div><\/div><\/div><\/div><\/section><section class=\"l-section wpb_row us_custom_2c4f4a12 height_auto\"><div class=\"l-section-h i-cf\"><div class=\"g-cols vc_row type_default valign_top\"><div class=\"vc_col-sm-12 wpb_column vc_column_container\"><div class=\"vc_column-inner\"><div class=\"wpb_wrapper\"><div class=\"wpb_text_column us_custom_38392e4a has_text_color\" ><div class=\"wpb_wrapper\"><h1><span style=\"font-size: 18pt;\">Catalogues &#8211; specifications &#8211; leaflets<\/span><\/h1>\n<\/div><\/div><div class=\"w-separator size_custom with_line width_default thick_1 style_dashed color_border align_center\" style=\"height:5px\"><div class=\"w-separator-h\"><\/div><\/div><div class=\"w-separator size_small\"><\/div><div class=\"g-cols wpb_row  type_default valign_top vc_inner\"><div class=\"vc_col-sm-1\/5 wpb_column vc_column_container\"><div class=\"vc_column-inner\"><div class=\"wpb_wrapper\"><div class=\"w-image align_center\"><a target=\"_blank\" href=\"\/wp-content\/uploads\/2020\/08\/elmetal_boards_cabinets.pdf\" rel=\"noopener\" aria-label=\"Link\" class=\"w-image-h\"><img loading=\"lazy\" decoding=\"async\" width=\"200\" height=\"283\" src=\"https:\/\/elmetal.pl\/wp-content\/uploads\/2020\/08\/elmetal_boards_cabinets.png\" class=\"attachment-large size-large\" alt=\"\" \/><\/a><\/div><\/div><\/div><\/div><div class=\"vc_col-sm-1\/5 wpb_column vc_column_container\"><div class=\"vc_column-inner\"><div class=\"wpb_wrapper\"><div class=\"w-image align_center\"><a target=\"_blank\" href=\"\/wp-content\/uploads\/2020\/06\/elmetal_czech.pdf\" rel=\"noopener\" aria-label=\"Link\" class=\"w-image-h\"><img loading=\"lazy\" decoding=\"async\" width=\"200\" height=\"283\" src=\"https:\/\/elmetal.pl\/wp-content\/uploads\/2020\/06\/czech.png\" class=\"attachment-large size-large\" alt=\"\" \/><\/a><\/div><\/div><\/div><\/div><div class=\"vc_col-sm-1\/5 wpb_column vc_column_container\"><div class=\"vc_column-inner\"><div class=\"wpb_wrapper\"><div class=\"w-image align_center\"><a target=\"_blank\" href=\"\/wp-content\/uploads\/2020\/08\/elmetal_pipeline_marking_tapes.pdf\" rel=\"noopener\" aria-label=\"Link\" class=\"w-image-h\"><img loading=\"lazy\" decoding=\"async\" width=\"200\" height=\"283\" src=\"https:\/\/elmetal.pl\/wp-content\/uploads\/2020\/08\/elmetal_pipeline_marking_tapes.png\" class=\"attachment-large size-large\" alt=\"\" \/><\/a><\/div><\/div><\/div><\/div><div class=\"vc_col-sm-1\/5 wpb_column vc_column_container\"><div class=\"vc_column-inner\"><div class=\"wpb_wrapper\"><div class=\"w-image align_center\"><a target=\"_blank\" href=\"\/wp-content\/uploads\/2020\/08\/elmetal_floor_markings.pdf\" rel=\"noopener\" aria-label=\"Link\" class=\"w-image-h\"><img loading=\"lazy\" decoding=\"async\" width=\"200\" height=\"283\" src=\"https:\/\/elmetal.pl\/wp-content\/uploads\/2020\/08\/elmetal_floor_markings.png\" class=\"attachment-large size-large\" alt=\"\" \/><\/a><\/div><\/div><\/div><\/div><div class=\"vc_col-sm-1\/5 wpb_column vc_column_container\"><div class=\"vc_column-inner\"><div class=\"wpb_wrapper\"><div class=\"w-image align_center\"><a target=\"_blank\" href=\"\/wp-content\/uploads\/2020\/08\/elmetal_identification_plates.pdf\" rel=\"noopener\" aria-label=\"Link\" class=\"w-image-h\"><img loading=\"lazy\" decoding=\"async\" width=\"200\" height=\"283\" src=\"https:\/\/elmetal.pl\/wp-content\/uploads\/2020\/08\/elmetal_identification_plates.png\" class=\"attachment-large size-large\" alt=\"\" \/><\/a><\/div><\/div><\/div><\/div><\/div><\/div><\/div><\/div><\/div><\/div><\/section><section class=\"l-section wpb_row height_auto\"><div class=\"l-section-h i-cf\"><div class=\"g-cols vc_row type_default valign_top\"><div class=\"vc_col-sm-12 wpb_column vc_column_container\"><div class=\"vc_column-inner\"><div class=\"wpb_wrapper\"><div class=\"w-separator size_medium\"><\/div><\/div><\/div><\/div><\/div><\/div><\/section>\n","protected":false},"excerpt":{"rendered":"View onlineDownloadElmetal Polish catalog View onlineDownloadElmetal Polish LOTO catalog View onlineDownloadElmetal English catalog Voir en ligneT\u00e9l\u00e9chargement PDFElmetal catalogue fran\u00e7ais Latest catalogs and brochures DownloadMachines equipment marking DownloadCleaning stations 5S\u00a0 DownloadLed safety signs DownloadSafety light line projectors Catalogues &#8211; specifications &#8211; leaflets","protected":false},"author":1,"featured_media":5140,"parent":0,"menu_order":0,"comment_status":"closed","ping_status":"closed","template":"","meta":{"footnotes":""},"class_list":["post-5216","page","type-page","status-publish","has-post-thumbnail","hentry"],"yoast_head":"<!-- This site is optimized with the Yoast SEO plugin v24.2 - https:\/\/yoast.com\/wordpress\/plugins\/seo\/ -->\n<title>Catalogs - Elmetal<\/title>\n<meta name=\"robots\" content=\"index, follow, max-snippet:-1, max-image-preview:large, max-video-preview:-1\" \/>\n<link rel=\"canonical\" href=\"https:\/\/elmetal.pl\/en\/catalogs\/\" \/>\n<meta property=\"og:locale\" content=\"en_US\" \/>\n<meta property=\"og:type\" content=\"article\" \/>\n<meta property=\"og:title\" content=\"Catalogs - Elmetal\" \/>\n<meta property=\"og:url\" content=\"https:\/\/elmetal.pl\/en\/catalogs\/\" \/>\n<meta property=\"og:site_name\" content=\"Elmetal\" \/>\n<meta property=\"article:publisher\" content=\"https:\/\/www.facebook.com\/profile.php?id=100046578560646\" \/>\n<meta property=\"article:modified_time\" content=\"2026-02-10T11:51:24+00:00\" \/>\n<meta property=\"og:image\" content=\"https:\/\/elmetal.pl\/wp-content\/uploads\/2020\/07\/7z_system_elmetal_katalogi_logo.png\" \/>\n\t<meta property=\"og:image:width\" content=\"1000\" \/>\n\t<meta property=\"og:image:height\" content=\"707\" \/>\n\t<meta property=\"og:image:type\" content=\"image\/png\" \/>\n<meta name=\"twitter:card\" content=\"summary_large_image\" \/>\n<meta name=\"twitter:label1\" content=\"Est. reading time\" \/>\n\t<meta name=\"twitter:data1\" content=\"4 minutes\" \/>\n<script type=\"application\/ld+json\" class=\"yoast-schema-graph\">{\"@context\":\"https:\/\/schema.org\",\"@graph\":[{\"@type\":\"WebPage\",\"@id\":\"https:\/\/elmetal.pl\/en\/catalogs\/\",\"url\":\"https:\/\/elmetal.pl\/en\/catalogs\/\",\"name\":\"Catalogs - Elmetal\",\"isPartOf\":{\"@id\":\"https:\/\/elmetal.pl\/#website\"},\"primaryImageOfPage\":{\"@id\":\"https:\/\/elmetal.pl\/en\/catalogs\/#primaryimage\"},\"image\":{\"@id\":\"https:\/\/elmetal.pl\/en\/catalogs\/#primaryimage\"},\"thumbnailUrl\":\"https:\/\/elmetal.pl\/wp-content\/uploads\/2020\/07\/7z_system_elmetal_katalogi_logo.png\",\"datePublished\":\"2020-08-04T12:48:44+00:00\",\"dateModified\":\"2026-02-10T11:51:24+00:00\",\"breadcrumb\":{\"@id\":\"https:\/\/elmetal.pl\/en\/catalogs\/#breadcrumb\"},\"inLanguage\":\"en-US\",\"potentialAction\":[{\"@type\":\"ReadAction\",\"target\":[\"https:\/\/elmetal.pl\/en\/catalogs\/\"]}]},{\"@type\":\"ImageObject\",\"inLanguage\":\"en-US\",\"@id\":\"https:\/\/elmetal.pl\/en\/catalogs\/#primaryimage\",\"url\":\"https:\/\/elmetal.pl\/wp-content\/uploads\/2020\/07\/7z_system_elmetal_katalogi_logo.png\",\"contentUrl\":\"https:\/\/elmetal.pl\/wp-content\/uploads\/2020\/07\/7z_system_elmetal_katalogi_logo.png\",\"width\":1000,\"height\":707,\"caption\":\"Elmetal katalogi\"},{\"@type\":\"BreadcrumbList\",\"@id\":\"https:\/\/elmetal.pl\/en\/catalogs\/#breadcrumb\",\"itemListElement\":[{\"@type\":\"ListItem\",\"position\":1,\"name\":\"Strona g\u0142\u00f3wna\",\"item\":\"https:\/\/elmetal.pl\/en\/\"},{\"@type\":\"ListItem\",\"position\":2,\"name\":\"Catalogs\"}]},{\"@type\":\"WebSite\",\"@id\":\"https:\/\/elmetal.pl\/#website\",\"url\":\"https:\/\/elmetal.pl\/\",\"name\":\"Elmetal\",\"description\":\"Elmetal - oznakuj i zabezpiecz - oznakowanie instalacji przemys\u0142owych\",\"publisher\":{\"@id\":\"https:\/\/elmetal.pl\/#organization\"},\"potentialAction\":[{\"@type\":\"SearchAction\",\"target\":{\"@type\":\"EntryPoint\",\"urlTemplate\":\"https:\/\/elmetal.pl\/?s={search_term_string}\"},\"query-input\":{\"@type\":\"PropertyValueSpecification\",\"valueRequired\":true,\"valueName\":\"search_term_string\"}}],\"inLanguage\":\"en-US\"},{\"@type\":\"Organization\",\"@id\":\"https:\/\/elmetal.pl\/#organization\",\"name\":\"Elmetal\",\"url\":\"https:\/\/elmetal.pl\/\",\"logo\":{\"@type\":\"ImageObject\",\"inLanguage\":\"en-US\",\"@id\":\"https:\/\/elmetal.pl\/#\/schema\/logo\/image\/\",\"url\":\"https:\/\/elmetal.pl\/wp-content\/uploads\/2022\/09\/Elmetal-logo-oznakuj-zabezpiecz.png\",\"contentUrl\":\"https:\/\/elmetal.pl\/wp-content\/uploads\/2022\/09\/Elmetal-logo-oznakuj-zabezpiecz.png\",\"width\":842,\"height\":273,\"caption\":\"Elmetal\"},\"image\":{\"@id\":\"https:\/\/elmetal.pl\/#\/schema\/logo\/image\/\"},\"sameAs\":[\"https:\/\/www.facebook.com\/profile.php?id=100046578560646\",\"https:\/\/www.linkedin.com\/company\/3066617\/\"]}]}<\/script>\n<!-- \/ Yoast SEO plugin. -->","yoast_head_json":{"title":"Catalogs - Elmetal","robots":{"index":"index","follow":"follow","max-snippet":"max-snippet:-1","max-image-preview":"max-image-preview:large","max-video-preview":"max-video-preview:-1"},"canonical":"https:\/\/elmetal.pl\/en\/catalogs\/","og_locale":"en_US","og_type":"article","og_title":"Catalogs - Elmetal","og_url":"https:\/\/elmetal.pl\/en\/catalogs\/","og_site_name":"Elmetal","article_publisher":"https:\/\/www.facebook.com\/profile.php?id=100046578560646","article_modified_time":"2026-02-10T11:51:24+00:00","og_image":[{"width":1000,"height":707,"url":"https:\/\/elmetal.pl\/wp-content\/uploads\/2020\/07\/7z_system_elmetal_katalogi_logo.png","type":"image\/png"}],"twitter_card":"summary_large_image","twitter_misc":{"Est. reading time":"4 minutes"},"schema":{"@context":"https:\/\/schema.org","@graph":[{"@type":"WebPage","@id":"https:\/\/elmetal.pl\/en\/catalogs\/","url":"https:\/\/elmetal.pl\/en\/catalogs\/","name":"Catalogs - Elmetal","isPartOf":{"@id":"https:\/\/elmetal.pl\/#website"},"primaryImageOfPage":{"@id":"https:\/\/elmetal.pl\/en\/catalogs\/#primaryimage"},"image":{"@id":"https:\/\/elmetal.pl\/en\/catalogs\/#primaryimage"},"thumbnailUrl":"https:\/\/elmetal.pl\/wp-content\/uploads\/2020\/07\/7z_system_elmetal_katalogi_logo.png","datePublished":"2020-08-04T12:48:44+00:00","dateModified":"2026-02-10T11:51:24+00:00","breadcrumb":{"@id":"https:\/\/elmetal.pl\/en\/catalogs\/#breadcrumb"},"inLanguage":"en-US","potentialAction":[{"@type":"ReadAction","target":["https:\/\/elmetal.pl\/en\/catalogs\/"]}]},{"@type":"ImageObject","inLanguage":"en-US","@id":"https:\/\/elmetal.pl\/en\/catalogs\/#primaryimage","url":"https:\/\/elmetal.pl\/wp-content\/uploads\/2020\/07\/7z_system_elmetal_katalogi_logo.png","contentUrl":"https:\/\/elmetal.pl\/wp-content\/uploads\/2020\/07\/7z_system_elmetal_katalogi_logo.png","width":1000,"height":707,"caption":"Elmetal katalogi"},{"@type":"BreadcrumbList","@id":"https:\/\/elmetal.pl\/en\/catalogs\/#breadcrumb","itemListElement":[{"@type":"ListItem","position":1,"name":"Strona g\u0142\u00f3wna","item":"https:\/\/elmetal.pl\/en\/"},{"@type":"ListItem","position":2,"name":"Catalogs"}]},{"@type":"WebSite","@id":"https:\/\/elmetal.pl\/#website","url":"https:\/\/elmetal.pl\/","name":"Elmetal","description":"Elmetal - oznakuj i zabezpiecz - oznakowanie instalacji przemys\u0142owych","publisher":{"@id":"https:\/\/elmetal.pl\/#organization"},"potentialAction":[{"@type":"SearchAction","target":{"@type":"EntryPoint","urlTemplate":"https:\/\/elmetal.pl\/?s={search_term_string}"},"query-input":{"@type":"PropertyValueSpecification","valueRequired":true,"valueName":"search_term_string"}}],"inLanguage":"en-US"},{"@type":"Organization","@id":"https:\/\/elmetal.pl\/#organization","name":"Elmetal","url":"https:\/\/elmetal.pl\/","logo":{"@type":"ImageObject","inLanguage":"en-US","@id":"https:\/\/elmetal.pl\/#\/schema\/logo\/image\/","url":"https:\/\/elmetal.pl\/wp-content\/uploads\/2022\/09\/Elmetal-logo-oznakuj-zabezpiecz.png","contentUrl":"https:\/\/elmetal.pl\/wp-content\/uploads\/2022\/09\/Elmetal-logo-oznakuj-zabezpiecz.png","width":842,"height":273,"caption":"Elmetal"},"image":{"@id":"https:\/\/elmetal.pl\/#\/schema\/logo\/image\/"},"sameAs":["https:\/\/www.facebook.com\/profile.php?id=100046578560646","https:\/\/www.linkedin.com\/company\/3066617\/"]}]}},"_links":{"self":[{"href":"https:\/\/elmetal.pl\/en\/wp-json\/wp\/v2\/pages\/5216"}],"collection":[{"href":"https:\/\/elmetal.pl\/en\/wp-json\/wp\/v2\/pages"}],"about":[{"href":"https:\/\/elmetal.pl\/en\/wp-json\/wp\/v2\/types\/page"}],"author":[{"embeddable":true,"href":"https:\/\/elmetal.pl\/en\/wp-json\/wp\/v2\/users\/1"}],"replies":[{"embeddable":true,"href":"https:\/\/elmetal.pl\/en\/wp-json\/wp\/v2\/comments?post=5216"}],"version-history":[{"count":10,"href":"https:\/\/elmetal.pl\/en\/wp-json\/wp\/v2\/pages\/5216\/revisions"}],"predecessor-version":[{"id":8338,"href":"https:\/\/elmetal.pl\/en\/wp-json\/wp\/v2\/pages\/5216\/revisions\/8338"}],"wp:featuredmedia":[{"embeddable":true,"href":"https:\/\/elmetal.pl\/en\/wp-json\/wp\/v2\/media\/5140"}],"wp:attachment":[{"href":"https:\/\/elmetal.pl\/en\/wp-json\/wp\/v2\/media?parent=5216"}],"curies":[{"name":"wp","href":"https:\/\/api.w.org\/{rel}","templated":true}]}}