{"id":5250,"date":"2020-08-04T13:05:45","date_gmt":"2020-08-04T13:05:45","guid":{"rendered":"https:\/\/elmetal.pl\/kontakt\/"},"modified":"2023-06-27T10:43:45","modified_gmt":"2023-06-27T10:43:45","slug":"contact","status":"publish","type":"page","link":"https:\/\/elmetal.pl\/en\/contact\/","title":{"rendered":"Contact"},"content":{"rendered":"<section class=\"l-section wpb_row height_auto\"><div class=\"l-section-h i-cf\"><div class=\"g-cols vc_row type_default valign_top gap-10px\"><style>.g-cols.gap-10px{margin:0 calc(-1.5rem - 10px)}.gap-10px > .vc_column_container {padding:10px}<\/style><div class=\"vc_col-sm-4 wpb_column vc_column_container\"><div class=\"vc_column-inner\"><div class=\"wpb_wrapper\"><div class=\"wpb_text_column\" ><div class=\"wpb_wrapper\"><h3>Head office<\/h3>\n<\/div><\/div><div class=\"w-separator size_small\"><\/div><div class=\"w-iconbox iconpos_left style_circle color_primary align_left no_text\"><div class=\"w-iconbox-icon\" style=\"font-size:22px;\"><i class=\"far fa-map-marker-alt\"><\/i><\/div><div class=\"w-iconbox-meta\"><div class=\"w-iconbox-title\">Elmetal sp\u00f3\u0142ka z o.o. sp\u00f3\u0142ka komandytowa, ul. Agatowa 9a, 82-310 Gronowo G\u00f3rne, Poland<\/div><\/div><\/div><div class=\"w-separator size_small\"><\/div><div class=\"w-iconbox iconpos_left style_circle color_primary align_left no_text\"><a href=\"tel:+48606410252\" class=\"w-iconbox-link\" aria-label=\"+48 606 410 252\"><div class=\"w-iconbox-icon\" style=\"font-size:22px;\"><i class=\"far fa-phone-alt\"><\/i><\/div><\/a><div class=\"w-iconbox-meta\"><a href=\"tel:+48606410252\" class=\"w-iconbox-link\" aria-label=\"+48 606 410 252\"><div class=\"w-iconbox-title\">+48 606 410 252<\/div><\/a><\/div><\/div><div class=\"w-separator size_small\"><\/div><div class=\"w-iconbox iconpos_left style_circle color_primary align_left no_text\"><div class=\"w-iconbox-icon\" style=\"font-size:22px;\"><i class=\"far fa-fax\"><\/i><\/div><div class=\"w-iconbox-meta\"><div class=\"w-iconbox-title\">(+48) 55 235 01 85<\/div><\/div><\/div><div class=\"w-separator size_small\"><\/div><div class=\"w-iconbox iconpos_left style_circle color_primary align_left no_text\"><a href=\"mailto:export@elmetal.pl\" class=\"w-iconbox-link\" aria-label=\"export@elmetal.pl\"><div class=\"w-iconbox-icon\" style=\"font-size:22px;\"><i class=\"far fa-envelope\"><\/i><\/div><\/a><div class=\"w-iconbox-meta\"><a href=\"mailto:export@elmetal.pl\" class=\"w-iconbox-link\" aria-label=\"export@elmetal.pl\"><div class=\"w-iconbox-title\">export@elmetal.pl<\/div><\/a><\/div><\/div><\/div><\/div><\/div><div class=\"vc_col-sm-8 wpb_column vc_column_container\"><div class=\"vc_column-inner\"><div class=\"wpb_wrapper\"><div class=\"wpb_text_column\" ><div class=\"wpb_wrapper\"><h3>Contact form<\/h3>\n<\/div><\/div><div class=\"w-separator size_small\"><\/div><div class=\"w-form  layout_ver for_cform us_form_1\">\r\n\t<form class=\"w-form-h\" autocomplete=\"off\" action=\"https:\/\/elmetal.pl\/en\/wp-json\/wp\/v2\/pages\/5250\" method=\"post\">\r\n\t\t<div class=\"w-form-row for_text required cols_2\">\r\n\t\t<div class=\"w-form-row-field\">\r\n\t\t\t\t\t\t<input aria-label=\"Name \/ Company name\" type=\"text\" name=\"us_form_1_text_1\" value placeholder=\"Name \/ Company name *\" data-required=\"true\" aria-required=\"true\"\/>\r\n\t\t\t<\/div>\r\n\t\t<div class=\"w-form-row-state\">Fill out this field<\/div>\r\n<\/div>\r\n<div class=\"w-form-row for_text required cols_2\">\r\n\t\t<div class=\"w-form-row-field\">\r\n\t\t\t\t\t\t<input aria-label=\"City\" type=\"text\" name=\"us_form_1_text_2\" value placeholder=\"City *\" data-required=\"true\" aria-required=\"true\"\/>\r\n\t\t\t<\/div>\r\n\t\t<div class=\"w-form-row-state\">Fill out this field<\/div>\r\n<\/div>\r\n<div class=\"w-form-row for_email required cols_2\">\r\n\t\t<div class=\"w-form-row-field\">\r\n\t\t\t\t\t\t<input aria-label=\"Email\" type=\"email\" name=\"us_form_1_email_1\" value placeholder=\"Email *\" data-required=\"true\" aria-required=\"true\"\/>\r\n\t\t\t<\/div>\r\n\t\t<div class=\"w-form-row-state\">Please enter a valid email address.<\/div>\r\n<\/div>\r\n<div class=\"w-form-row for_text required cols_2\">\r\n\t\t<div class=\"w-form-row-field\">\r\n\t\t\t\t\t\t<input aria-label=\"Phone\" type=\"text\" name=\"us_form_1_text_3\" value placeholder=\"Phone *\" data-required=\"true\" aria-required=\"true\"\/>\r\n\t\t\t<\/div>\r\n\t\t<div class=\"w-form-row-state\">Fill out this field<\/div>\r\n<\/div>\r\n<div class=\"w-form-row for_textarea required\">\r\n\t\t<div class=\"w-form-row-field\">\r\n\t\t\t\t\t\t<textarea aria-label=\"Message\" name=\"us_form_1_textarea_1\" placeholder=\"Message *\" data-required=\"true\" aria-required=\"true\"><\/textarea>\r\n\t\t\t<\/div>\r\n\t\t<div class=\"w-form-row-state\">Fill out this field<\/div>\r\n<\/div>\r\n<input type=\"hidden\" name=\"action\" value=\"us_ajax_cform\" \/><input type=\"hidden\" name=\"post_id\" value \/><input type=\"hidden\" name=\"form_index\" value=\"1\" \/><div class=\"w-form-row for_submit align_left\">\r\n\t<div class=\"w-form-row-field\">\r\n\t\t\t\t<button class=\"w-btn  us-btn-style_1\" aria-label=\"Send\" type=\"submit\">\r\n\t\t\t<span class=\"g-preloader type_1\"><\/span>\r\n\t\t\t\t\t\t<span class=\"w-btn-label\">Send<\/span>\r\n\t\t\t\t\t<\/button>\r\n\t<\/div>\r\n<\/div>\t<\/form>\r\n\t<div class=\"w-form-message\"><\/div>\r\n\t<div class=\"w-form-json hidden\" onclick='return {&quot;ajaxurl&quot;:&quot;https:\\\/\\\/elmetal.pl\\\/wp-admin\\\/admin-ajax.php&quot;}'><\/div>\r\n<\/div><div class=\"w-separator size_small\"><\/div><div class=\"wpb_text_column\" ><div class=\"wpb_wrapper\"><p style=\"text-align: justify;\"><span style=\"font-size: 8pt;\">We would like to inform you that the Data Controller is Elmetal Ltd. limited partnership , ul. Agatowa 9a, 82-310 Gronowo G\u00f3rne, Poland. The data will be processed exclusively in connection with the processing of a request for quotation. The data will not be shared with other entities. You have the right to access, correct and delete your data by contacting: ado@elmetal.pl.<\/span><\/p>\n<\/div><\/div><div class=\"w-separator size_small\"><\/div><\/div><\/div><\/div><\/div><\/div><\/section><section class=\"l-section wpb_row height_auto\"><div class=\"l-section-h i-cf\"><div class=\"g-cols vc_row type_default valign_top\"><div class=\"vc_col-sm-12 wpb_column vc_column_container\"><div class=\"vc_column-inner\"><div class=\"wpb_wrapper\"><div class=\"w-separator size_small with_line width_default thick_1 style_dashed color_border align_center\"><div class=\"w-separator-h\"><\/div><\/div><div class=\"wpb_text_column\" ><div class=\"wpb_wrapper\"><h3>We have business partners and distributors in: <span class='tooltipsall tooltipsincontent classtoolTips0'>Ireland<\/span>, Germany, Czech, United Kingdom, France and United Arab Emirates.<\/h3>\n<h3>Contact Elmetal. Please call, write an email or use the contact form below.<\/h3>\n<\/div><\/div><div class=\"g-cols wpb_row  type_default valign_top vc_inner\"><div class=\"vc_col-sm-4 wpb_column vc_column_container has-fill\"><div class=\"vc_column-inner us_custom_9c2d8594\"><div class=\"wpb_wrapper\"><div class=\"wpb_text_column\" ><div class=\"wpb_wrapper\"><p><strong>Marketing and Trade Director<\/strong><\/p>\n<p>Marcin Mianowski<\/p>\n<p><a href=\"mailto:mianowski@elmetal.pl\">mianowski@elmetal.pl<\/a><br \/>\nmobile: +48 602 687 761<\/p>\n<\/div><\/div><\/div><\/div><\/div><div class=\"vc_col-sm-4 wpb_column vc_column_container has-fill\"><div class=\"vc_column-inner us_custom_9c2d8594\"><div class=\"wpb_wrapper\"><div class=\"wpb_text_column\" ><div class=\"wpb_wrapper\"><p><strong>Managing Director<\/strong><\/p>\n<p>Paulina Bogus\u0142awska<\/p>\n<p><a href=\"mailto:handlowy@elmetal.pl\">handlowy@elmetal.pl<\/a><br \/>\nmobile: +48 789 230 795<\/p>\n<\/div><\/div><\/div><\/div><\/div><div class=\"vc_col-sm-4 wpb_column vc_column_container has-fill\"><div class=\"vc_column-inner us_custom_9c2d8594\"><div class=\"wpb_wrapper\"><div class=\"wpb_text_column\" ><div class=\"wpb_wrapper\"><p><strong>Technical Sales Coordinator<\/strong><\/p>\n<p>Aleksandra Rac\u0142awska<\/p>\n<p><a href=\"mailto:export@elmetal.pl\">export@elmetal.pl<\/a><br \/>\nmobile: <a href=\"tel:+48606410252\">+48 606 410 252<\/a><\/p>\n<\/div><\/div><\/div><\/div><\/div><\/div><div class=\"w-separator size_medium\"><\/div><\/div><\/div><\/div><\/div><\/div><\/section>\n<script type=\"text\/javascript\"> toolTips('.classtoolTips0','<span style=\"font-size: 11pt;\"><strong><br\/>Phone: <a class=\"kontakt\" href=\"tel:003530972281463\">00353 097 228 14 63<\/a><\/strong><\/span><br\/><span style=\"font-size: 11pt;\"><br\/><strong>E-mail: <a class=\"kontakt\" href=\"mailto:elmetalsalesrep@gmail.com\">elmetalsalesrep@gmail.com<\/a><\/strong><br\/><\/span>'); <\/script>","protected":false},"excerpt":{"rendered":"Head office Elmetal sp\u00f3\u0142ka z o.o. sp\u00f3\u0142ka komandytowa, ul. Agatowa 9a, 82-310 Gronowo G\u00f3rne, Poland+48 606 410 252(+48) 55 235 01 85export@elmetal.plContact form Fill out this field Fill out this field Please enter a valid email address. Fill out this field Fill out this field Send We would like to inform you that the Data...","protected":false},"author":1,"featured_media":5149,"parent":0,"menu_order":0,"comment_status":"closed","ping_status":"closed","template":"","meta":{"footnotes":""},"class_list":["post-5250","page","type-page","status-publish","has-post-thumbnail","hentry"],"yoast_head":"<!-- This site is optimized with the Yoast SEO plugin v24.2 - https:\/\/yoast.com\/wordpress\/plugins\/seo\/ -->\n<title>Contact - Elmetal<\/title>\n<meta name=\"robots\" content=\"index, follow, max-snippet:-1, max-image-preview:large, max-video-preview:-1\" \/>\n<link rel=\"canonical\" href=\"https:\/\/elmetal.pl\/en\/contact\/\" \/>\n<meta property=\"og:locale\" content=\"en_US\" \/>\n<meta property=\"og:type\" content=\"article\" \/>\n<meta property=\"og:title\" content=\"Contact - Elmetal\" \/>\n<meta property=\"og:url\" content=\"https:\/\/elmetal.pl\/en\/contact\/\" \/>\n<meta property=\"og:site_name\" content=\"Elmetal\" \/>\n<meta property=\"article:publisher\" content=\"https:\/\/www.facebook.com\/profile.php?id=100046578560646\" \/>\n<meta property=\"article:modified_time\" content=\"2023-06-27T10:43:45+00:00\" \/>\n<meta property=\"og:image\" content=\"https:\/\/elmetal.pl\/wp-content\/uploads\/2020\/07\/7z_system_elmetal_kontakt_logo.png\" \/>\n\t<meta property=\"og:image:width\" content=\"1000\" \/>\n\t<meta property=\"og:image:height\" content=\"707\" \/>\n\t<meta property=\"og:image:type\" content=\"image\/png\" \/>\n<meta name=\"twitter:card\" content=\"summary_large_image\" \/>\n<meta name=\"twitter:label1\" content=\"Est. reading time\" \/>\n\t<meta name=\"twitter:data1\" content=\"2 minutes\" \/>\n<script type=\"application\/ld+json\" class=\"yoast-schema-graph\">{\"@context\":\"https:\/\/schema.org\",\"@graph\":[{\"@type\":\"WebPage\",\"@id\":\"https:\/\/elmetal.pl\/en\/contact\/\",\"url\":\"https:\/\/elmetal.pl\/en\/contact\/\",\"name\":\"Contact - Elmetal\",\"isPartOf\":{\"@id\":\"https:\/\/elmetal.pl\/#website\"},\"primaryImageOfPage\":{\"@id\":\"https:\/\/elmetal.pl\/en\/contact\/#primaryimage\"},\"image\":{\"@id\":\"https:\/\/elmetal.pl\/en\/contact\/#primaryimage\"},\"thumbnailUrl\":\"https:\/\/elmetal.pl\/wp-content\/uploads\/2020\/07\/7z_system_elmetal_kontakt_logo.png\",\"datePublished\":\"2020-08-04T13:05:45+00:00\",\"dateModified\":\"2023-06-27T10:43:45+00:00\",\"breadcrumb\":{\"@id\":\"https:\/\/elmetal.pl\/en\/contact\/#breadcrumb\"},\"inLanguage\":\"en-US\",\"potentialAction\":[{\"@type\":\"ReadAction\",\"target\":[\"https:\/\/elmetal.pl\/en\/contact\/\"]}]},{\"@type\":\"ImageObject\",\"inLanguage\":\"en-US\",\"@id\":\"https:\/\/elmetal.pl\/en\/contact\/#primaryimage\",\"url\":\"https:\/\/elmetal.pl\/wp-content\/uploads\/2020\/07\/7z_system_elmetal_kontakt_logo.png\",\"contentUrl\":\"https:\/\/elmetal.pl\/wp-content\/uploads\/2020\/07\/7z_system_elmetal_kontakt_logo.png\",\"width\":1000,\"height\":707},{\"@type\":\"BreadcrumbList\",\"@id\":\"https:\/\/elmetal.pl\/en\/contact\/#breadcrumb\",\"itemListElement\":[{\"@type\":\"ListItem\",\"position\":1,\"name\":\"Strona g\u0142\u00f3wna\",\"item\":\"https:\/\/elmetal.pl\/en\/\"},{\"@type\":\"ListItem\",\"position\":2,\"name\":\"Contact\"}]},{\"@type\":\"WebSite\",\"@id\":\"https:\/\/elmetal.pl\/#website\",\"url\":\"https:\/\/elmetal.pl\/\",\"name\":\"Elmetal\",\"description\":\"Elmetal - oznakuj i zabezpiecz - oznakowanie instalacji przemys\u0142owych\",\"publisher\":{\"@id\":\"https:\/\/elmetal.pl\/#organization\"},\"potentialAction\":[{\"@type\":\"SearchAction\",\"target\":{\"@type\":\"EntryPoint\",\"urlTemplate\":\"https:\/\/elmetal.pl\/?s={search_term_string}\"},\"query-input\":{\"@type\":\"PropertyValueSpecification\",\"valueRequired\":true,\"valueName\":\"search_term_string\"}}],\"inLanguage\":\"en-US\"},{\"@type\":\"Organization\",\"@id\":\"https:\/\/elmetal.pl\/#organization\",\"name\":\"Elmetal\",\"url\":\"https:\/\/elmetal.pl\/\",\"logo\":{\"@type\":\"ImageObject\",\"inLanguage\":\"en-US\",\"@id\":\"https:\/\/elmetal.pl\/#\/schema\/logo\/image\/\",\"url\":\"https:\/\/elmetal.pl\/wp-content\/uploads\/2022\/09\/Elmetal-logo-oznakuj-zabezpiecz.png\",\"contentUrl\":\"https:\/\/elmetal.pl\/wp-content\/uploads\/2022\/09\/Elmetal-logo-oznakuj-zabezpiecz.png\",\"width\":842,\"height\":273,\"caption\":\"Elmetal\"},\"image\":{\"@id\":\"https:\/\/elmetal.pl\/#\/schema\/logo\/image\/\"},\"sameAs\":[\"https:\/\/www.facebook.com\/profile.php?id=100046578560646\",\"https:\/\/www.linkedin.com\/company\/3066617\/\"]}]}<\/script>\n<!-- \/ Yoast SEO plugin. -->","yoast_head_json":{"title":"Contact - Elmetal","robots":{"index":"index","follow":"follow","max-snippet":"max-snippet:-1","max-image-preview":"max-image-preview:large","max-video-preview":"max-video-preview:-1"},"canonical":"https:\/\/elmetal.pl\/en\/contact\/","og_locale":"en_US","og_type":"article","og_title":"Contact - Elmetal","og_url":"https:\/\/elmetal.pl\/en\/contact\/","og_site_name":"Elmetal","article_publisher":"https:\/\/www.facebook.com\/profile.php?id=100046578560646","article_modified_time":"2023-06-27T10:43:45+00:00","og_image":[{"width":1000,"height":707,"url":"https:\/\/elmetal.pl\/wp-content\/uploads\/2020\/07\/7z_system_elmetal_kontakt_logo.png","type":"image\/png"}],"twitter_card":"summary_large_image","twitter_misc":{"Est. reading time":"2 minutes"},"schema":{"@context":"https:\/\/schema.org","@graph":[{"@type":"WebPage","@id":"https:\/\/elmetal.pl\/en\/contact\/","url":"https:\/\/elmetal.pl\/en\/contact\/","name":"Contact - Elmetal","isPartOf":{"@id":"https:\/\/elmetal.pl\/#website"},"primaryImageOfPage":{"@id":"https:\/\/elmetal.pl\/en\/contact\/#primaryimage"},"image":{"@id":"https:\/\/elmetal.pl\/en\/contact\/#primaryimage"},"thumbnailUrl":"https:\/\/elmetal.pl\/wp-content\/uploads\/2020\/07\/7z_system_elmetal_kontakt_logo.png","datePublished":"2020-08-04T13:05:45+00:00","dateModified":"2023-06-27T10:43:45+00:00","breadcrumb":{"@id":"https:\/\/elmetal.pl\/en\/contact\/#breadcrumb"},"inLanguage":"en-US","potentialAction":[{"@type":"ReadAction","target":["https:\/\/elmetal.pl\/en\/contact\/"]}]},{"@type":"ImageObject","inLanguage":"en-US","@id":"https:\/\/elmetal.pl\/en\/contact\/#primaryimage","url":"https:\/\/elmetal.pl\/wp-content\/uploads\/2020\/07\/7z_system_elmetal_kontakt_logo.png","contentUrl":"https:\/\/elmetal.pl\/wp-content\/uploads\/2020\/07\/7z_system_elmetal_kontakt_logo.png","width":1000,"height":707},{"@type":"BreadcrumbList","@id":"https:\/\/elmetal.pl\/en\/contact\/#breadcrumb","itemListElement":[{"@type":"ListItem","position":1,"name":"Strona g\u0142\u00f3wna","item":"https:\/\/elmetal.pl\/en\/"},{"@type":"ListItem","position":2,"name":"Contact"}]},{"@type":"WebSite","@id":"https:\/\/elmetal.pl\/#website","url":"https:\/\/elmetal.pl\/","name":"Elmetal","description":"Elmetal - oznakuj i zabezpiecz - oznakowanie instalacji przemys\u0142owych","publisher":{"@id":"https:\/\/elmetal.pl\/#organization"},"potentialAction":[{"@type":"SearchAction","target":{"@type":"EntryPoint","urlTemplate":"https:\/\/elmetal.pl\/?s={search_term_string}"},"query-input":{"@type":"PropertyValueSpecification","valueRequired":true,"valueName":"search_term_string"}}],"inLanguage":"en-US"},{"@type":"Organization","@id":"https:\/\/elmetal.pl\/#organization","name":"Elmetal","url":"https:\/\/elmetal.pl\/","logo":{"@type":"ImageObject","inLanguage":"en-US","@id":"https:\/\/elmetal.pl\/#\/schema\/logo\/image\/","url":"https:\/\/elmetal.pl\/wp-content\/uploads\/2022\/09\/Elmetal-logo-oznakuj-zabezpiecz.png","contentUrl":"https:\/\/elmetal.pl\/wp-content\/uploads\/2022\/09\/Elmetal-logo-oznakuj-zabezpiecz.png","width":842,"height":273,"caption":"Elmetal"},"image":{"@id":"https:\/\/elmetal.pl\/#\/schema\/logo\/image\/"},"sameAs":["https:\/\/www.facebook.com\/profile.php?id=100046578560646","https:\/\/www.linkedin.com\/company\/3066617\/"]}]}},"_links":{"self":[{"href":"https:\/\/elmetal.pl\/en\/wp-json\/wp\/v2\/pages\/5250"}],"collection":[{"href":"https:\/\/elmetal.pl\/en\/wp-json\/wp\/v2\/pages"}],"about":[{"href":"https:\/\/elmetal.pl\/en\/wp-json\/wp\/v2\/types\/page"}],"author":[{"embeddable":true,"href":"https:\/\/elmetal.pl\/en\/wp-json\/wp\/v2\/users\/1"}],"replies":[{"embeddable":true,"href":"https:\/\/elmetal.pl\/en\/wp-json\/wp\/v2\/comments?post=5250"}],"version-history":[{"count":17,"href":"https:\/\/elmetal.pl\/en\/wp-json\/wp\/v2\/pages\/5250\/revisions"}],"predecessor-version":[{"id":7796,"href":"https:\/\/elmetal.pl\/en\/wp-json\/wp\/v2\/pages\/5250\/revisions\/7796"}],"wp:featuredmedia":[{"embeddable":true,"href":"https:\/\/elmetal.pl\/en\/wp-json\/wp\/v2\/media\/5149"}],"wp:attachment":[{"href":"https:\/\/elmetal.pl\/en\/wp-json\/wp\/v2\/media?parent=5250"}],"curies":[{"name":"wp","href":"https:\/\/api.w.org\/{rel}","templated":true}]}}