{"id":5409,"date":"2020-08-11T08:48:17","date_gmt":"2020-08-11T08:48:17","guid":{"rendered":"https:\/\/elmetal.pl\/5z-znakowanie-bhp\/"},"modified":"2025-11-28T07:53:08","modified_gmt":"2025-11-28T07:53:08","slug":"5z-projected-safety-markings","status":"publish","type":"page","link":"https:\/\/elmetal.pl\/en\/5z-projected-safety-markings\/","title":{"rendered":"5Z Projected safety markings"},"content":{"rendered":"<section class=\"l-section wpb_row height_auto\"><div class=\"l-section-h i-cf\"><div class=\"g-cols vc_row type_default valign_top\"><div class=\"vc_col-sm-12 wpb_column vc_column_container\"><div class=\"vc_column-inner\"><div class=\"wpb_wrapper\"><div class=\"w-grid type_carousel layout_1098\" id=\"us_grid_1\" data-grid-filter=\"false\"><style id=\"us_grid_1_css\">#us_grid_1 .owl-nav div{font-size:1.8rem}#us_grid_1 .w-grid-item{padding:1.5rem}#us_grid_1 .w-grid-list{margin:-1.5rem}.w-grid + #us_grid_1 .w-grid-list{margin-top:1.5rem}<\/style><style>.layout_1098 .w-grid-item-h{background:#efefef;color:#333;box-shadow:0 0.00rem 0.00rem rgba(0,0,0,0.1),0 0.00rem 0.00rem rgba(0,0,0,0.1);transition-duration:0.3s}.no-touch .layout_1098 .w-grid-item-h:hover{box-shadow:0 0.15rem 0.30rem rgba(0,0,0,0.1),0 0.50rem 1.50rem rgba(0,0,0,0.15);z-index:4}.layout_1098 .usg_post_image_1{position:static!important}.layout_1098 .usg_vwrapper_1{position:static!important;padding:1.5rem 2.5rem 2.5rem 2.5rem!important}.layout_1098 .usg_post_title_1{font-size:1.2rem!important}<\/style><div class=\"w-grid-list owl-carousel navstyle_circle navpos_inside with_dots\" ><article class=\"w-grid-item post-8209 us_portfolio type-us_portfolio status-publish has-post-thumbnail hentry us_portfolio_category-5z-projected-safety-markings us_portfolio_category-led-floor-character-projectors us_portfolio_tag-5z-znakowanie-projekcyjne-en\" data-id=\"8209\">\r\n\t<div class=\"w-grid-item-h\">\r\n\t\t\t\t<div class=\"w-post-elm post_image usg_post_image_1 stretched\"><a href=\"https:\/\/elmetal.pl\/en\/produkt\/led-floor-sign-projectors\/\" aria-label=\"LED floor sign projectors\"><img loading=\"lazy\" decoding=\"async\" width=\"900\" height=\"600\" src=\"https:\/\/elmetal.pl\/wp-content\/uploads\/2020\/06\/elmled_projektor-led1.jpg\" class=\"attachment-large size-large wp-post-image\" alt=\"Projektory LED znak\u00f3w pod\u0142ogowych\" srcset=\"https:\/\/elmetal.pl\/wp-content\/uploads\/2020\/06\/elmled_projektor-led1.jpg 900w, https:\/\/elmetal.pl\/wp-content\/uploads\/2020\/06\/elmled_projektor-led1-300x200.jpg 300w\" sizes=\"(max-width: 900px) 100vw, 900px\" \/><\/a><\/div><div class=\"w-vwrapper usg_vwrapper_1 align_center valign_top\"><h2 class=\"w-post-elm post_title usg_post_title_1 entry-title color_link_inherit\"><a href=\"https:\/\/elmetal.pl\/en\/produkt\/led-floor-sign-projectors\/\">LED floor sign projectors<\/a><\/h2><\/div>\t<\/div>\r\n<\/article>\r\n<article class=\"w-grid-item post-8217 us_portfolio type-us_portfolio status-publish has-post-thumbnail hentry us_portfolio_category-5z-projected-safety-markings us_portfolio_tag-5z-znakowanie-projekcyjne-en\" data-id=\"8217\">\r\n\t<div class=\"w-grid-item-h\">\r\n\t\t\t\t<div class=\"w-post-elm post_image usg_post_image_1 stretched\"><a href=\"https:\/\/elmetal.pl\/en\/produkt\/led-and-laser-line-projectors-signage-in-halls-and-warehouses\/\" aria-label=\"LED and laser line projectors &#8211; signage in halls and warehouses\"><img loading=\"lazy\" decoding=\"async\" width=\"900\" height=\"600\" src=\"https:\/\/elmetal.pl\/wp-content\/uploads\/2025\/06\/projektor-led-linie-magazyn.jpg\" class=\"attachment-large size-large wp-post-image\" alt=\"Projektor linii LED i linii laserowych\" srcset=\"https:\/\/elmetal.pl\/wp-content\/uploads\/2025\/06\/projektor-led-linie-magazyn.jpg 900w, https:\/\/elmetal.pl\/wp-content\/uploads\/2025\/06\/projektor-led-linie-magazyn-300x200.jpg 300w, https:\/\/elmetal.pl\/wp-content\/uploads\/2025\/06\/projektor-led-linie-magazyn-600x400.jpg 600w\" sizes=\"(max-width: 900px) 100vw, 900px\" \/><\/a><\/div><div class=\"w-vwrapper usg_vwrapper_1 align_center valign_top\"><h2 class=\"w-post-elm post_title usg_post_title_1 entry-title color_link_inherit\"><a href=\"https:\/\/elmetal.pl\/en\/produkt\/led-and-laser-line-projectors-signage-in-halls-and-warehouses\/\">LED and laser line projectors &#8211; signage in halls and warehouses<\/a><\/h2><\/div>\t<\/div>\r\n<\/article>\r\n<article class=\"w-grid-item post-8223 us_portfolio type-us_portfolio status-publish has-post-thumbnail hentry us_portfolio_category-5z-projected-safety-markings us_portfolio_category-led-floor-character-projectors us_portfolio_tag-5z-znakowanie-projekcyjne-en\" data-id=\"8223\">\r\n\t<div class=\"w-grid-item-h\">\r\n\t\t\t\t<div class=\"w-post-elm post_image usg_post_image_1 stretched\"><a href=\"https:\/\/elmetal.pl\/en\/produkt\/security-systems-for-warehouses-and-industry\/\" aria-label=\"Security systems for warehouses and industry\"><img loading=\"lazy\" decoding=\"async\" width=\"900\" height=\"600\" src=\"https:\/\/elmetal.pl\/wp-content\/uploads\/2024\/08\/elmled-przescie-przycisk-kinetyczny2.jpg\" class=\"attachment-large size-large wp-post-image\" alt=\"Interaktywny system bezpiecze\u0144stwa z przyciskiem kinetycznym\" srcset=\"https:\/\/elmetal.pl\/wp-content\/uploads\/2024\/08\/elmled-przescie-przycisk-kinetyczny2.jpg 900w, https:\/\/elmetal.pl\/wp-content\/uploads\/2024\/08\/elmled-przescie-przycisk-kinetyczny2-300x200.jpg 300w, https:\/\/elmetal.pl\/wp-content\/uploads\/2024\/08\/elmled-przescie-przycisk-kinetyczny2-600x400.jpg 600w\" sizes=\"(max-width: 900px) 100vw, 900px\" \/><\/a><\/div><div class=\"w-vwrapper usg_vwrapper_1 align_center valign_top\"><h2 class=\"w-post-elm post_title usg_post_title_1 entry-title color_link_inherit\"><a href=\"https:\/\/elmetal.pl\/en\/produkt\/security-systems-for-warehouses-and-industry\/\">Security systems for warehouses and industry<\/a><\/h2><\/div>\t<\/div>\r\n<\/article>\r\n<article class=\"w-grid-item post-8229 us_portfolio type-us_portfolio status-publish has-post-thumbnail hentry us_portfolio_category-5z-projected-safety-markings us_portfolio_category-led-floor-character-projectors us_portfolio_tag-5z-znakowanie-projekcyjne-en\" data-id=\"8229\">\r\n\t<div class=\"w-grid-item-h\">\r\n\t\t\t\t<div class=\"w-post-elm post_image usg_post_image_1 stretched\"><a href=\"https:\/\/elmetal.pl\/en\/produkt\/anti-collision-system-with-led-safety-sign-projectors\/\" aria-label=\"Anti-collision system with led safety sign projectors\"><img loading=\"lazy\" decoding=\"async\" width=\"900\" height=\"600\" src=\"https:\/\/elmetal.pl\/wp-content\/uploads\/2022\/09\/projektor-led-skrzyzowanie.jpg\" class=\"attachment-large size-large wp-post-image\" alt=\"System antykolizyjny z projektorami znak\u00f3w bezpiecze\u0144stwa led skrzy\u017cowania o ograniczonej widoczno\u015bci\" srcset=\"https:\/\/elmetal.pl\/wp-content\/uploads\/2022\/09\/projektor-led-skrzyzowanie.jpg 900w, https:\/\/elmetal.pl\/wp-content\/uploads\/2022\/09\/projektor-led-skrzyzowanie-300x200.jpg 300w, https:\/\/elmetal.pl\/wp-content\/uploads\/2022\/09\/projektor-led-skrzyzowanie-600x400.jpg 600w\" sizes=\"(max-width: 900px) 100vw, 900px\" \/><\/a><\/div><div class=\"w-vwrapper usg_vwrapper_1 align_center valign_top\"><h2 class=\"w-post-elm post_title usg_post_title_1 entry-title color_link_inherit\"><a href=\"https:\/\/elmetal.pl\/en\/produkt\/anti-collision-system-with-led-safety-sign-projectors\/\">Anti-collision system with led safety sign projectors<\/a><\/h2><\/div>\t<\/div>\r\n<\/article>\r\n<\/div><div class=\"g-preloader type_1\">\r\n\t<div><\/div>\r\n<\/div>\r\n\t<div class=\"w-grid-json hidden\" onclick='return {&quot;action&quot;:&quot;us_ajax_grid&quot;,&quot;ajax_url&quot;:&quot;https:\\\/\\\/elmetal.pl\\\/wp-admin\\\/admin-ajax.php&quot;,&quot;infinite_scroll&quot;:0,&quot;max_num_pages&quot;:1,&quot;pagination&quot;:&quot;none&quot;,&quot;permalink_url&quot;:&quot;https:\\\/\\\/elmetal.pl\\\/en\\\/wp-json\\\/wp\\\/v2\\\/pages\\\/5409\\\/&quot;,&quot;template_vars&quot;:{&quot;columns&quot;:&quot;4&quot;,&quot;exclude_items&quot;:&quot;none&quot;,&quot;img_size&quot;:&quot;default&quot;,&quot;ignore_items_size&quot;:false,&quot;items_layout&quot;:&quot;1098&quot;,&quot;items_offset&quot;:&quot;1&quot;,&quot;overriding_link&quot;:&quot;none&quot;,&quot;post_id&quot;:5409,&quot;query_args&quot;:{&quot;post_type&quot;:[&quot;us_portfolio&quot;],&quot;tax_query&quot;:[{&quot;taxonomy&quot;:&quot;us_portfolio_category&quot;,&quot;field&quot;:&quot;slug&quot;,&quot;terms&quot;:[&quot;5z-znakowanie-bhp&quot;,&quot;5z-projected-safety-markings&quot;]},{&quot;taxonomy&quot;:&quot;us_portfolio_tag&quot;,&quot;field&quot;:&quot;slug&quot;,&quot;terms&quot;:[&quot;5z-znakowanie-bhp&quot;,&quot;5z-znakowanie-projekcyjne-en&quot;]}],&quot;post_status&quot;:[&quot;publish&quot;],&quot;orderby&quot;:{&quot;date&quot;:&quot;ASC&quot;},&quot;posts_per_page&quot;:&quot;10&quot;},&quot;type&quot;:&quot;carousel&quot;,&quot;us_grid_ajax_index&quot;:1,&quot;us_grid_filter_params&quot;:null,&quot;us_grid_index&quot;:1,&quot;_us_grid_post_type&quot;:&quot;us_portfolio&quot;,&quot;lang&quot;:&quot;en&quot;},&quot;carousel_settings&quot;:{&quot;autoHeight&quot;:0,&quot;autoplay&quot;:0,&quot;carousel_fade&quot;:0,&quot;center&quot;:0,&quot;dots&quot;:1,&quot;items&quot;:&quot;4&quot;,&quot;loop&quot;:false,&quot;nav&quot;:1,&quot;slideby&quot;:&quot;1&quot;,&quot;smooth_play&quot;:0,&quot;speed&quot;:250,&quot;timeout&quot;:3000,&quot;transition&quot;:&quot;&quot;},&quot;carousel_breakpoints&quot;:{&quot;1200&quot;:{&quot;items&quot;:4},&quot;900&quot;:{&quot;autoHeight&quot;:0,&quot;autoplay&quot;:1,&quot;autoplayHoverPause&quot;:1,&quot;items&quot;:3,&quot;loop&quot;:false},&quot;600&quot;:{&quot;autoHeight&quot;:0,&quot;autoplay&quot;:1,&quot;autoplayHoverPause&quot;:1,&quot;items&quot;:2,&quot;loop&quot;:false},&quot;0&quot;:{&quot;autoHeight&quot;:0,&quot;autoplay&quot;:1,&quot;autoplayHoverPause&quot;:1,&quot;items&quot;:1,&quot;loop&quot;:true}}}'><\/div>\r\n<\/div><div class=\"w-separator size_medium\"><\/div><\/div><\/div><\/div><\/div><\/div><\/section>\n","protected":false},"excerpt":{"rendered":"Anti-collision system with led safety sign projectorsAsk for productOrder led projectors and slidesElmled is a collision avoidance system with led safety sign projectors. It helps avoid work accidents in production halls and warehouses in areas with limited visibility, blind spots, areas with increased forklift and other motor vehicle traffic, busy intersections and regular operational traffic....","protected":false},"author":1,"featured_media":0,"parent":0,"menu_order":0,"comment_status":"closed","ping_status":"closed","template":"","meta":{"footnotes":""},"class_list":["post-5409","page","type-page","status-publish","hentry"],"yoast_head":"<!-- This site is optimized with the Yoast SEO plugin v24.2 - https:\/\/yoast.com\/wordpress\/plugins\/seo\/ -->\n<title>5Z Projected safety markings - Elmetal<\/title>\n<meta name=\"robots\" content=\"index, follow, max-snippet:-1, max-image-preview:large, max-video-preview:-1\" \/>\n<link rel=\"canonical\" href=\"https:\/\/elmetal.pl\/en\/5z-projected-safety-markings\/\" \/>\n<meta property=\"og:locale\" content=\"en_US\" \/>\n<meta property=\"og:type\" content=\"article\" \/>\n<meta property=\"og:title\" content=\"5Z Projected safety markings - Elmetal\" \/>\n<meta property=\"og:url\" content=\"https:\/\/elmetal.pl\/en\/5z-projected-safety-markings\/\" \/>\n<meta property=\"og:site_name\" content=\"Elmetal\" \/>\n<meta property=\"article:publisher\" content=\"https:\/\/www.facebook.com\/profile.php?id=100046578560646\" \/>\n<meta property=\"article:modified_time\" content=\"2025-11-28T07:53:08+00:00\" \/>\n<meta name=\"twitter:card\" content=\"summary_large_image\" \/>\n<meta name=\"twitter:label1\" content=\"Est. reading time\" \/>\n\t<meta name=\"twitter:data1\" content=\"1 minute\" \/>\n<script type=\"application\/ld+json\" class=\"yoast-schema-graph\">{\"@context\":\"https:\/\/schema.org\",\"@graph\":[{\"@type\":\"WebPage\",\"@id\":\"https:\/\/elmetal.pl\/en\/5z-projected-safety-markings\/\",\"url\":\"https:\/\/elmetal.pl\/en\/5z-projected-safety-markings\/\",\"name\":\"5Z Projected safety markings - Elmetal\",\"isPartOf\":{\"@id\":\"https:\/\/elmetal.pl\/#website\"},\"datePublished\":\"2020-08-11T08:48:17+00:00\",\"dateModified\":\"2025-11-28T07:53:08+00:00\",\"breadcrumb\":{\"@id\":\"https:\/\/elmetal.pl\/en\/5z-projected-safety-markings\/#breadcrumb\"},\"inLanguage\":\"en-US\",\"potentialAction\":[{\"@type\":\"ReadAction\",\"target\":[\"https:\/\/elmetal.pl\/en\/5z-projected-safety-markings\/\"]}]},{\"@type\":\"BreadcrumbList\",\"@id\":\"https:\/\/elmetal.pl\/en\/5z-projected-safety-markings\/#breadcrumb\",\"itemListElement\":[{\"@type\":\"ListItem\",\"position\":1,\"name\":\"Strona g\u0142\u00f3wna\",\"item\":\"https:\/\/elmetal.pl\/en\/\"},{\"@type\":\"ListItem\",\"position\":2,\"name\":\"5Z Projected safety markings\"}]},{\"@type\":\"WebSite\",\"@id\":\"https:\/\/elmetal.pl\/#website\",\"url\":\"https:\/\/elmetal.pl\/\",\"name\":\"Elmetal\",\"description\":\"Elmetal - oznakuj i zabezpiecz - oznakowanie instalacji przemys\u0142owych\",\"publisher\":{\"@id\":\"https:\/\/elmetal.pl\/#organization\"},\"potentialAction\":[{\"@type\":\"SearchAction\",\"target\":{\"@type\":\"EntryPoint\",\"urlTemplate\":\"https:\/\/elmetal.pl\/?s={search_term_string}\"},\"query-input\":{\"@type\":\"PropertyValueSpecification\",\"valueRequired\":true,\"valueName\":\"search_term_string\"}}],\"inLanguage\":\"en-US\"},{\"@type\":\"Organization\",\"@id\":\"https:\/\/elmetal.pl\/#organization\",\"name\":\"Elmetal\",\"url\":\"https:\/\/elmetal.pl\/\",\"logo\":{\"@type\":\"ImageObject\",\"inLanguage\":\"en-US\",\"@id\":\"https:\/\/elmetal.pl\/#\/schema\/logo\/image\/\",\"url\":\"https:\/\/elmetal.pl\/wp-content\/uploads\/2022\/09\/Elmetal-logo-oznakuj-zabezpiecz.png\",\"contentUrl\":\"https:\/\/elmetal.pl\/wp-content\/uploads\/2022\/09\/Elmetal-logo-oznakuj-zabezpiecz.png\",\"width\":842,\"height\":273,\"caption\":\"Elmetal\"},\"image\":{\"@id\":\"https:\/\/elmetal.pl\/#\/schema\/logo\/image\/\"},\"sameAs\":[\"https:\/\/www.facebook.com\/profile.php?id=100046578560646\",\"https:\/\/www.linkedin.com\/company\/3066617\/\"]}]}<\/script>\n<!-- \/ Yoast SEO plugin. -->","yoast_head_json":{"title":"5Z Projected safety markings - Elmetal","robots":{"index":"index","follow":"follow","max-snippet":"max-snippet:-1","max-image-preview":"max-image-preview:large","max-video-preview":"max-video-preview:-1"},"canonical":"https:\/\/elmetal.pl\/en\/5z-projected-safety-markings\/","og_locale":"en_US","og_type":"article","og_title":"5Z Projected safety markings - Elmetal","og_url":"https:\/\/elmetal.pl\/en\/5z-projected-safety-markings\/","og_site_name":"Elmetal","article_publisher":"https:\/\/www.facebook.com\/profile.php?id=100046578560646","article_modified_time":"2025-11-28T07:53:08+00:00","twitter_card":"summary_large_image","twitter_misc":{"Est. reading time":"1 minute"},"schema":{"@context":"https:\/\/schema.org","@graph":[{"@type":"WebPage","@id":"https:\/\/elmetal.pl\/en\/5z-projected-safety-markings\/","url":"https:\/\/elmetal.pl\/en\/5z-projected-safety-markings\/","name":"5Z Projected safety markings - Elmetal","isPartOf":{"@id":"https:\/\/elmetal.pl\/#website"},"datePublished":"2020-08-11T08:48:17+00:00","dateModified":"2025-11-28T07:53:08+00:00","breadcrumb":{"@id":"https:\/\/elmetal.pl\/en\/5z-projected-safety-markings\/#breadcrumb"},"inLanguage":"en-US","potentialAction":[{"@type":"ReadAction","target":["https:\/\/elmetal.pl\/en\/5z-projected-safety-markings\/"]}]},{"@type":"BreadcrumbList","@id":"https:\/\/elmetal.pl\/en\/5z-projected-safety-markings\/#breadcrumb","itemListElement":[{"@type":"ListItem","position":1,"name":"Strona g\u0142\u00f3wna","item":"https:\/\/elmetal.pl\/en\/"},{"@type":"ListItem","position":2,"name":"5Z Projected safety markings"}]},{"@type":"WebSite","@id":"https:\/\/elmetal.pl\/#website","url":"https:\/\/elmetal.pl\/","name":"Elmetal","description":"Elmetal - oznakuj i zabezpiecz - oznakowanie instalacji przemys\u0142owych","publisher":{"@id":"https:\/\/elmetal.pl\/#organization"},"potentialAction":[{"@type":"SearchAction","target":{"@type":"EntryPoint","urlTemplate":"https:\/\/elmetal.pl\/?s={search_term_string}"},"query-input":{"@type":"PropertyValueSpecification","valueRequired":true,"valueName":"search_term_string"}}],"inLanguage":"en-US"},{"@type":"Organization","@id":"https:\/\/elmetal.pl\/#organization","name":"Elmetal","url":"https:\/\/elmetal.pl\/","logo":{"@type":"ImageObject","inLanguage":"en-US","@id":"https:\/\/elmetal.pl\/#\/schema\/logo\/image\/","url":"https:\/\/elmetal.pl\/wp-content\/uploads\/2022\/09\/Elmetal-logo-oznakuj-zabezpiecz.png","contentUrl":"https:\/\/elmetal.pl\/wp-content\/uploads\/2022\/09\/Elmetal-logo-oznakuj-zabezpiecz.png","width":842,"height":273,"caption":"Elmetal"},"image":{"@id":"https:\/\/elmetal.pl\/#\/schema\/logo\/image\/"},"sameAs":["https:\/\/www.facebook.com\/profile.php?id=100046578560646","https:\/\/www.linkedin.com\/company\/3066617\/"]}]}},"_links":{"self":[{"href":"https:\/\/elmetal.pl\/en\/wp-json\/wp\/v2\/pages\/5409"}],"collection":[{"href":"https:\/\/elmetal.pl\/en\/wp-json\/wp\/v2\/pages"}],"about":[{"href":"https:\/\/elmetal.pl\/en\/wp-json\/wp\/v2\/types\/page"}],"author":[{"embeddable":true,"href":"https:\/\/elmetal.pl\/en\/wp-json\/wp\/v2\/users\/1"}],"replies":[{"embeddable":true,"href":"https:\/\/elmetal.pl\/en\/wp-json\/wp\/v2\/comments?post=5409"}],"version-history":[{"count":4,"href":"https:\/\/elmetal.pl\/en\/wp-json\/wp\/v2\/pages\/5409\/revisions"}],"predecessor-version":[{"id":8216,"href":"https:\/\/elmetal.pl\/en\/wp-json\/wp\/v2\/pages\/5409\/revisions\/8216"}],"wp:attachment":[{"href":"https:\/\/elmetal.pl\/en\/wp-json\/wp\/v2\/media?parent=5409"}],"curies":[{"name":"wp","href":"https:\/\/api.w.org\/{rel}","templated":true}]}}