{"id":5434,"date":"2020-08-11T09:14:07","date_gmt":"2020-08-11T09:14:07","guid":{"rendered":"https:\/\/elmetal.pl\/2z-znakowanie-ciagow-komunikacyjnych-miejsc-odkladczych-i-magazynowania\/"},"modified":"2020-08-11T09:15:31","modified_gmt":"2020-08-11T09:15:31","slug":"2z-marking-of-communication-lines-break-outs-and-storage-sites","status":"publish","type":"page","link":"https:\/\/elmetal.pl\/en\/2z-marking-of-communication-lines-break-outs-and-storage-sites\/","title":{"rendered":"2Z Marking of communication lines, break-outs and storage sites"},"content":{"rendered":"<section class=\"l-section wpb_row height_auto\"><div class=\"l-section-h i-cf\"><div class=\"g-cols vc_row type_default valign_top\"><div class=\"vc_col-sm-12 wpb_column vc_column_container\"><div class=\"vc_column-inner\"><div class=\"wpb_wrapper\"><div class=\"w-grid type_carousel layout_1098\" id=\"us_grid_1\" data-grid-filter=\"false\"><style id=\"us_grid_1_css\">#us_grid_1 .owl-nav div{font-size:1.8rem}#us_grid_1 .w-grid-item{padding:1.5rem}#us_grid_1 .w-grid-list{margin:-1.5rem}.w-grid + #us_grid_1 .w-grid-list{margin-top:1.5rem}<\/style><style>.layout_1098 .w-grid-item-h{background:#efefef;color:#333;box-shadow:0 0.00rem 0.00rem rgba(0,0,0,0.1),0 0.00rem 0.00rem rgba(0,0,0,0.1);transition-duration:0.3s}.no-touch .layout_1098 .w-grid-item-h:hover{box-shadow:0 0.15rem 0.30rem rgba(0,0,0,0.1),0 0.50rem 1.50rem rgba(0,0,0,0.15);z-index:4}.layout_1098 .usg_post_image_1{position:static!important}.layout_1098 .usg_vwrapper_1{position:static!important;padding:1.5rem 2.5rem 2.5rem 2.5rem!important}.layout_1098 .usg_post_title_1{font-size:1.2rem!important}<\/style><div class=\"w-grid-list owl-carousel navstyle_circle navpos_inside with_dots\" ><article class=\"w-grid-item post-5439 us_portfolio type-us_portfolio status-publish has-post-thumbnail hentry us_portfolio_category-2z-marking-of-communication-lines-de-beds-and-storage us_portfolio_category-marking-floors us_portfolio_tag-2z-znakowanie-ciagow-komunikacyjnych-en\" data-id=\"5439\">\r\n\t<div class=\"w-grid-item-h\">\r\n\t\t\t\t<div class=\"w-post-elm post_image usg_post_image_1 stretched\"><a href=\"https:\/\/elmetal.pl\/en\/produkt\/floor-and-pathway-marking\/\" aria-label=\"Floor and pathway marking\"><img loading=\"lazy\" decoding=\"async\" width=\"900\" height=\"600\" src=\"https:\/\/elmetal.pl\/wp-content\/uploads\/2020\/06\/podlog2.jpg\" class=\"attachment-large size-large wp-post-image\" alt=\"Znakowanie pod\u0142\u00f3g i ci\u0105g\u00f3w komunikacyjnych\" srcset=\"https:\/\/elmetal.pl\/wp-content\/uploads\/2020\/06\/podlog2.jpg 900w, https:\/\/elmetal.pl\/wp-content\/uploads\/2020\/06\/podlog2-300x200.jpg 300w\" sizes=\"(max-width: 900px) 100vw, 900px\" \/><\/a><\/div><div class=\"w-vwrapper usg_vwrapper_1 align_center valign_top\"><h2 class=\"w-post-elm post_title usg_post_title_1 entry-title color_link_inherit\"><a href=\"https:\/\/elmetal.pl\/en\/produkt\/floor-and-pathway-marking\/\">Floor and pathway marking<\/a><\/h2><\/div>\t<\/div>\r\n<\/article>\r\n<article class=\"w-grid-item post-5442 us_portfolio type-us_portfolio status-publish has-post-thumbnail hentry us_portfolio_category-2z-marking-of-communication-lines-de-beds-and-storage us_portfolio_category-marking-floors us_portfolio_tag-2z-znakowanie-ciagow-komunikacyjnych-en us_portfolio_tag-uslugi-en us_portfolio_tag-znakowanie-podlog-en\" data-id=\"5442\">\r\n\t<div class=\"w-grid-item-h\">\r\n\t\t\t\t<div class=\"w-post-elm post_image usg_post_image_1 stretched\"><a href=\"https:\/\/elmetal.pl\/en\/produkt\/floor-lines-and-storage-area-markings\/\" aria-label=\"Floor lines and storage area markings\"><img loading=\"lazy\" decoding=\"async\" width=\"900\" height=\"600\" src=\"https:\/\/elmetal.pl\/wp-content\/uploads\/2020\/06\/malowanie_linie.jpg\" class=\"attachment-large size-large wp-post-image\" alt=\"\" srcset=\"https:\/\/elmetal.pl\/wp-content\/uploads\/2020\/06\/malowanie_linie.jpg 900w, https:\/\/elmetal.pl\/wp-content\/uploads\/2020\/06\/malowanie_linie-300x200.jpg 300w\" sizes=\"(max-width: 900px) 100vw, 900px\" \/><\/a><\/div><div class=\"w-vwrapper usg_vwrapper_1 align_center valign_top\"><h2 class=\"w-post-elm post_title usg_post_title_1 entry-title color_link_inherit\"><a href=\"https:\/\/elmetal.pl\/en\/produkt\/floor-lines-and-storage-area-markings\/\">Floor lines and storage area markings<\/a><\/h2><\/div>\t<\/div>\r\n<\/article>\r\n<article class=\"w-grid-item post-5443 us_portfolio type-us_portfolio status-publish has-post-thumbnail hentry us_portfolio_category-2z-marking-of-communication-lines-de-beds-and-storage us_portfolio_category-marking-floors us_portfolio_tag-2z-znakowanie-ciagow-komunikacyjnych-en us_portfolio_tag-znakowanie-podlog-en\" data-id=\"5443\">\r\n\t<div class=\"w-grid-item-h\">\r\n\t\t\t\t<div class=\"w-post-elm post_image usg_post_image_1 stretched\"><a href=\"https:\/\/elmetal.pl\/en\/produkt\/vinyl-tapes\/\" aria-label=\"Vinyl tapes\"><img loading=\"lazy\" decoding=\"async\" width=\"900\" height=\"600\" src=\"https:\/\/elmetal.pl\/wp-content\/uploads\/2020\/06\/winylowe.jpg\" class=\"attachment-large size-large wp-post-image\" alt=\"Ta\u015bmy winylowe do znakowania pod\u0142\u00f3g\" srcset=\"https:\/\/elmetal.pl\/wp-content\/uploads\/2020\/06\/winylowe.jpg 900w, https:\/\/elmetal.pl\/wp-content\/uploads\/2020\/06\/winylowe-300x200.jpg 300w\" sizes=\"(max-width: 900px) 100vw, 900px\" \/><\/a><\/div><div class=\"w-vwrapper usg_vwrapper_1 align_center valign_top\"><h2 class=\"w-post-elm post_title usg_post_title_1 entry-title color_link_inherit\"><a href=\"https:\/\/elmetal.pl\/en\/produkt\/vinyl-tapes\/\">Vinyl tapes<\/a><\/h2><\/div>\t<\/div>\r\n<\/article>\r\n<article class=\"w-grid-item post-5444 us_portfolio type-us_portfolio status-publish has-post-thumbnail hentry us_portfolio_category-2z-marking-of-communication-lines-de-beds-and-storage us_portfolio_category-marking-floors us_portfolio_tag-2z-znakowanie-ciagow-komunikacyjnych-en us_portfolio_tag-znakowanie-podlog-en\" data-id=\"5444\">\r\n\t<div class=\"w-grid-item-h\">\r\n\t\t\t\t<div class=\"w-post-elm post_image usg_post_image_1 stretched\"><a href=\"https:\/\/elmetal.pl\/en\/produkt\/floor-marking-window\/\" aria-label=\"Floor marking window\"><img loading=\"lazy\" decoding=\"async\" width=\"900\" height=\"600\" src=\"https:\/\/elmetal.pl\/wp-content\/uploads\/2020\/06\/okienko_podlogowe1.jpg\" class=\"attachment-large size-large wp-post-image\" alt=\"Samoprzylepne okienko pod\u0142ogowe\" srcset=\"https:\/\/elmetal.pl\/wp-content\/uploads\/2020\/06\/okienko_podlogowe1.jpg 900w, https:\/\/elmetal.pl\/wp-content\/uploads\/2020\/06\/okienko_podlogowe1-300x200.jpg 300w\" sizes=\"(max-width: 900px) 100vw, 900px\" \/><\/a><\/div><div class=\"w-vwrapper usg_vwrapper_1 align_center valign_top\"><h2 class=\"w-post-elm post_title usg_post_title_1 entry-title color_link_inherit\"><a href=\"https:\/\/elmetal.pl\/en\/produkt\/floor-marking-window\/\">Floor marking window<\/a><\/h2><\/div>\t<\/div>\r\n<\/article>\r\n<article class=\"w-grid-item post-5445 us_portfolio type-us_portfolio status-publish has-post-thumbnail hentry us_portfolio_category-2z-marking-of-communication-lines-de-beds-and-storage us_portfolio_category-marking-floors us_portfolio_tag-2z-znakowanie-ciagow-komunikacyjnych-en us_portfolio_tag-znakowanie-podlog-en\" data-id=\"5445\">\r\n\t<div class=\"w-grid-item-h\">\r\n\t\t\t\t<div class=\"w-post-elm post_image usg_post_image_1 stretched\"><a href=\"https:\/\/elmetal.pl\/en\/produkt\/hard-wearing-floor-marking-signs\/\" aria-label=\"Hard-wearing floor marking signs\"><img loading=\"lazy\" decoding=\"async\" width=\"900\" height=\"600\" src=\"https:\/\/elmetal.pl\/wp-content\/uploads\/2020\/06\/symbole-podlogowe.jpg\" class=\"attachment-large size-large wp-post-image\" alt=\"Symbole pod\u0142ogowe\" srcset=\"https:\/\/elmetal.pl\/wp-content\/uploads\/2020\/06\/symbole-podlogowe.jpg 900w, https:\/\/elmetal.pl\/wp-content\/uploads\/2020\/06\/symbole-podlogowe-300x200.jpg 300w\" sizes=\"(max-width: 900px) 100vw, 900px\" \/><\/a><\/div><div class=\"w-vwrapper usg_vwrapper_1 align_center valign_top\"><h2 class=\"w-post-elm post_title usg_post_title_1 entry-title color_link_inherit\"><a href=\"https:\/\/elmetal.pl\/en\/produkt\/hard-wearing-floor-marking-signs\/\">Hard-wearing floor marking signs<\/a><\/h2><\/div>\t<\/div>\r\n<\/article>\r\n<article class=\"w-grid-item post-5446 us_portfolio type-us_portfolio status-publish has-post-thumbnail hentry us_portfolio_category-2z-marking-of-communication-lines-de-beds-and-storage us_portfolio_category-floor-painting us_portfolio_category-marking-floors us_portfolio_tag-2z-znakowanie-ciagow-komunikacyjnych-en us_portfolio_tag-malowanie-podlog-en us_portfolio_tag-znakowanie-podlog-en\" data-id=\"5446\">\r\n\t<div class=\"w-grid-item-h\">\r\n\t\t\t\t<div class=\"w-post-elm post_image usg_post_image_1 stretched\"><a href=\"https:\/\/elmetal.pl\/en\/produkt\/floor-marking-stencils\/\" aria-label=\"Floor marking stencils\"><img loading=\"lazy\" decoding=\"async\" width=\"900\" height=\"600\" src=\"https:\/\/elmetal.pl\/wp-content\/uploads\/2020\/06\/szablony.jpg\" class=\"attachment-large size-large wp-post-image\" alt=\"Szablony do malowania znak\u00f3w poziomych\" srcset=\"https:\/\/elmetal.pl\/wp-content\/uploads\/2020\/06\/szablony.jpg 900w, https:\/\/elmetal.pl\/wp-content\/uploads\/2020\/06\/szablony-300x200.jpg 300w\" sizes=\"(max-width: 900px) 100vw, 900px\" \/><\/a><\/div><div class=\"w-vwrapper usg_vwrapper_1 align_center valign_top\"><h2 class=\"w-post-elm post_title usg_post_title_1 entry-title color_link_inherit\"><a href=\"https:\/\/elmetal.pl\/en\/produkt\/floor-marking-stencils\/\">Floor marking stencils<\/a><\/h2><\/div>\t<\/div>\r\n<\/article>\r\n<article class=\"w-grid-item post-5984 us_portfolio type-us_portfolio status-publish has-post-thumbnail hentry us_portfolio_category-2z-marking-of-communication-lines-de-beds-and-storage us_portfolio_category-marking-floors us_portfolio_tag-2z-znakowanie-ciagow-komunikacyjnych-en us_portfolio_tag-znakowanie-podlog-en\" data-id=\"5984\">\r\n\t<div class=\"w-grid-item-h\">\r\n\t\t\t\t<div class=\"w-post-elm post_image usg_post_image_1 stretched\"><a href=\"https:\/\/elmetal.pl\/en\/produkt\/asphalt-pavement-and-unit-paving-stickers\/\" aria-label=\"Asphalt, pavement and unit paving stickers\"><img loading=\"lazy\" decoding=\"async\" width=\"900\" height=\"600\" src=\"https:\/\/elmetal.pl\/wp-content\/uploads\/2020\/06\/asfaltowe_naklejki_elmetal.jpg\" class=\"attachment-large size-large wp-post-image\" alt=\"Asfaltowe naklejki\" srcset=\"https:\/\/elmetal.pl\/wp-content\/uploads\/2020\/06\/asfaltowe_naklejki_elmetal.jpg 900w, https:\/\/elmetal.pl\/wp-content\/uploads\/2020\/06\/asfaltowe_naklejki_elmetal-300x200.jpg 300w, https:\/\/elmetal.pl\/wp-content\/uploads\/2020\/06\/asfaltowe_naklejki_elmetal-600x400.jpg 600w\" sizes=\"(max-width: 900px) 100vw, 900px\" \/><\/a><\/div><div class=\"w-vwrapper usg_vwrapper_1 align_center valign_top\"><h2 class=\"w-post-elm post_title usg_post_title_1 entry-title color_link_inherit\"><a href=\"https:\/\/elmetal.pl\/en\/produkt\/asphalt-pavement-and-unit-paving-stickers\/\">Asphalt, pavement and unit paving stickers<\/a><\/h2><\/div>\t<\/div>\r\n<\/article>\r\n<\/div><div class=\"g-preloader type_1\">\r\n\t<div><\/div>\r\n<\/div>\r\n\t<div class=\"w-grid-json hidden\" onclick='return {&quot;action&quot;:&quot;us_ajax_grid&quot;,&quot;ajax_url&quot;:&quot;https:\\\/\\\/elmetal.pl\\\/wp-admin\\\/admin-ajax.php&quot;,&quot;infinite_scroll&quot;:0,&quot;max_num_pages&quot;:1,&quot;pagination&quot;:&quot;none&quot;,&quot;permalink_url&quot;:&quot;https:\\\/\\\/elmetal.pl\\\/en\\\/wp-json\\\/wp\\\/v2\\\/pages\\\/5434\\\/&quot;,&quot;template_vars&quot;:{&quot;columns&quot;:&quot;4&quot;,&quot;exclude_items&quot;:&quot;none&quot;,&quot;img_size&quot;:&quot;default&quot;,&quot;ignore_items_size&quot;:false,&quot;items_layout&quot;:&quot;1098&quot;,&quot;items_offset&quot;:&quot;1&quot;,&quot;overriding_link&quot;:&quot;none&quot;,&quot;post_id&quot;:5434,&quot;query_args&quot;:{&quot;post_type&quot;:[&quot;us_portfolio&quot;],&quot;tax_query&quot;:[{&quot;taxonomy&quot;:&quot;us_portfolio_category&quot;,&quot;field&quot;:&quot;slug&quot;,&quot;terms&quot;:[&quot;2z-znakowanie-ciagow-komunikacyjnych-miejsc-odkladczych-i-magazynowania&quot;]},{&quot;taxonomy&quot;:&quot;us_portfolio_tag&quot;,&quot;field&quot;:&quot;slug&quot;,&quot;terms&quot;:[&quot;2z-znakowanie-ciagow-komunikacyjnych&quot;]}],&quot;post_status&quot;:[&quot;publish&quot;],&quot;orderby&quot;:{&quot;date&quot;:&quot;ASC&quot;},&quot;posts_per_page&quot;:&quot;10&quot;},&quot;type&quot;:&quot;carousel&quot;,&quot;us_grid_ajax_index&quot;:1,&quot;us_grid_filter_params&quot;:null,&quot;us_grid_index&quot;:1,&quot;_us_grid_post_type&quot;:&quot;us_portfolio&quot;,&quot;lang&quot;:&quot;en&quot;},&quot;carousel_settings&quot;:{&quot;autoHeight&quot;:0,&quot;autoplay&quot;:1,&quot;carousel_fade&quot;:0,&quot;center&quot;:0,&quot;dots&quot;:1,&quot;items&quot;:&quot;4&quot;,&quot;loop&quot;:false,&quot;nav&quot;:1,&quot;slideby&quot;:&quot;1&quot;,&quot;smooth_play&quot;:0,&quot;speed&quot;:250,&quot;timeout&quot;:3000,&quot;transition&quot;:&quot;&quot;},&quot;carousel_breakpoints&quot;:{&quot;1200&quot;:{&quot;items&quot;:4},&quot;900&quot;:{&quot;autoHeight&quot;:0,&quot;autoplay&quot;:1,&quot;autoplayHoverPause&quot;:1,&quot;items&quot;:3,&quot;loop&quot;:false},&quot;600&quot;:{&quot;autoHeight&quot;:0,&quot;autoplay&quot;:1,&quot;autoplayHoverPause&quot;:1,&quot;items&quot;:2,&quot;loop&quot;:false},&quot;0&quot;:{&quot;autoHeight&quot;:0,&quot;autoplay&quot;:1,&quot;autoplayHoverPause&quot;:1,&quot;items&quot;:1,&quot;loop&quot;:true}}}'><\/div>\r\n<\/div><div class=\"w-separator size_medium\"><\/div><\/div><\/div><\/div><\/div><\/div><\/section>\n","protected":false},"excerpt":{"rendered":"Asphalt, pavement and unit paving stickersAsk about productThe use of innovative film makes stickers for marking asphalt, pavement and unit paving easy to apply and remove, without the need to use heat. The stickers do not change their shape as they are made of polyurethane film, which contains aluminium. Asphalt stickers are made from self-adhesive...","protected":false},"author":1,"featured_media":0,"parent":0,"menu_order":0,"comment_status":"closed","ping_status":"closed","template":"","meta":{"footnotes":""},"class_list":["post-5434","page","type-page","status-publish","hentry"],"yoast_head":"<!-- This site is optimized with the Yoast SEO plugin v24.2 - https:\/\/yoast.com\/wordpress\/plugins\/seo\/ -->\n<title>2Z Marking of communication lines, break-outs and storage sites - Elmetal<\/title>\n<meta name=\"robots\" content=\"index, follow, max-snippet:-1, max-image-preview:large, max-video-preview:-1\" \/>\n<link rel=\"canonical\" href=\"https:\/\/elmetal.pl\/en\/2z-marking-of-communication-lines-break-outs-and-storage-sites\/\" \/>\n<meta property=\"og:locale\" content=\"en_US\" \/>\n<meta property=\"og:type\" content=\"article\" \/>\n<meta property=\"og:title\" content=\"2Z Marking of communication lines, break-outs and storage sites - Elmetal\" \/>\n<meta property=\"og:url\" content=\"https:\/\/elmetal.pl\/en\/2z-marking-of-communication-lines-break-outs-and-storage-sites\/\" \/>\n<meta property=\"og:site_name\" content=\"Elmetal\" \/>\n<meta property=\"article:publisher\" content=\"https:\/\/www.facebook.com\/profile.php?id=100046578560646\" \/>\n<meta property=\"article:modified_time\" content=\"2020-08-11T09:15:31+00:00\" \/>\n<meta name=\"twitter:card\" content=\"summary_large_image\" \/>\n<script type=\"application\/ld+json\" class=\"yoast-schema-graph\">{\"@context\":\"https:\/\/schema.org\",\"@graph\":[{\"@type\":\"WebPage\",\"@id\":\"https:\/\/elmetal.pl\/en\/2z-marking-of-communication-lines-break-outs-and-storage-sites\/\",\"url\":\"https:\/\/elmetal.pl\/en\/2z-marking-of-communication-lines-break-outs-and-storage-sites\/\",\"name\":\"2Z Marking of communication lines, break-outs and storage sites - Elmetal\",\"isPartOf\":{\"@id\":\"https:\/\/elmetal.pl\/#website\"},\"datePublished\":\"2020-08-11T09:14:07+00:00\",\"dateModified\":\"2020-08-11T09:15:31+00:00\",\"breadcrumb\":{\"@id\":\"https:\/\/elmetal.pl\/en\/2z-marking-of-communication-lines-break-outs-and-storage-sites\/#breadcrumb\"},\"inLanguage\":\"en-US\",\"potentialAction\":[{\"@type\":\"ReadAction\",\"target\":[\"https:\/\/elmetal.pl\/en\/2z-marking-of-communication-lines-break-outs-and-storage-sites\/\"]}]},{\"@type\":\"BreadcrumbList\",\"@id\":\"https:\/\/elmetal.pl\/en\/2z-marking-of-communication-lines-break-outs-and-storage-sites\/#breadcrumb\",\"itemListElement\":[{\"@type\":\"ListItem\",\"position\":1,\"name\":\"Strona g\u0142\u00f3wna\",\"item\":\"https:\/\/elmetal.pl\/en\/\"},{\"@type\":\"ListItem\",\"position\":2,\"name\":\"2Z Marking of communication lines, break-outs and storage sites\"}]},{\"@type\":\"WebSite\",\"@id\":\"https:\/\/elmetal.pl\/#website\",\"url\":\"https:\/\/elmetal.pl\/\",\"name\":\"Elmetal\",\"description\":\"Elmetal - oznakuj i zabezpiecz - oznakowanie instalacji przemys\u0142owych\",\"publisher\":{\"@id\":\"https:\/\/elmetal.pl\/#organization\"},\"potentialAction\":[{\"@type\":\"SearchAction\",\"target\":{\"@type\":\"EntryPoint\",\"urlTemplate\":\"https:\/\/elmetal.pl\/?s={search_term_string}\"},\"query-input\":{\"@type\":\"PropertyValueSpecification\",\"valueRequired\":true,\"valueName\":\"search_term_string\"}}],\"inLanguage\":\"en-US\"},{\"@type\":\"Organization\",\"@id\":\"https:\/\/elmetal.pl\/#organization\",\"name\":\"Elmetal\",\"url\":\"https:\/\/elmetal.pl\/\",\"logo\":{\"@type\":\"ImageObject\",\"inLanguage\":\"en-US\",\"@id\":\"https:\/\/elmetal.pl\/#\/schema\/logo\/image\/\",\"url\":\"https:\/\/elmetal.pl\/wp-content\/uploads\/2022\/09\/Elmetal-logo-oznakuj-zabezpiecz.png\",\"contentUrl\":\"https:\/\/elmetal.pl\/wp-content\/uploads\/2022\/09\/Elmetal-logo-oznakuj-zabezpiecz.png\",\"width\":842,\"height\":273,\"caption\":\"Elmetal\"},\"image\":{\"@id\":\"https:\/\/elmetal.pl\/#\/schema\/logo\/image\/\"},\"sameAs\":[\"https:\/\/www.facebook.com\/profile.php?id=100046578560646\",\"https:\/\/www.linkedin.com\/company\/3066617\/\"]}]}<\/script>\n<!-- \/ Yoast SEO plugin. -->","yoast_head_json":{"title":"2Z Marking of communication lines, break-outs and storage sites - Elmetal","robots":{"index":"index","follow":"follow","max-snippet":"max-snippet:-1","max-image-preview":"max-image-preview:large","max-video-preview":"max-video-preview:-1"},"canonical":"https:\/\/elmetal.pl\/en\/2z-marking-of-communication-lines-break-outs-and-storage-sites\/","og_locale":"en_US","og_type":"article","og_title":"2Z Marking of communication lines, break-outs and storage sites - Elmetal","og_url":"https:\/\/elmetal.pl\/en\/2z-marking-of-communication-lines-break-outs-and-storage-sites\/","og_site_name":"Elmetal","article_publisher":"https:\/\/www.facebook.com\/profile.php?id=100046578560646","article_modified_time":"2020-08-11T09:15:31+00:00","twitter_card":"summary_large_image","schema":{"@context":"https:\/\/schema.org","@graph":[{"@type":"WebPage","@id":"https:\/\/elmetal.pl\/en\/2z-marking-of-communication-lines-break-outs-and-storage-sites\/","url":"https:\/\/elmetal.pl\/en\/2z-marking-of-communication-lines-break-outs-and-storage-sites\/","name":"2Z Marking of communication lines, break-outs and storage sites - Elmetal","isPartOf":{"@id":"https:\/\/elmetal.pl\/#website"},"datePublished":"2020-08-11T09:14:07+00:00","dateModified":"2020-08-11T09:15:31+00:00","breadcrumb":{"@id":"https:\/\/elmetal.pl\/en\/2z-marking-of-communication-lines-break-outs-and-storage-sites\/#breadcrumb"},"inLanguage":"en-US","potentialAction":[{"@type":"ReadAction","target":["https:\/\/elmetal.pl\/en\/2z-marking-of-communication-lines-break-outs-and-storage-sites\/"]}]},{"@type":"BreadcrumbList","@id":"https:\/\/elmetal.pl\/en\/2z-marking-of-communication-lines-break-outs-and-storage-sites\/#breadcrumb","itemListElement":[{"@type":"ListItem","position":1,"name":"Strona g\u0142\u00f3wna","item":"https:\/\/elmetal.pl\/en\/"},{"@type":"ListItem","position":2,"name":"2Z Marking of communication lines, break-outs and storage sites"}]},{"@type":"WebSite","@id":"https:\/\/elmetal.pl\/#website","url":"https:\/\/elmetal.pl\/","name":"Elmetal","description":"Elmetal - oznakuj i zabezpiecz - oznakowanie instalacji przemys\u0142owych","publisher":{"@id":"https:\/\/elmetal.pl\/#organization"},"potentialAction":[{"@type":"SearchAction","target":{"@type":"EntryPoint","urlTemplate":"https:\/\/elmetal.pl\/?s={search_term_string}"},"query-input":{"@type":"PropertyValueSpecification","valueRequired":true,"valueName":"search_term_string"}}],"inLanguage":"en-US"},{"@type":"Organization","@id":"https:\/\/elmetal.pl\/#organization","name":"Elmetal","url":"https:\/\/elmetal.pl\/","logo":{"@type":"ImageObject","inLanguage":"en-US","@id":"https:\/\/elmetal.pl\/#\/schema\/logo\/image\/","url":"https:\/\/elmetal.pl\/wp-content\/uploads\/2022\/09\/Elmetal-logo-oznakuj-zabezpiecz.png","contentUrl":"https:\/\/elmetal.pl\/wp-content\/uploads\/2022\/09\/Elmetal-logo-oznakuj-zabezpiecz.png","width":842,"height":273,"caption":"Elmetal"},"image":{"@id":"https:\/\/elmetal.pl\/#\/schema\/logo\/image\/"},"sameAs":["https:\/\/www.facebook.com\/profile.php?id=100046578560646","https:\/\/www.linkedin.com\/company\/3066617\/"]}]}},"_links":{"self":[{"href":"https:\/\/elmetal.pl\/en\/wp-json\/wp\/v2\/pages\/5434"}],"collection":[{"href":"https:\/\/elmetal.pl\/en\/wp-json\/wp\/v2\/pages"}],"about":[{"href":"https:\/\/elmetal.pl\/en\/wp-json\/wp\/v2\/types\/page"}],"author":[{"embeddable":true,"href":"https:\/\/elmetal.pl\/en\/wp-json\/wp\/v2\/users\/1"}],"replies":[{"embeddable":true,"href":"https:\/\/elmetal.pl\/en\/wp-json\/wp\/v2\/comments?post=5434"}],"version-history":[{"count":2,"href":"https:\/\/elmetal.pl\/en\/wp-json\/wp\/v2\/pages\/5434\/revisions"}],"predecessor-version":[{"id":5436,"href":"https:\/\/elmetal.pl\/en\/wp-json\/wp\/v2\/pages\/5434\/revisions\/5436"}],"wp:attachment":[{"href":"https:\/\/elmetal.pl\/en\/wp-json\/wp\/v2\/media?parent=5434"}],"curies":[{"name":"wp","href":"https:\/\/api.w.org\/{rel}","templated":true}]}}