{"id":5596,"date":"2020-08-13T11:24:25","date_gmt":"2020-08-13T11:24:25","guid":{"rendered":"https:\/\/elmetal.pl\/certyfikaty\/"},"modified":"2020-08-13T11:29:06","modified_gmt":"2020-08-13T11:29:06","slug":"certifications","status":"publish","type":"page","link":"https:\/\/elmetal.pl\/fr\/certifications\/","title":{"rendered":"Certifications"},"content":{"rendered":"<section class=\"l-section wpb_row height_auto\"><div class=\"l-section-h i-cf\"><div class=\"g-cols vc_row type_default valign_top\"><div class=\"vc_col-sm-12 wpb_column vc_column_container\"><div class=\"vc_column-inner\"><div class=\"wpb_wrapper\"><div id=\"ultimate-heading-179669f1f45fba022\" class=\"uvc-heading ult-adjust-bottom-margin ultimate-heading-179669f1f45fba022 uvc-5025 \" data-hspacer=\"no_spacer\"  data-halign=\"left\" style=\"text-align:left\"><div class=\"uvc-heading-spacer no_spacer\" style=\"top\"><\/div><div class=\"uvc-main-heading ult-responsive\"  data-ultimate-target='.uvc-heading.ultimate-heading-179669f1f45fba022 h3'  data-responsive-json-new='{\"font-size\":\"desktop:24px;\",\"line-height\":\"\"}' ><h3 style=\"font-weight:normal;color:#0d60ae;\">Elmetal - nos certificats<\/h3><\/div><\/div><div class=\"w-separator size_small\"><\/div><\/div><\/div><\/div><\/div><\/div><\/section><section class=\"l-section wpb_row height_auto\"><div class=\"l-section-h i-cf\"><div class=\"g-cols vc_row type_default valign_top\"><div class=\"vc_col-sm-6 wpb_column vc_column_container\"><div class=\"vc_column-inner\"><div class=\"wpb_wrapper\"><div class=\"w-separator size_medium\"><\/div><div class=\"wpb_text_column\" ><div class=\"wpb_wrapper\"><div class=\"content\">\n<p style=\"text-align: justify;\"><span lang=\"EN-GB\"><span id=\"result_box\" class=\"\" lang=\"en\"><span class=\"\"><strong>IQNet ISO.<\/strong> Syst\u00e8me de management de qualit\u00e9 conforme aux normes\u00a0<strong>ISO 9001: 2016. <\/strong><\/span><\/span><\/span><strong><span lang=\"EN-GB\">IQNet<\/span><\/strong><span lang=\"EN-GB\"> \u2013<\/span><span lang=\"EN-GB\">\u00a0un r\u00e9seau international (regroupant 35 pays) d&rsquo;organismes de certification. Il\u00a0jouit d&rsquo;une renomm\u00e9e mondiale et est pr\u00e9sente dans\u00a0150 pays. Son haut niveau de comp\u00e9tences fait d&rsquo;IQNet une organisation de confiance.<\/span><\/p>\n<hr \/>\n<p style=\"text-align: justify;\"><strong><span lang=\"EN-GB\">SCC<\/span><\/strong><span lang=\"EN-GB\"> \u2013 un standard international pour la gestion s\u00e9curitaire, sanitaire et environnementale des fournisseurs de services.<\/span><\/p>\n<hr \/>\n<p style=\"text-align: justify;\"><strong>Brady<\/strong> &#8211; nous sommes distributeurs officiels des produits de l&rsquo;entreprise am\u00e9ricaine en Europe de l&rsquo;Est et Centrale. Brady est sp\u00e9cialis\u00e9e dans les solutions de s\u00e9curit\u00e9 modernes dans le secteur industriel.<\/p>\n<\/div>\n<\/div><\/div><div class=\"w-hwrapper align_left valign_top\"><div class=\"evc-single-image evc-shortcode  \">\n\t<div class=\"evc-si-inner evc-ib-lightbox\">\n\t\t\t\t\n\t\t\t\t\t<a class=\"evc-si-lightbox\" href=\"https:\/\/elmetal.pl\/wp-content\/uploads\/2020\/05\/certyfikat_brady_2018.jpg\" data-lightbox=\"evc-si-lb-7672\" data-title=\"certyfikat_brady_2018\">\n\t\t\t\t\n\t\t<img loading=\"lazy\" decoding=\"async\" width=\"150\" height=\"150\" src=\"https:\/\/elmetal.pl\/wp-content\/uploads\/2020\/05\/certyfikat_brady_2018-150x150.jpg\" class=\"attachment-thumbnail size-thumbnail\" alt=\"certyfikat brady 2018\" srcset=\"https:\/\/elmetal.pl\/wp-content\/uploads\/2020\/05\/certyfikat_brady_2018-150x150.jpg 150w, https:\/\/elmetal.pl\/wp-content\/uploads\/2020\/05\/certyfikat_brady_2018-300x300.jpg 300w\" sizes=\"(max-width: 150px) 100vw, 150px\" \/>\t\t\n\t\t\t\t\t<\/a>\n\t\t\t<\/div>\n<\/div>\n<div class=\"evc-single-image evc-shortcode  \">\n\t<div class=\"evc-si-inner evc-ib-lightbox\">\n\t\t\t\t\n\t\t\t\t\t<a class=\"evc-si-lightbox\" href=\"https:\/\/elmetal.pl\/wp-content\/uploads\/2020\/05\/elmetal_iqnet_quality.jpg\" data-lightbox=\"evc-si-lb-1706\" data-title=\"elmetal_iqnet_quality\">\n\t\t\t\t\n\t\t<img loading=\"lazy\" decoding=\"async\" width=\"150\" height=\"150\" src=\"https:\/\/elmetal.pl\/wp-content\/uploads\/2020\/05\/elmetal_iqnet_quality-150x150.jpg\" class=\"attachment-thumbnail size-thumbnail\" alt=\"elmetal iqnet quality\" srcset=\"https:\/\/elmetal.pl\/wp-content\/uploads\/2020\/05\/elmetal_iqnet_quality-150x150.jpg 150w, https:\/\/elmetal.pl\/wp-content\/uploads\/2020\/05\/elmetal_iqnet_quality-300x300.jpg 300w\" sizes=\"(max-width: 150px) 100vw, 150px\" \/>\t\t\n\t\t\t\t\t<\/a>\n\t\t\t<\/div>\n<\/div>\n<div class=\"evc-single-image evc-shortcode  \">\n\t<div class=\"evc-si-inner evc-ib-lightbox\">\n\t\t\t\t\n\t\t\t\t\t<a class=\"evc-si-lightbox\" href=\"https:\/\/elmetal.pl\/wp-content\/uploads\/2020\/05\/elmetal_quality_austria_iso.jpg\" data-lightbox=\"evc-si-lb-3561\" data-title=\"elmetal_quality_austria_iso\">\n\t\t\t\t\n\t\t<img loading=\"lazy\" decoding=\"async\" width=\"150\" height=\"150\" src=\"https:\/\/elmetal.pl\/wp-content\/uploads\/2020\/05\/elmetal_quality_austria_iso-150x150.jpg\" class=\"attachment-thumbnail size-thumbnail\" alt=\"elmetal quality austria iso\" srcset=\"https:\/\/elmetal.pl\/wp-content\/uploads\/2020\/05\/elmetal_quality_austria_iso-150x150.jpg 150w, https:\/\/elmetal.pl\/wp-content\/uploads\/2020\/05\/elmetal_quality_austria_iso-300x300.jpg 300w\" sizes=\"(max-width: 150px) 100vw, 150px\" \/>\t\t\n\t\t\t\t\t<\/a>\n\t\t\t<\/div>\n<\/div>\n<div class=\"evc-single-image evc-shortcode  \">\n\t<div class=\"evc-si-inner evc-ib-lightbox\">\n\t\t\t\t\n\t\t\t\t\t<a class=\"evc-si-lightbox\" href=\"https:\/\/elmetal.pl\/wp-content\/uploads\/2020\/05\/elmetal-scc-2.jpg\" data-lightbox=\"evc-si-lb-1027\" data-title=\"elmetal-scc-2\">\n\t\t\t\t\n\t\t<img loading=\"lazy\" decoding=\"async\" width=\"150\" height=\"150\" src=\"https:\/\/elmetal.pl\/wp-content\/uploads\/2020\/05\/elmetal-scc-2-150x150.jpg\" class=\"attachment-thumbnail size-thumbnail\" alt=\"elmetal scc\" srcset=\"https:\/\/elmetal.pl\/wp-content\/uploads\/2020\/05\/elmetal-scc-2-150x150.jpg 150w, https:\/\/elmetal.pl\/wp-content\/uploads\/2020\/05\/elmetal-scc-2-300x300.jpg 300w\" sizes=\"(max-width: 150px) 100vw, 150px\" \/>\t\t\n\t\t\t\t\t<\/a>\n\t\t\t<\/div>\n<\/div>\n<\/div><\/div><\/div><\/div><div class=\"vc_col-sm-6 wpb_column vc_column_container\"><div class=\"vc_column-inner\"><div class=\"wpb_wrapper\"><div class=\"info-wrapper ult-adjust-bottom-margin\"><div id=\"info-circle-wrapper-69f1f45fbc8ae\" data-uniqid=\"69f1f45fbc8ae\" class=\"info-circle-wrapper  info-circle-responsive \" data-half-percentage=\"70\" data-circle-type=\"full-circle\"><div class=\"info-c-full-br\" style='border:1px dotted #d1d1d1;width:80%;opacity:0;' data-start-degree=\"90\" data-divert=\"\" data-info-circle-angle=\"full\" data-responsive-circle=\"on\" data-responsive-breakpoint=\"800\" data-launch=\"\" data-launch-duration=\"1\" data-launch-delay=\"0.2\" data-slide-true=\"off\" data-slide-duration=\"3\" data-icon-size=\"32\" data-icon-show=\"not-show\" data-icon-show-size=\"\" data-highlight-style=\"info-circle-pulse\" data-focus-on=\"hover\"><div  class=\"icon-circle-list\"><div class=\"info-circle-icons \" style=\"background:#efefef;color:#0d60ae;\" ><i class=\"Defaults-certificate info-circle-icon\" ><\/i><\/div><div class=\"info-details\" data-icon-class=\"ult-info-circle-icon\"><div class=\"info-circle-def\"><div  class=\"info-circle-sub-def\"><i class=\"Defaults-certificate info-circle-icon\" ><\/i><div class=\"responsive-font-class ult-responsive\" ><h3  data-ultimate-target='#info-cirlce-wrap-3403 .responsive-font-class h3.new-cust-responsive-class'  data-responsive-json-new='{\"font-size\":\"\",\"line-height\":\"\"}'  class=\"info-circle-heading ult-responsive new-cust-responsive-class\" style=\"font-weight:normal;\">Brady<\/h3><div  class=\"info-circle-text \" style=\"font-weight:normal;\">Nous sommes le repr\u00e9sentant officiel et le distributeur des produits de cette soci\u00e9t\u00e9 am\u00e9ricaine pour l&rsquo;Europe centrale et orientale.<\/div><\/div><\/div><\/div><\/div><div class=\"info-circle-icons \" style=\"background:#efefef;color:#0d60ae;\" ><i class=\"Defaults-globe info-circle-icon\" ><\/i><\/div><div class=\"info-details\" data-icon-class=\"ult-info-circle-icon\"><div class=\"info-circle-def\"><div  class=\"info-circle-sub-def\"><i class=\"Defaults-globe info-circle-icon\" ><\/i><div class=\"responsive-font-class ult-responsive\" ><h3  data-ultimate-target='#info-cirlce-wrap-3403 .responsive-font-class h3.new-cust-responsive-class'  data-responsive-json-new='{\"font-size\":\"\",\"line-height\":\"\"}'  class=\"info-circle-heading ult-responsive new-cust-responsive-class\" style=\"font-weight:normal;\">SCC<\/h3><div  class=\"info-circle-text \" style=\"font-weight:normal;\">Une norme internationale pour la s\u00e9curit\u00e9, la sant\u00e9 et la protection de l&rsquo;environnement de travail pour les prestataires de services.<\/div><\/div><\/div><\/div><\/div><div class=\"info-circle-icons \" style=\"background:#efefef;color:#0d60ae;\" ><i class=\"Defaults-list-alt info-circle-icon\" ><\/i><\/div><div class=\"info-details\" data-icon-class=\"ult-info-circle-icon\"><div class=\"info-circle-def\"><div  class=\"info-circle-sub-def\"><i class=\"Defaults-list-alt info-circle-icon\" ><\/i><div class=\"responsive-font-class ult-responsive\" ><h3  data-ultimate-target='#info-cirlce-wrap-3403 .responsive-font-class h3.new-cust-responsive-class'  data-responsive-json-new='{\"font-size\":\"\",\"line-height\":\"\"}'  class=\"info-circle-heading ult-responsive new-cust-responsive-class\" style=\"font-weight:normal;\">IQNet ISO<\/h3><div  class=\"info-circle-text \" style=\"font-weight:normal;\">Syst\u00e8me de gestion de la qualit\u00e9 conforme aux normes <strong>ISO 9001: 2015<\/strong>. IQNet est un r\u00e9seau international d&rsquo;organismes de certification, r\u00e9unissant les plus importants organismes de certification de 35 pays.<\/div><\/div><\/div><\/div><\/div><\/div><div id=\"info-cirlce-wrap-3403\" class=\"info-c-full\" style=\"background-color:;color:;width:80%;height:80%;margin:10%;\"><div class=\"info-c-full-wrap\"><\/div><\/div><\/div><div class=\"smile_icon_list_wrap \" data-content_bg=\"\" data-content_color=\"\">\r\n\t\t\t\t\t\t\t<ul id=\"info-cirlce-wrap-3403\" class=\"smile_icon_list left circle with_bg\"><li class=\"icon_list_item\" style=\"font-size:96px;\">\r\n\t\t\t\t\t\t\t\t\t<div class=\"icon_list_icon\" style=\"font-size:32px;width:32px;height:32px;line-height:1;\">\r\n\t\t\t\t\t\t\t\t\t\t<i class=\"smt-pencil\"><\/i>\r\n\t\t\t\t\t\t\t\t\t<\/div>\r\n\t\t\t\t\t\t\t\t\t<div  class=\"icon_description\" style=\"font-size:32px;\">\r\n\t\t\t\t\t\t\t\t\t\t<div class=\"responsive-font-class ult-responsive\"  data-ultimate-target='#info-cirlce-wrap-3403 .responsive-font-class *'  data-responsive-json-new='{\"font-size\":\"\",\"line-height\":\"\"}'  style=\"font-weight:normal;\">\r\n\t\t\t\t\t\t\t\t\t\t\t<h3  data-ultimate-target='#info-cirlce-wrap-3403 .responsive-font-class h3.new-cust-responsive-class'  data-responsive-json-new='{\"font-size\":\"\",\"line-height\":\"\"}'  class=\"ult-responsive new-cust-responsive-class\" style=\"font-weight:normal;\"><\/h3>\r\n\t\t\t\t\t\t\t\t\t\t\t<p><\/p>\r\n\t\t\t\t\t\t\t\t\t\t<\/div>\r\n\t\t\t\t\t\t\t\t\t<\/div>\r\n\t\t\t\t\t\t\t\t\t<div class=\"icon_list_connector\" style=\" border-style:dotted;border-color:#d1d1d1; left:16px; top:32px;\">\r\n\t\t\t\t\t\t\t\t\t<\/div><\/li><\/ul>\r\n\t\t\t\t\t\t<\/div><\/div><\/div><\/div><\/div><\/div><\/div><\/div><\/section>\n","protected":false},"excerpt":{"rendered":"Elmetal - nos certificats IQNet ISO. Syst\u00e8me de management de qualit\u00e9 conforme aux normes\u00a0ISO 9001: 2016. IQNet \u2013\u00a0un r\u00e9seau international (regroupant 35 pays) d&rsquo;organismes de certification. Il\u00a0jouit d&rsquo;une renomm\u00e9e mondiale et est pr\u00e9sente dans\u00a0150 pays. Son haut niveau de comp\u00e9tences fait d&rsquo;IQNet une organisation de confiance. SCC \u2013 un standard international pour la gestion s\u00e9curitaire,...","protected":false},"author":1,"featured_media":0,"parent":0,"menu_order":0,"comment_status":"closed","ping_status":"closed","template":"","meta":{"footnotes":""},"class_list":["post-5596","page","type-page","status-publish","hentry"],"yoast_head":"<!-- This site is optimized with the Yoast SEO plugin v24.2 - https:\/\/yoast.com\/wordpress\/plugins\/seo\/ -->\n<title>Certifications - Elmetal<\/title>\n<meta name=\"robots\" content=\"index, follow, max-snippet:-1, max-image-preview:large, max-video-preview:-1\" \/>\n<link rel=\"canonical\" href=\"https:\/\/elmetal.pl\/fr\/certifications\/\" \/>\n<meta property=\"og:locale\" content=\"fr_FR\" \/>\n<meta property=\"og:type\" content=\"article\" \/>\n<meta property=\"og:title\" content=\"Certifications - Elmetal\" \/>\n<meta property=\"og:url\" content=\"https:\/\/elmetal.pl\/fr\/certifications\/\" \/>\n<meta property=\"og:site_name\" content=\"Elmetal\" \/>\n<meta property=\"article:publisher\" content=\"https:\/\/www.facebook.com\/profile.php?id=100046578560646\" \/>\n<meta property=\"article:modified_time\" content=\"2020-08-13T11:29:06+00:00\" \/>\n<meta name=\"twitter:card\" content=\"summary_large_image\" \/>\n<meta name=\"twitter:label1\" content=\"Dur\u00e9e de lecture estim\u00e9e\" \/>\n\t<meta name=\"twitter:data1\" content=\"2 minutes\" \/>\n<script type=\"application\/ld+json\" class=\"yoast-schema-graph\">{\"@context\":\"https:\/\/schema.org\",\"@graph\":[{\"@type\":\"WebPage\",\"@id\":\"https:\/\/elmetal.pl\/fr\/certifications\/\",\"url\":\"https:\/\/elmetal.pl\/fr\/certifications\/\",\"name\":\"Certifications - Elmetal\",\"isPartOf\":{\"@id\":\"https:\/\/elmetal.pl\/#website\"},\"datePublished\":\"2020-08-13T11:24:25+00:00\",\"dateModified\":\"2020-08-13T11:29:06+00:00\",\"breadcrumb\":{\"@id\":\"https:\/\/elmetal.pl\/fr\/certifications\/#breadcrumb\"},\"inLanguage\":\"fr-FR\",\"potentialAction\":[{\"@type\":\"ReadAction\",\"target\":[\"https:\/\/elmetal.pl\/fr\/certifications\/\"]}]},{\"@type\":\"BreadcrumbList\",\"@id\":\"https:\/\/elmetal.pl\/fr\/certifications\/#breadcrumb\",\"itemListElement\":[{\"@type\":\"ListItem\",\"position\":1,\"name\":\"Strona g\u0142\u00f3wna\",\"item\":\"https:\/\/elmetal.pl\/fr\/elmetal\/\"},{\"@type\":\"ListItem\",\"position\":2,\"name\":\"Certifications\"}]},{\"@type\":\"WebSite\",\"@id\":\"https:\/\/elmetal.pl\/#website\",\"url\":\"https:\/\/elmetal.pl\/\",\"name\":\"Elmetal\",\"description\":\"Elmetal - oznakuj i zabezpiecz - oznakowanie instalacji przemys\u0142owych\",\"publisher\":{\"@id\":\"https:\/\/elmetal.pl\/#organization\"},\"potentialAction\":[{\"@type\":\"SearchAction\",\"target\":{\"@type\":\"EntryPoint\",\"urlTemplate\":\"https:\/\/elmetal.pl\/?s={search_term_string}\"},\"query-input\":{\"@type\":\"PropertyValueSpecification\",\"valueRequired\":true,\"valueName\":\"search_term_string\"}}],\"inLanguage\":\"fr-FR\"},{\"@type\":\"Organization\",\"@id\":\"https:\/\/elmetal.pl\/#organization\",\"name\":\"Elmetal\",\"url\":\"https:\/\/elmetal.pl\/\",\"logo\":{\"@type\":\"ImageObject\",\"inLanguage\":\"fr-FR\",\"@id\":\"https:\/\/elmetal.pl\/#\/schema\/logo\/image\/\",\"url\":\"https:\/\/elmetal.pl\/wp-content\/uploads\/2022\/09\/Elmetal-logo-oznakuj-zabezpiecz.png\",\"contentUrl\":\"https:\/\/elmetal.pl\/wp-content\/uploads\/2022\/09\/Elmetal-logo-oznakuj-zabezpiecz.png\",\"width\":842,\"height\":273,\"caption\":\"Elmetal\"},\"image\":{\"@id\":\"https:\/\/elmetal.pl\/#\/schema\/logo\/image\/\"},\"sameAs\":[\"https:\/\/www.facebook.com\/profile.php?id=100046578560646\",\"https:\/\/www.linkedin.com\/company\/3066617\/\"]}]}<\/script>\n<!-- \/ Yoast SEO plugin. -->","yoast_head_json":{"title":"Certifications - Elmetal","robots":{"index":"index","follow":"follow","max-snippet":"max-snippet:-1","max-image-preview":"max-image-preview:large","max-video-preview":"max-video-preview:-1"},"canonical":"https:\/\/elmetal.pl\/fr\/certifications\/","og_locale":"fr_FR","og_type":"article","og_title":"Certifications - Elmetal","og_url":"https:\/\/elmetal.pl\/fr\/certifications\/","og_site_name":"Elmetal","article_publisher":"https:\/\/www.facebook.com\/profile.php?id=100046578560646","article_modified_time":"2020-08-13T11:29:06+00:00","twitter_card":"summary_large_image","twitter_misc":{"Dur\u00e9e de lecture estim\u00e9e":"2 minutes"},"schema":{"@context":"https:\/\/schema.org","@graph":[{"@type":"WebPage","@id":"https:\/\/elmetal.pl\/fr\/certifications\/","url":"https:\/\/elmetal.pl\/fr\/certifications\/","name":"Certifications - Elmetal","isPartOf":{"@id":"https:\/\/elmetal.pl\/#website"},"datePublished":"2020-08-13T11:24:25+00:00","dateModified":"2020-08-13T11:29:06+00:00","breadcrumb":{"@id":"https:\/\/elmetal.pl\/fr\/certifications\/#breadcrumb"},"inLanguage":"fr-FR","potentialAction":[{"@type":"ReadAction","target":["https:\/\/elmetal.pl\/fr\/certifications\/"]}]},{"@type":"BreadcrumbList","@id":"https:\/\/elmetal.pl\/fr\/certifications\/#breadcrumb","itemListElement":[{"@type":"ListItem","position":1,"name":"Strona g\u0142\u00f3wna","item":"https:\/\/elmetal.pl\/fr\/elmetal\/"},{"@type":"ListItem","position":2,"name":"Certifications"}]},{"@type":"WebSite","@id":"https:\/\/elmetal.pl\/#website","url":"https:\/\/elmetal.pl\/","name":"Elmetal","description":"Elmetal - oznakuj i zabezpiecz - oznakowanie instalacji przemys\u0142owych","publisher":{"@id":"https:\/\/elmetal.pl\/#organization"},"potentialAction":[{"@type":"SearchAction","target":{"@type":"EntryPoint","urlTemplate":"https:\/\/elmetal.pl\/?s={search_term_string}"},"query-input":{"@type":"PropertyValueSpecification","valueRequired":true,"valueName":"search_term_string"}}],"inLanguage":"fr-FR"},{"@type":"Organization","@id":"https:\/\/elmetal.pl\/#organization","name":"Elmetal","url":"https:\/\/elmetal.pl\/","logo":{"@type":"ImageObject","inLanguage":"fr-FR","@id":"https:\/\/elmetal.pl\/#\/schema\/logo\/image\/","url":"https:\/\/elmetal.pl\/wp-content\/uploads\/2022\/09\/Elmetal-logo-oznakuj-zabezpiecz.png","contentUrl":"https:\/\/elmetal.pl\/wp-content\/uploads\/2022\/09\/Elmetal-logo-oznakuj-zabezpiecz.png","width":842,"height":273,"caption":"Elmetal"},"image":{"@id":"https:\/\/elmetal.pl\/#\/schema\/logo\/image\/"},"sameAs":["https:\/\/www.facebook.com\/profile.php?id=100046578560646","https:\/\/www.linkedin.com\/company\/3066617\/"]}]}},"_links":{"self":[{"href":"https:\/\/elmetal.pl\/fr\/wp-json\/wp\/v2\/pages\/5596"}],"collection":[{"href":"https:\/\/elmetal.pl\/fr\/wp-json\/wp\/v2\/pages"}],"about":[{"href":"https:\/\/elmetal.pl\/fr\/wp-json\/wp\/v2\/types\/page"}],"author":[{"embeddable":true,"href":"https:\/\/elmetal.pl\/fr\/wp-json\/wp\/v2\/users\/1"}],"replies":[{"embeddable":true,"href":"https:\/\/elmetal.pl\/fr\/wp-json\/wp\/v2\/comments?post=5596"}],"version-history":[{"count":3,"href":"https:\/\/elmetal.pl\/fr\/wp-json\/wp\/v2\/pages\/5596\/revisions"}],"predecessor-version":[{"id":5600,"href":"https:\/\/elmetal.pl\/fr\/wp-json\/wp\/v2\/pages\/5596\/revisions\/5600"}],"wp:attachment":[{"href":"https:\/\/elmetal.pl\/fr\/wp-json\/wp\/v2\/media?parent=5596"}],"curies":[{"name":"wp","href":"https:\/\/api.w.org\/{rel}","templated":true}]}}