{"id":5605,"date":"2020-08-13T11:32:45","date_gmt":"2020-08-13T11:32:45","guid":{"rendered":"https:\/\/elmetal.pl\/services\/"},"modified":"2020-09-04T09:51:51","modified_gmt":"2020-09-04T09:51:51","slug":"services","status":"publish","type":"page","link":"https:\/\/elmetal.pl\/fr\/services\/","title":{"rendered":"Services"},"content":{"rendered":"<section class=\"l-section wpb_row height_auto\"><div class=\"l-section-h i-cf\"><div class=\"g-cols vc_row type_default valign_top\"><div class=\"vc_col-sm-12 wpb_column vc_column_container\"><div class=\"vc_column-inner\"><div class=\"wpb_wrapper\"><div id=\"ultimate-heading-557069f10ca6ed763\" class=\"uvc-heading ult-adjust-bottom-margin ultimate-heading-557069f10ca6ed763 uvc-1277 \" data-hspacer=\"no_spacer\"  data-halign=\"left\" style=\"text-align:left\"><div class=\"uvc-heading-spacer no_spacer\" style=\"top\"><\/div><div class=\"uvc-main-heading ult-responsive\"  data-ultimate-target='.uvc-heading.ultimate-heading-557069f10ca6ed763 h3'  data-responsive-json-new='{\"font-size\":\"desktop:36px;\",\"line-height\":\"\"}' ><h3 style=\"font-weight:normal;color:#0d60ae;\">Nos services<\/h3><\/div><\/div><div class=\"w-separator size_medium\"><\/div><div class=\"g-cols wpb_row  type_default valign_top vc_inner\"><div class=\"vc_col-sm-3 wpb_column vc_column_container\"><div class=\"vc_column-inner\"><div class=\"wpb_wrapper\"><div class=\"wpb_text_column\" ><div class=\"wpb_wrapper\"><h4><span style=\"font-size: 14pt;\"><a href=\"\/fr\/produkt\/limpression-numerique\/\"><img loading=\"lazy\" decoding=\"async\" class=\"alignnone wp-image-147 size-full\" src=\"https:\/\/elmetal.pl\/wp-content\/uploads\/2020\/03\/druk_cyfrowy1.jpg\" alt=\"\" width=\"900\" height=\"600\" srcset=\"https:\/\/elmetal.pl\/wp-content\/uploads\/2020\/03\/druk_cyfrowy1.jpg 900w, https:\/\/elmetal.pl\/wp-content\/uploads\/2020\/03\/druk_cyfrowy1-600x400.jpg 600w, https:\/\/elmetal.pl\/wp-content\/uploads\/2020\/03\/druk_cyfrowy1-300x200.jpg 300w, https:\/\/elmetal.pl\/wp-content\/uploads\/2020\/03\/druk_cyfrowy1-768x512.jpg 768w\" sizes=\"(max-width: 900px) 100vw, 900px\" \/><\/a><br \/>\n<\/span><strong><span style=\"font-size: 14pt;\">L&rsquo;impression num\u00e9rique<\/span><\/strong><\/h4>\n<p style=\"text-align: left;\"><span style=\"font-size: 9pt!important;\">Dans le cas de formes plus travaill\u00e9es et complexes, command\u00e9es en petites quantit\u00e9s, il est recommand\u00e9 de privil\u00e9gier l&rsquo;impression num\u00e9rique \u00e0 la s\u00e9rigraphie. Les qualit\u00e9s et r\u00e9sultats de ces deux m\u00e9thodes sont comparables. La haute qualit\u00e9 de l&rsquo;impression du texte est visible aussi bien en couleur qu&rsquo;en noir et blanc.<\/span><\/p>\n<\/div><\/div><div class=\"w-separator size_medium\"><\/div><\/div><\/div><\/div><div class=\"vc_col-sm-3 wpb_column vc_column_container\"><div class=\"vc_column-inner\"><div class=\"wpb_wrapper\"><div class=\"wpb_text_column\" ><div class=\"wpb_wrapper\"><h4><span style=\"font-size: 14pt;\"><a href=\"\/fr\/produkt\/gravure\/\"><img loading=\"lazy\" decoding=\"async\" class=\"alignnone wp-image-146 size-full\" src=\"https:\/\/elmetal.pl\/wp-content\/uploads\/2020\/03\/grawer.jpg\" alt=\"\" width=\"900\" height=\"600\" srcset=\"https:\/\/elmetal.pl\/wp-content\/uploads\/2020\/03\/grawer.jpg 900w, https:\/\/elmetal.pl\/wp-content\/uploads\/2020\/03\/grawer-600x400.jpg 600w, https:\/\/elmetal.pl\/wp-content\/uploads\/2020\/03\/grawer-300x200.jpg 300w, https:\/\/elmetal.pl\/wp-content\/uploads\/2020\/03\/grawer-768x512.jpg 768w\" sizes=\"(max-width: 900px) 100vw, 900px\" \/><\/a><br \/>\n<strong>Gravure<\/strong><\/span><\/h4>\n<p style=\"text-align: left;\"><span style=\"font-size: 9pt!important;\">Les plaques peuvent \u00eatre grav\u00e9es au laser ou de fa\u00e7on m\u00e9canique (par fraisage). Nos supports peuvent aussi bien \u00eatre compos\u00e9s en PVC lamin\u00e9, aluminium, acier inoxydable ou encore d&rsquo;autres mat\u00e9riaux sur demande. La taille de la plaque, sa forme (coins arrondis par exemple), l&rsquo;agencement du texte, les emplacements n\u00e9cessaires \u00e0 son installation peuvent \u00eatre imagin\u00e9s en ad\u00e9quation avec la demande du client. Forte de ses nombreuses ann\u00e9es d&rsquo;exp\u00e9rience et dot\u00e9e des meilleures avanc\u00e9es technologiques en mati\u00e8re de marquage industriel, la soci\u00e9t\u00e9 Elmetal garantit un tr\u00e8s haut niveau de qualit\u00e9 ainsi qu&rsquo;un temps de production extr\u00eamement court, quelque soit le nombre de plaques command\u00e9es.<\/span><\/p>\n<\/div><\/div><div class=\"w-separator size_medium\"><\/div><\/div><\/div><\/div><div class=\"vc_col-sm-3 wpb_column vc_column_container\"><div class=\"vc_column-inner\"><div class=\"wpb_wrapper\"><div class=\"wpb_text_column\" ><div class=\"wpb_wrapper\"><h4><span style=\"font-size: 14pt;\"><a href=\"\/fr\/produkt\/installation\/\"><img loading=\"lazy\" decoding=\"async\" class=\"alignnone wp-image-145 size-full\" src=\"https:\/\/elmetal.pl\/wp-content\/uploads\/2020\/03\/montaz.jpg\" alt=\"\" width=\"900\" height=\"600\" srcset=\"https:\/\/elmetal.pl\/wp-content\/uploads\/2020\/03\/montaz.jpg 900w, https:\/\/elmetal.pl\/wp-content\/uploads\/2020\/03\/montaz-600x400.jpg 600w, https:\/\/elmetal.pl\/wp-content\/uploads\/2020\/03\/montaz-300x200.jpg 300w, https:\/\/elmetal.pl\/wp-content\/uploads\/2020\/03\/montaz-768x512.jpg 768w\" sizes=\"(max-width: 900px) 100vw, 900px\" \/><\/a><br \/>\n<strong>Installation<\/strong><\/span><\/h4>\n<p style=\"text-align: left;\"><span style=\"font-size: 9pt!important;\">Hautement qualifi\u00e9s, nos collaborateurs sont disponibles pour installer tous nos produits directement dans vos industries. Nous vous offrons une installation soign\u00e9e et fiable, respectant toutes les normes de votre secteur d&rsquo;activit\u00e9. Nos monteurs sont totalement \u00e9quip\u00e9s et sont capable de se d\u00e9placer de fa\u00e7on ind\u00e9pendante dans vos locaux, guid\u00e9s uniquement par des dessins techniques.<\/span><\/p>\n<\/div><\/div><div class=\"w-separator size_medium\"><\/div><\/div><\/div><\/div><div class=\"vc_col-sm-3 wpb_column vc_column_container\"><div class=\"vc_column-inner\"><div class=\"wpb_wrapper\"><div class=\"wpb_text_column\" ><div class=\"wpb_wrapper\"><h4><span style=\"font-size: 14pt;\"><a href=\"\/fr\/produkt\/serigraphie\/\"><img loading=\"lazy\" decoding=\"async\" class=\"alignnone wp-image-144 size-full\" src=\"https:\/\/elmetal.pl\/wp-content\/uploads\/2020\/03\/sitodruk1.jpg\" alt=\"\" width=\"900\" height=\"600\" srcset=\"https:\/\/elmetal.pl\/wp-content\/uploads\/2020\/03\/sitodruk1.jpg 900w, https:\/\/elmetal.pl\/wp-content\/uploads\/2020\/03\/sitodruk1-600x400.jpg 600w, https:\/\/elmetal.pl\/wp-content\/uploads\/2020\/03\/sitodruk1-300x200.jpg 300w, https:\/\/elmetal.pl\/wp-content\/uploads\/2020\/03\/sitodruk1-768x512.jpg 768w\" sizes=\"(max-width: 900px) 100vw, 900px\" \/><\/a><br \/>\n<strong>S\u00e9rigraphie<\/strong><\/span><\/h4>\n<p style=\"text-align: left;\"><span style=\"font-size: 9pt!important;\">La s\u00e9rigraphie permet d&rsquo;imprimer toutes formes ou tous logos compos\u00e9s d&rsquo;une ou plusieurs couleurs sur des supports tels que du papier, des panneaux en plastique, du m\u00e9tal, des objets de formes et tailles vari\u00e9es, des \u00e9quipements compos\u00e9s de mat\u00e9riaux divers aussi bien que des fa\u00e7ades ou des panneaux de commande.<\/span><\/p>\n<\/div><\/div><div class=\"w-separator size_medium\"><\/div><\/div><\/div><\/div><\/div><div class=\"g-cols wpb_row  type_default valign_top vc_inner\"><div class=\"vc_col-sm-3 wpb_column vc_column_container\"><div class=\"vc_column-inner\"><div class=\"wpb_wrapper\"><div class=\"wpb_text_column\" ><div class=\"wpb_wrapper\"><h4><span style=\"font-size: 14pt;\"><a href=\"\/fr\/produkt\/peindre-des-lignes\/\"><img loading=\"lazy\" decoding=\"async\" class=\"alignnone wp-image-5131 size-full\" src=\"https:\/\/elmetal.pl\/wp-content\/uploads\/2020\/07\/malowanie-linii-pasow.jpg\" alt=\"Malowanie linii i pas\u00f3w\" width=\"900\" height=\"600\" srcset=\"https:\/\/elmetal.pl\/wp-content\/uploads\/2020\/07\/malowanie-linii-pasow.jpg 900w, https:\/\/elmetal.pl\/wp-content\/uploads\/2020\/07\/malowanie-linii-pasow-300x200.jpg 300w, https:\/\/elmetal.pl\/wp-content\/uploads\/2020\/07\/malowanie-linii-pasow-600x400.jpg 600w\" sizes=\"(max-width: 900px) 100vw, 900px\" \/><\/a><br \/>\n<strong>Peindre des lignes, des rayures et des marques<\/strong><\/span><\/h4>\n<p style=\"text-align: left;\"><span style=\"font-size: 9pt!important;\">Nous r\u00e9alisons des marquages \u200b\u200bhorizontaux industriels (peinture en bande et en ligne) dans les halls de production et de stockage, \u00e9galement dans les parkings ou les lieux de livraison des marchandises. Nous fournissons la peinture, le rafra\u00eechissement et l&rsquo;\u00e9limination des marquages \u200b\u200broutiers endommag\u00e9s.<\/span><\/p>\n<\/div><\/div><div class=\"w-separator size_medium\"><\/div><\/div><\/div><\/div><div class=\"vc_col-sm-3 wpb_column vc_column_container\"><div class=\"vc_column-inner\"><div class=\"wpb_wrapper\"><div class=\"wpb_text_column\" ><div class=\"wpb_wrapper\"><h4><span style=\"font-size: 14pt;\"><a href=\"\/fr\/produkt\/audits-et-formations-loto\/\"><img loading=\"lazy\" decoding=\"async\" class=\"alignnone wp-image-4763 size-full\" src=\"https:\/\/elmetal.pl\/wp-content\/uploads\/2020\/07\/loto-audyt.jpg\" alt=\"\" width=\"900\" height=\"600\" srcset=\"https:\/\/elmetal.pl\/wp-content\/uploads\/2020\/07\/loto-audyt.jpg 900w, https:\/\/elmetal.pl\/wp-content\/uploads\/2020\/07\/loto-audyt-300x200.jpg 300w, https:\/\/elmetal.pl\/wp-content\/uploads\/2020\/07\/loto-audyt-600x400.jpg 600w\" sizes=\"(max-width: 900px) 100vw, 900px\" \/><\/a><br \/>\n<strong>Audits et formations LOTO<br \/>\n<\/strong><\/span><\/h4>\n<p style=\"text-align: left;\"><span style=\"font-size: 9pt!important;\">Lorem ipsum dolor sit amet, consectetur adipiscing elit. Proin nibh augue, suscipit a, scelerisque sed, lacinia in, mi. Cras vel lorem. Etiam pellentesque aliquet tellus.\u00a0<\/span><\/p>\n<\/div><\/div><div class=\"w-separator size_medium\"><\/div><\/div><\/div><\/div><div class=\"vc_col-sm-3 wpb_column vc_column_container\"><div class=\"vc_column-inner\"><div class=\"wpb_wrapper\"><div class=\"wpb_text_column\" ><div class=\"wpb_wrapper\"><h4><span style=\"font-size: 14pt;\"><a href=\"\/fr\/produkt\/conception-de-panneaux-et-de-panneaux-sst\/\"><img loading=\"lazy\" decoding=\"async\" class=\"alignnone wp-image-4766 size-full\" src=\"https:\/\/elmetal.pl\/wp-content\/uploads\/2020\/07\/tablica-bhp.jpg\" alt=\"\" width=\"900\" height=\"600\" srcset=\"https:\/\/elmetal.pl\/wp-content\/uploads\/2020\/07\/tablica-bhp.jpg 900w, https:\/\/elmetal.pl\/wp-content\/uploads\/2020\/07\/tablica-bhp-300x200.jpg 300w, https:\/\/elmetal.pl\/wp-content\/uploads\/2020\/07\/tablica-bhp-600x400.jpg 600w\" sizes=\"(max-width: 900px) 100vw, 900px\" \/><\/a><br \/>\n<strong>Conception de panneaux et de panneaux SST<br \/>\n<\/strong><\/span><\/h4>\n<p style=\"text-align: left;\"><span style=\"font-size: 9pt!important;\">Lorem ipsum dolor sit amet, consectetur adipiscing elit. Proin nibh augue, suscipit a, scelerisque sed, lacinia in, mi. Cras vel lorem. Etiam pellentesque aliquet tellus. <\/span><\/p>\n<\/div><\/div><div class=\"w-separator size_medium\"><\/div><\/div><\/div><\/div><div class=\"vc_col-sm-3 wpb_column vc_column_container\"><div class=\"vc_column-inner\"><div class=\"wpb_wrapper\"><div class=\"wpb_text_column\" ><div class=\"wpb_wrapper\"><h4><span style=\"font-size: 14pt;\"><a href=\"\/fr\/produkt\/conception-des-itineraires-et-des-marquages-%E2%80%8B%E2%80%8Bdevacuation\/\"><img loading=\"lazy\" decoding=\"async\" class=\"alignnone wp-image-4769 size-full\" src=\"https:\/\/elmetal.pl\/wp-content\/uploads\/2020\/07\/drogi-ewakuacyjne.jpg\" alt=\"\" width=\"900\" height=\"600\" srcset=\"https:\/\/elmetal.pl\/wp-content\/uploads\/2020\/07\/drogi-ewakuacyjne.jpg 900w, https:\/\/elmetal.pl\/wp-content\/uploads\/2020\/07\/drogi-ewakuacyjne-300x200.jpg 300w, https:\/\/elmetal.pl\/wp-content\/uploads\/2020\/07\/drogi-ewakuacyjne-600x400.jpg 600w\" sizes=\"(max-width: 900px) 100vw, 900px\" \/><\/a><br \/>\n<strong>Conception des itin\u00e9raires et des marquages \u200b\u200bd&rsquo;\u00e9vacuation<\/strong><\/span><\/h4>\n<p style=\"text-align: left;\"><span style=\"font-size: 9pt!important;\">Lorem ipsum dolor sit amet, consectetur adipiscing elit. Proin nibh augue, suscipit a, scelerisque sed, lacinia in, mi. Cras vel lorem. Etiam pellentesque aliquet tellus. <\/span><\/p>\n<\/div><\/div><div class=\"w-separator size_medium\"><\/div><\/div><\/div><\/div><\/div><div class=\"w-separator size_custom\" style=\"height:50px\"><\/div><div class=\"vc_col-sm-1\/5 wpb_column vc_column_container\"><div class=\"vc_column-inner\"><div class=\"wpb_wrapper\"><\/div><\/div><\/div><div class=\"vc_col-sm-1\/5 wpb_column vc_column_container\"><div class=\"vc_column-inner\"><div class=\"wpb_wrapper\"><\/div><\/div><\/div><div class=\"vc_col-sm-1\/5 wpb_column vc_column_container\"><div class=\"vc_column-inner\"><div class=\"wpb_wrapper\"><\/div><\/div><\/div><div class=\"vc_col-sm-1\/5 wpb_column vc_column_container\"><div class=\"vc_column-inner\"><div class=\"wpb_wrapper\"><\/div><\/div><\/div><\/div><\/div><\/div><\/div><\/div><\/section><!-- Row Backgrounds --><div class=\"upb_color\" data-bg-override=\"full\" data-bg-color=\"\" data-fadeout=\"\" data-fadeout-percentage=\"30\" data-parallax-content=\"\" data-parallax-content-sense=\"30\" data-row-effect-mobile-disable=\"true\" data-img-parallax-mobile-disable=\"true\" data-rtl=\"false\"  data-custom-vc-row=\"\"  data-vc=\"6.4.1\"  data-is_old_vc=\"\"  data-theme-support=\"\"   data-overlay=\"false\" data-overlay-color=\"\" data-overlay-pattern=\"\" data-overlay-pattern-opacity=\"\" data-overlay-pattern-size=\"\"    ><\/div>\n","protected":false},"excerpt":{"rendered":"Nos services L&rsquo;impression num\u00e9rique Dans le cas de formes plus travaill\u00e9es et complexes, command\u00e9es en petites quantit\u00e9s, il est recommand\u00e9 de privil\u00e9gier l&rsquo;impression num\u00e9rique \u00e0 la s\u00e9rigraphie. Les qualit\u00e9s et r\u00e9sultats de ces deux m\u00e9thodes sont comparables. La haute qualit\u00e9 de l&rsquo;impression du texte est visible aussi bien en couleur qu&rsquo;en noir et blanc. Gravure...","protected":false},"author":1,"featured_media":5147,"parent":0,"menu_order":0,"comment_status":"closed","ping_status":"closed","template":"","meta":{"footnotes":""},"class_list":["post-5605","page","type-page","status-publish","has-post-thumbnail","hentry"],"yoast_head":"<!-- This site is optimized with the Yoast SEO plugin v24.2 - https:\/\/yoast.com\/wordpress\/plugins\/seo\/ -->\n<title>Services - Elmetal<\/title>\n<meta name=\"robots\" content=\"index, follow, max-snippet:-1, max-image-preview:large, max-video-preview:-1\" \/>\n<link rel=\"canonical\" href=\"https:\/\/elmetal.pl\/fr\/services\/\" \/>\n<meta property=\"og:locale\" content=\"fr_FR\" \/>\n<meta property=\"og:type\" content=\"article\" \/>\n<meta property=\"og:title\" content=\"Services - Elmetal\" \/>\n<meta property=\"og:url\" content=\"https:\/\/elmetal.pl\/fr\/services\/\" \/>\n<meta property=\"og:site_name\" content=\"Elmetal\" \/>\n<meta property=\"article:publisher\" content=\"https:\/\/www.facebook.com\/profile.php?id=100046578560646\" \/>\n<meta property=\"article:modified_time\" content=\"2020-09-04T09:51:51+00:00\" \/>\n<meta property=\"og:image\" content=\"https:\/\/elmetal.pl\/wp-content\/uploads\/2020\/07\/7z_system_elmetal_uslugi_logo.png\" \/>\n\t<meta property=\"og:image:width\" content=\"1000\" \/>\n\t<meta property=\"og:image:height\" content=\"707\" \/>\n\t<meta property=\"og:image:type\" content=\"image\/png\" \/>\n<meta name=\"twitter:card\" content=\"summary_large_image\" \/>\n<meta name=\"twitter:label1\" content=\"Dur\u00e9e de lecture estim\u00e9e\" \/>\n\t<meta name=\"twitter:data1\" content=\"3 minutes\" \/>\n<script type=\"application\/ld+json\" class=\"yoast-schema-graph\">{\"@context\":\"https:\/\/schema.org\",\"@graph\":[{\"@type\":\"WebPage\",\"@id\":\"https:\/\/elmetal.pl\/fr\/services\/\",\"url\":\"https:\/\/elmetal.pl\/fr\/services\/\",\"name\":\"Services - Elmetal\",\"isPartOf\":{\"@id\":\"https:\/\/elmetal.pl\/#website\"},\"primaryImageOfPage\":{\"@id\":\"https:\/\/elmetal.pl\/fr\/services\/#primaryimage\"},\"image\":{\"@id\":\"https:\/\/elmetal.pl\/fr\/services\/#primaryimage\"},\"thumbnailUrl\":\"https:\/\/elmetal.pl\/wp-content\/uploads\/2020\/07\/7z_system_elmetal_uslugi_logo.png\",\"datePublished\":\"2020-08-13T11:32:45+00:00\",\"dateModified\":\"2020-09-04T09:51:51+00:00\",\"breadcrumb\":{\"@id\":\"https:\/\/elmetal.pl\/fr\/services\/#breadcrumb\"},\"inLanguage\":\"fr-FR\",\"potentialAction\":[{\"@type\":\"ReadAction\",\"target\":[\"https:\/\/elmetal.pl\/fr\/services\/\"]}]},{\"@type\":\"ImageObject\",\"inLanguage\":\"fr-FR\",\"@id\":\"https:\/\/elmetal.pl\/fr\/services\/#primaryimage\",\"url\":\"https:\/\/elmetal.pl\/wp-content\/uploads\/2020\/07\/7z_system_elmetal_uslugi_logo.png\",\"contentUrl\":\"https:\/\/elmetal.pl\/wp-content\/uploads\/2020\/07\/7z_system_elmetal_uslugi_logo.png\",\"width\":1000,\"height\":707,\"caption\":\"Elmetal - oznakuj i zabezpiecz - us\u0142ugi\"},{\"@type\":\"BreadcrumbList\",\"@id\":\"https:\/\/elmetal.pl\/fr\/services\/#breadcrumb\",\"itemListElement\":[{\"@type\":\"ListItem\",\"position\":1,\"name\":\"Strona g\u0142\u00f3wna\",\"item\":\"https:\/\/elmetal.pl\/fr\/elmetal\/\"},{\"@type\":\"ListItem\",\"position\":2,\"name\":\"Services\"}]},{\"@type\":\"WebSite\",\"@id\":\"https:\/\/elmetal.pl\/#website\",\"url\":\"https:\/\/elmetal.pl\/\",\"name\":\"Elmetal\",\"description\":\"Elmetal - oznakuj i zabezpiecz - oznakowanie instalacji przemys\u0142owych\",\"publisher\":{\"@id\":\"https:\/\/elmetal.pl\/#organization\"},\"potentialAction\":[{\"@type\":\"SearchAction\",\"target\":{\"@type\":\"EntryPoint\",\"urlTemplate\":\"https:\/\/elmetal.pl\/?s={search_term_string}\"},\"query-input\":{\"@type\":\"PropertyValueSpecification\",\"valueRequired\":true,\"valueName\":\"search_term_string\"}}],\"inLanguage\":\"fr-FR\"},{\"@type\":\"Organization\",\"@id\":\"https:\/\/elmetal.pl\/#organization\",\"name\":\"Elmetal\",\"url\":\"https:\/\/elmetal.pl\/\",\"logo\":{\"@type\":\"ImageObject\",\"inLanguage\":\"fr-FR\",\"@id\":\"https:\/\/elmetal.pl\/#\/schema\/logo\/image\/\",\"url\":\"https:\/\/elmetal.pl\/wp-content\/uploads\/2022\/09\/Elmetal-logo-oznakuj-zabezpiecz.png\",\"contentUrl\":\"https:\/\/elmetal.pl\/wp-content\/uploads\/2022\/09\/Elmetal-logo-oznakuj-zabezpiecz.png\",\"width\":842,\"height\":273,\"caption\":\"Elmetal\"},\"image\":{\"@id\":\"https:\/\/elmetal.pl\/#\/schema\/logo\/image\/\"},\"sameAs\":[\"https:\/\/www.facebook.com\/profile.php?id=100046578560646\",\"https:\/\/www.linkedin.com\/company\/3066617\/\"]}]}<\/script>\n<!-- \/ Yoast SEO plugin. -->","yoast_head_json":{"title":"Services - Elmetal","robots":{"index":"index","follow":"follow","max-snippet":"max-snippet:-1","max-image-preview":"max-image-preview:large","max-video-preview":"max-video-preview:-1"},"canonical":"https:\/\/elmetal.pl\/fr\/services\/","og_locale":"fr_FR","og_type":"article","og_title":"Services - Elmetal","og_url":"https:\/\/elmetal.pl\/fr\/services\/","og_site_name":"Elmetal","article_publisher":"https:\/\/www.facebook.com\/profile.php?id=100046578560646","article_modified_time":"2020-09-04T09:51:51+00:00","og_image":[{"width":1000,"height":707,"url":"https:\/\/elmetal.pl\/wp-content\/uploads\/2020\/07\/7z_system_elmetal_uslugi_logo.png","type":"image\/png"}],"twitter_card":"summary_large_image","twitter_misc":{"Dur\u00e9e de lecture estim\u00e9e":"3 minutes"},"schema":{"@context":"https:\/\/schema.org","@graph":[{"@type":"WebPage","@id":"https:\/\/elmetal.pl\/fr\/services\/","url":"https:\/\/elmetal.pl\/fr\/services\/","name":"Services - Elmetal","isPartOf":{"@id":"https:\/\/elmetal.pl\/#website"},"primaryImageOfPage":{"@id":"https:\/\/elmetal.pl\/fr\/services\/#primaryimage"},"image":{"@id":"https:\/\/elmetal.pl\/fr\/services\/#primaryimage"},"thumbnailUrl":"https:\/\/elmetal.pl\/wp-content\/uploads\/2020\/07\/7z_system_elmetal_uslugi_logo.png","datePublished":"2020-08-13T11:32:45+00:00","dateModified":"2020-09-04T09:51:51+00:00","breadcrumb":{"@id":"https:\/\/elmetal.pl\/fr\/services\/#breadcrumb"},"inLanguage":"fr-FR","potentialAction":[{"@type":"ReadAction","target":["https:\/\/elmetal.pl\/fr\/services\/"]}]},{"@type":"ImageObject","inLanguage":"fr-FR","@id":"https:\/\/elmetal.pl\/fr\/services\/#primaryimage","url":"https:\/\/elmetal.pl\/wp-content\/uploads\/2020\/07\/7z_system_elmetal_uslugi_logo.png","contentUrl":"https:\/\/elmetal.pl\/wp-content\/uploads\/2020\/07\/7z_system_elmetal_uslugi_logo.png","width":1000,"height":707,"caption":"Elmetal - oznakuj i zabezpiecz - us\u0142ugi"},{"@type":"BreadcrumbList","@id":"https:\/\/elmetal.pl\/fr\/services\/#breadcrumb","itemListElement":[{"@type":"ListItem","position":1,"name":"Strona g\u0142\u00f3wna","item":"https:\/\/elmetal.pl\/fr\/elmetal\/"},{"@type":"ListItem","position":2,"name":"Services"}]},{"@type":"WebSite","@id":"https:\/\/elmetal.pl\/#website","url":"https:\/\/elmetal.pl\/","name":"Elmetal","description":"Elmetal - oznakuj i zabezpiecz - oznakowanie instalacji przemys\u0142owych","publisher":{"@id":"https:\/\/elmetal.pl\/#organization"},"potentialAction":[{"@type":"SearchAction","target":{"@type":"EntryPoint","urlTemplate":"https:\/\/elmetal.pl\/?s={search_term_string}"},"query-input":{"@type":"PropertyValueSpecification","valueRequired":true,"valueName":"search_term_string"}}],"inLanguage":"fr-FR"},{"@type":"Organization","@id":"https:\/\/elmetal.pl\/#organization","name":"Elmetal","url":"https:\/\/elmetal.pl\/","logo":{"@type":"ImageObject","inLanguage":"fr-FR","@id":"https:\/\/elmetal.pl\/#\/schema\/logo\/image\/","url":"https:\/\/elmetal.pl\/wp-content\/uploads\/2022\/09\/Elmetal-logo-oznakuj-zabezpiecz.png","contentUrl":"https:\/\/elmetal.pl\/wp-content\/uploads\/2022\/09\/Elmetal-logo-oznakuj-zabezpiecz.png","width":842,"height":273,"caption":"Elmetal"},"image":{"@id":"https:\/\/elmetal.pl\/#\/schema\/logo\/image\/"},"sameAs":["https:\/\/www.facebook.com\/profile.php?id=100046578560646","https:\/\/www.linkedin.com\/company\/3066617\/"]}]}},"_links":{"self":[{"href":"https:\/\/elmetal.pl\/fr\/wp-json\/wp\/v2\/pages\/5605"}],"collection":[{"href":"https:\/\/elmetal.pl\/fr\/wp-json\/wp\/v2\/pages"}],"about":[{"href":"https:\/\/elmetal.pl\/fr\/wp-json\/wp\/v2\/types\/page"}],"author":[{"embeddable":true,"href":"https:\/\/elmetal.pl\/fr\/wp-json\/wp\/v2\/users\/1"}],"replies":[{"embeddable":true,"href":"https:\/\/elmetal.pl\/fr\/wp-json\/wp\/v2\/comments?post=5605"}],"version-history":[{"count":5,"href":"https:\/\/elmetal.pl\/fr\/wp-json\/wp\/v2\/pages\/5605\/revisions"}],"predecessor-version":[{"id":5920,"href":"https:\/\/elmetal.pl\/fr\/wp-json\/wp\/v2\/pages\/5605\/revisions\/5920"}],"wp:featuredmedia":[{"embeddable":true,"href":"https:\/\/elmetal.pl\/fr\/wp-json\/wp\/v2\/media\/5147"}],"wp:attachment":[{"href":"https:\/\/elmetal.pl\/fr\/wp-json\/wp\/v2\/media?parent=5605"}],"curies":[{"name":"wp","href":"https:\/\/api.w.org\/{rel}","templated":true}]}}