{"id":5616,"date":"2020-08-14T08:17:45","date_gmt":"2020-08-14T08:17:45","guid":{"rendered":"https:\/\/elmetal.pl\/1z-marquage-des-machines-et-des-installations-de-processus\/"},"modified":"2020-08-14T08:17:45","modified_gmt":"2020-08-14T08:17:45","slug":"1z-marquage-des-machines-et-des-installations-de-processus","status":"publish","type":"page","link":"https:\/\/elmetal.pl\/fr\/1z-marquage-des-machines-et-des-installations-de-processus\/","title":{"rendered":"1Z Marquage des machines et des installations de processus"},"content":{"rendered":"<section class=\"l-section wpb_row height_auto\"><div class=\"l-section-h i-cf\"><div class=\"g-cols vc_row type_default valign_top\"><div class=\"vc_col-sm-12 wpb_column vc_column_container\"><div class=\"vc_column-inner\"><div class=\"wpb_wrapper\"><div class=\"w-grid type_carousel layout_1098\" id=\"us_grid_1\" data-grid-filter=\"false\"><style id=\"us_grid_1_css\">#us_grid_1 .owl-nav div{font-size:1.8rem}#us_grid_1 .w-grid-item{padding:1.5rem}#us_grid_1 .w-grid-list{margin:-1.5rem}.w-grid + #us_grid_1 .w-grid-list{margin-top:1.5rem}<\/style><style>.layout_1098 .w-grid-item-h{background:#efefef;color:#333;box-shadow:0 0.00rem 0.00rem rgba(0,0,0,0.1),0 0.00rem 0.00rem rgba(0,0,0,0.1);transition-duration:0.3s}.no-touch .layout_1098 .w-grid-item-h:hover{box-shadow:0 0.15rem 0.30rem rgba(0,0,0,0.1),0 0.50rem 1.50rem rgba(0,0,0,0.15);z-index:4}.layout_1098 .usg_post_image_1{position:static!important}.layout_1098 .usg_vwrapper_1{position:static!important;padding:1.5rem 2.5rem 2.5rem 2.5rem!important}.layout_1098 .usg_post_title_1{font-size:1.2rem!important}<\/style><div class=\"w-grid-list owl-carousel navstyle_circle navpos_inside with_dots\" ><article class=\"w-grid-item post-5638 us_portfolio type-us_portfolio status-publish has-post-thumbnail hentry us_portfolio_category-1z-fr us_portfolio_category-marquage-des-raccords-et-dispositifs us_portfolio_tag-1z-znakowania-maszyn-i-instalacji-procesowych-fr\" data-id=\"5638\">\r\n\t<div class=\"w-grid-item-h\">\r\n\t\t\t\t<div class=\"w-post-elm post_image usg_post_image_1 stretched\"><a href=\"https:\/\/elmetal.pl\/fr\/produkt\/marquage-des-installations-et-des-equipements-industriels\/\" aria-label=\"Marquage des installations et des \u00e9quipements industriels\"><img loading=\"lazy\" decoding=\"async\" width=\"900\" height=\"600\" src=\"https:\/\/elmetal.pl\/wp-content\/uploads\/2020\/06\/oznak_maszyn2.jpg\" class=\"attachment-large size-large wp-post-image\" alt=\"Oznakowanie maszyn tabliczki identyfikacyjne\" srcset=\"https:\/\/elmetal.pl\/wp-content\/uploads\/2020\/06\/oznak_maszyn2.jpg 900w, https:\/\/elmetal.pl\/wp-content\/uploads\/2020\/06\/oznak_maszyn2-300x200.jpg 300w, https:\/\/elmetal.pl\/wp-content\/uploads\/2020\/06\/oznak_maszyn2-600x400.jpg 600w\" sizes=\"(max-width: 900px) 100vw, 900px\" \/><\/a><\/div><div class=\"w-vwrapper usg_vwrapper_1 align_center valign_top\"><h2 class=\"w-post-elm post_title usg_post_title_1 entry-title color_link_inherit\"><a href=\"https:\/\/elmetal.pl\/fr\/produkt\/marquage-des-installations-et-des-equipements-industriels\/\">Marquage des installations et des \u00e9quipements industriels<\/a><\/h2><\/div>\t<\/div>\r\n<\/article>\r\n<article class=\"w-grid-item post-5641 us_portfolio type-us_portfolio status-publish has-post-thumbnail hentry us_portfolio_category-1z-fr us_portfolio_category-marquage-des-machines-et-appareils us_portfolio_category-marquage-des-raccords-et-dispositifs us_portfolio_tag-1z-znakowania-maszyn-i-instalacji-procesowych-fr us_portfolio_tag-znakowanie-armatury-i-urzadzen-fr\" data-id=\"5641\">\r\n\t<div class=\"w-grid-item-h\">\r\n\t\t\t\t<div class=\"w-post-elm post_image usg_post_image_1 stretched\"><a href=\"https:\/\/elmetal.pl\/fr\/produkt\/plaques-gravees\/\" aria-label=\"Plaques grav\u00e9es\"><img loading=\"lazy\" decoding=\"async\" width=\"900\" height=\"600\" src=\"https:\/\/elmetal.pl\/wp-content\/uploads\/2020\/06\/tab_grawerowane.jpg\" class=\"attachment-large size-large wp-post-image\" alt=\"Tabliczki grawerowane\" srcset=\"https:\/\/elmetal.pl\/wp-content\/uploads\/2020\/06\/tab_grawerowane.jpg 900w, https:\/\/elmetal.pl\/wp-content\/uploads\/2020\/06\/tab_grawerowane-300x200.jpg 300w\" sizes=\"(max-width: 900px) 100vw, 900px\" \/><\/a><\/div><div class=\"w-vwrapper usg_vwrapper_1 align_center valign_top\"><h2 class=\"w-post-elm post_title usg_post_title_1 entry-title color_link_inherit\"><a href=\"https:\/\/elmetal.pl\/fr\/produkt\/plaques-gravees\/\">Plaques grav\u00e9es<\/a><\/h2><\/div>\t<\/div>\r\n<\/article>\r\n<article class=\"w-grid-item post-5644 us_portfolio type-us_portfolio status-publish has-post-thumbnail hentry us_portfolio_category-1z-fr us_portfolio_category-marquage-de-pipeline us_portfolio_tag-1z-znakowania-maszyn-i-instalacji-procesowych-fr us_portfolio_tag-znakowanie-rurociagow-fr\" data-id=\"5644\">\r\n\t<div class=\"w-grid-item-h\">\r\n\t\t\t\t<div class=\"w-post-elm post_image usg_post_image_1 stretched\"><a href=\"https:\/\/elmetal.pl\/fr\/produkt\/bandes-adhesives-de-marquage-pour-pipeline\/\" aria-label=\"Bandes adh\u00e9sives de marquage pour pipeline\"><img loading=\"lazy\" decoding=\"async\" width=\"900\" height=\"600\" src=\"https:\/\/elmetal.pl\/wp-content\/uploads\/2020\/06\/tasmy-rurociagi.jpg\" class=\"attachment-large size-large wp-post-image\" alt=\"Ta\u015bmy samoprzylepne do znakowania ruroci\u0105g\u00f3w\" srcset=\"https:\/\/elmetal.pl\/wp-content\/uploads\/2020\/06\/tasmy-rurociagi.jpg 900w, https:\/\/elmetal.pl\/wp-content\/uploads\/2020\/06\/tasmy-rurociagi-300x200.jpg 300w\" sizes=\"(max-width: 900px) 100vw, 900px\" \/><\/a><\/div><div class=\"w-vwrapper usg_vwrapper_1 align_center valign_top\"><h2 class=\"w-post-elm post_title usg_post_title_1 entry-title color_link_inherit\"><a href=\"https:\/\/elmetal.pl\/fr\/produkt\/bandes-adhesives-de-marquage-pour-pipeline\/\">Bandes adh\u00e9sives de marquage pour pipeline<\/a><\/h2><\/div>\t<\/div>\r\n<\/article>\r\n<article class=\"w-grid-item post-5652 us_portfolio type-us_portfolio status-publish has-post-thumbnail hentry us_portfolio_category-1z-fr us_portfolio_category-marquage-de-pipeline us_portfolio_tag-1z-znakowania-maszyn-i-instalacji-procesowych-fr\" data-id=\"5652\">\r\n\t<div class=\"w-grid-item-h\">\r\n\t\t\t\t<div class=\"w-post-elm post_image usg_post_image_1 stretched\"><a href=\"https:\/\/elmetal.pl\/fr\/produkt\/marquage-des-pipelines\/\" aria-label=\"Marquage des pipelines\"><img loading=\"lazy\" decoding=\"async\" width=\"900\" height=\"600\" src=\"https:\/\/elmetal.pl\/wp-content\/uploads\/2020\/06\/znakowanie_rurociagow3.jpg\" class=\"attachment-large size-large wp-post-image\" alt=\"Znakowanie ruroci\u0105g\u00f3w\" srcset=\"https:\/\/elmetal.pl\/wp-content\/uploads\/2020\/06\/znakowanie_rurociagow3.jpg 900w, https:\/\/elmetal.pl\/wp-content\/uploads\/2020\/06\/znakowanie_rurociagow3-300x200.jpg 300w\" sizes=\"(max-width: 900px) 100vw, 900px\" \/><\/a><\/div><div class=\"w-vwrapper usg_vwrapper_1 align_center valign_top\"><h2 class=\"w-post-elm post_title usg_post_title_1 entry-title color_link_inherit\"><a href=\"https:\/\/elmetal.pl\/fr\/produkt\/marquage-des-pipelines\/\">Marquage des pipelines<\/a><\/h2><\/div>\t<\/div>\r\n<\/article>\r\n<article class=\"w-grid-item post-5700 us_portfolio type-us_portfolio status-publish has-post-thumbnail hentry us_portfolio_category-1z-fr us_portfolio_tag-1z-znakowania-maszyn-i-instalacji-procesowych-fr\" data-id=\"5700\">\r\n\t<div class=\"w-grid-item-h\">\r\n\t\t\t\t<div class=\"w-post-elm post_image usg_post_image_1 stretched\"><a href=\"https:\/\/elmetal.pl\/fr\/produkt\/marquage-des-cuves\/\" aria-label=\"Marquage des cuves\"><img loading=\"lazy\" decoding=\"async\" width=\"900\" height=\"600\" src=\"https:\/\/elmetal.pl\/wp-content\/uploads\/2020\/06\/zbiorniki4.jpg\" class=\"attachment-large size-large wp-post-image\" alt=\"Znakowanie zbiornik\u00f3w\" srcset=\"https:\/\/elmetal.pl\/wp-content\/uploads\/2020\/06\/zbiorniki4.jpg 900w, https:\/\/elmetal.pl\/wp-content\/uploads\/2020\/06\/zbiorniki4-300x200.jpg 300w\" sizes=\"(max-width: 900px) 100vw, 900px\" \/><\/a><\/div><div class=\"w-vwrapper usg_vwrapper_1 align_center valign_top\"><h2 class=\"w-post-elm post_title usg_post_title_1 entry-title color_link_inherit\"><a href=\"https:\/\/elmetal.pl\/fr\/produkt\/marquage-des-cuves\/\">Marquage des cuves<\/a><\/h2><\/div>\t<\/div>\r\n<\/article>\r\n<article class=\"w-grid-item post-5704 us_portfolio type-us_portfolio status-publish has-post-thumbnail hentry us_portfolio_category-1z-fr us_portfolio_category-marquage-des-machines-et-appareils us_portfolio_tag-1z-znakowania-maszyn-i-instalacji-procesowych-fr\" data-id=\"5704\">\r\n\t<div class=\"w-grid-item-h\">\r\n\t\t\t\t<div class=\"w-post-elm post_image usg_post_image_1 stretched\"><a href=\"https:\/\/elmetal.pl\/fr\/produkt\/marquage-des-equipements-et-machines\/\" aria-label=\"Marquage des \u00e9quipements et machines\"><img loading=\"lazy\" decoding=\"async\" width=\"900\" height=\"600\" src=\"https:\/\/elmetal.pl\/wp-content\/uploads\/2020\/06\/oznak_maszyn3-1.jpg\" class=\"attachment-large size-large wp-post-image\" alt=\"Znakowanie maszyn i urz\u0105dze\u0144\" srcset=\"https:\/\/elmetal.pl\/wp-content\/uploads\/2020\/06\/oznak_maszyn3-1.jpg 900w, https:\/\/elmetal.pl\/wp-content\/uploads\/2020\/06\/oznak_maszyn3-1-300x200.jpg 300w\" sizes=\"(max-width: 900px) 100vw, 900px\" \/><\/a><\/div><div class=\"w-vwrapper usg_vwrapper_1 align_center valign_top\"><h2 class=\"w-post-elm post_title usg_post_title_1 entry-title color_link_inherit\"><a href=\"https:\/\/elmetal.pl\/fr\/produkt\/marquage-des-equipements-et-machines\/\">Marquage des \u00e9quipements et machines<\/a><\/h2><\/div>\t<\/div>\r\n<\/article>\r\n<\/div><div class=\"g-preloader type_1\">\r\n\t<div><\/div>\r\n<\/div>\r\n\t<div class=\"w-grid-json hidden\" onclick='return {&quot;action&quot;:&quot;us_ajax_grid&quot;,&quot;ajax_url&quot;:&quot;https:\\\/\\\/elmetal.pl\\\/wp-admin\\\/admin-ajax.php&quot;,&quot;infinite_scroll&quot;:0,&quot;max_num_pages&quot;:1,&quot;pagination&quot;:&quot;none&quot;,&quot;permalink_url&quot;:&quot;https:\\\/\\\/elmetal.pl\\\/fr\\\/wp-json\\\/wp\\\/v2\\\/pages\\\/5616\\\/&quot;,&quot;template_vars&quot;:{&quot;columns&quot;:&quot;4&quot;,&quot;exclude_items&quot;:&quot;none&quot;,&quot;img_size&quot;:&quot;default&quot;,&quot;ignore_items_size&quot;:false,&quot;items_layout&quot;:&quot;1098&quot;,&quot;items_offset&quot;:&quot;1&quot;,&quot;overriding_link&quot;:&quot;none&quot;,&quot;post_id&quot;:5616,&quot;query_args&quot;:{&quot;post_type&quot;:[&quot;us_portfolio&quot;],&quot;tax_query&quot;:[{&quot;taxonomy&quot;:&quot;us_portfolio_category&quot;,&quot;field&quot;:&quot;slug&quot;,&quot;terms&quot;:[&quot;1z&quot;]},{&quot;taxonomy&quot;:&quot;us_portfolio_tag&quot;,&quot;field&quot;:&quot;slug&quot;,&quot;terms&quot;:[&quot;1z-znakowania-maszyn-i-instalacji-procesowych&quot;]}],&quot;post_status&quot;:[&quot;publish&quot;],&quot;orderby&quot;:{&quot;date&quot;:&quot;ASC&quot;},&quot;posts_per_page&quot;:&quot;10&quot;},&quot;type&quot;:&quot;carousel&quot;,&quot;us_grid_ajax_index&quot;:1,&quot;us_grid_filter_params&quot;:null,&quot;us_grid_index&quot;:1,&quot;_us_grid_post_type&quot;:&quot;us_portfolio&quot;,&quot;lang&quot;:&quot;fr&quot;},&quot;carousel_settings&quot;:{&quot;autoHeight&quot;:0,&quot;autoplay&quot;:1,&quot;carousel_fade&quot;:0,&quot;center&quot;:0,&quot;dots&quot;:1,&quot;items&quot;:&quot;4&quot;,&quot;loop&quot;:false,&quot;nav&quot;:1,&quot;slideby&quot;:&quot;1&quot;,&quot;smooth_play&quot;:0,&quot;speed&quot;:250,&quot;timeout&quot;:3000,&quot;transition&quot;:&quot;&quot;},&quot;carousel_breakpoints&quot;:{&quot;1200&quot;:{&quot;items&quot;:4},&quot;900&quot;:{&quot;autoHeight&quot;:0,&quot;autoplay&quot;:1,&quot;autoplayHoverPause&quot;:1,&quot;items&quot;:3,&quot;loop&quot;:false},&quot;600&quot;:{&quot;autoHeight&quot;:0,&quot;autoplay&quot;:1,&quot;autoplayHoverPause&quot;:1,&quot;items&quot;:2,&quot;loop&quot;:false},&quot;0&quot;:{&quot;autoHeight&quot;:0,&quot;autoplay&quot;:1,&quot;autoplayHoverPause&quot;:1,&quot;items&quot;:1,&quot;loop&quot;:true}}}'><\/div>\r\n<\/div><div class=\"w-separator size_medium\"><\/div><\/div><\/div><\/div><\/div><\/div><\/section>\n","protected":false},"excerpt":{"rendered":"Marquage des \u00e9quipements et machinesPosez une questionElmetal propose des solutions adapt\u00e9es au marquage des machines et \u00e9quipements industriels : plaques de donn\u00e9es, panneaux d&rsquo;avertissement et d&rsquo;information. Tous nos produits sont fabriqu\u00e9s \u00e0 partir de mat\u00e9riaux de haute qualit\u00e9, les rendant d&rsquo;autant plus r\u00e9sistants au travers des ann\u00e9es. En plus de notre gamme de produits standard,...","protected":false},"author":1,"featured_media":0,"parent":0,"menu_order":0,"comment_status":"closed","ping_status":"closed","template":"","meta":{"footnotes":""},"class_list":["post-5616","page","type-page","status-publish","hentry"],"yoast_head":"<!-- This site is optimized with the Yoast SEO plugin v24.2 - https:\/\/yoast.com\/wordpress\/plugins\/seo\/ -->\n<title>1Z Marquage des machines et des installations de processus - Elmetal<\/title>\n<meta name=\"robots\" content=\"index, follow, max-snippet:-1, max-image-preview:large, max-video-preview:-1\" \/>\n<link rel=\"canonical\" href=\"https:\/\/elmetal.pl\/fr\/1z-marquage-des-machines-et-des-installations-de-processus\/\" \/>\n<meta property=\"og:locale\" content=\"fr_FR\" \/>\n<meta property=\"og:type\" content=\"article\" \/>\n<meta property=\"og:title\" content=\"1Z Marquage des machines et des installations de processus - Elmetal\" \/>\n<meta property=\"og:url\" content=\"https:\/\/elmetal.pl\/fr\/1z-marquage-des-machines-et-des-installations-de-processus\/\" \/>\n<meta property=\"og:site_name\" content=\"Elmetal\" \/>\n<meta property=\"article:publisher\" content=\"https:\/\/www.facebook.com\/profile.php?id=100046578560646\" \/>\n<meta name=\"twitter:card\" content=\"summary_large_image\" \/>\n<script type=\"application\/ld+json\" class=\"yoast-schema-graph\">{\"@context\":\"https:\/\/schema.org\",\"@graph\":[{\"@type\":\"WebPage\",\"@id\":\"https:\/\/elmetal.pl\/fr\/1z-marquage-des-machines-et-des-installations-de-processus\/\",\"url\":\"https:\/\/elmetal.pl\/fr\/1z-marquage-des-machines-et-des-installations-de-processus\/\",\"name\":\"1Z Marquage des machines et des installations de processus - Elmetal\",\"isPartOf\":{\"@id\":\"https:\/\/elmetal.pl\/#website\"},\"datePublished\":\"2020-08-14T08:17:45+00:00\",\"dateModified\":\"2020-08-14T08:17:45+00:00\",\"breadcrumb\":{\"@id\":\"https:\/\/elmetal.pl\/fr\/1z-marquage-des-machines-et-des-installations-de-processus\/#breadcrumb\"},\"inLanguage\":\"fr-FR\",\"potentialAction\":[{\"@type\":\"ReadAction\",\"target\":[\"https:\/\/elmetal.pl\/fr\/1z-marquage-des-machines-et-des-installations-de-processus\/\"]}]},{\"@type\":\"BreadcrumbList\",\"@id\":\"https:\/\/elmetal.pl\/fr\/1z-marquage-des-machines-et-des-installations-de-processus\/#breadcrumb\",\"itemListElement\":[{\"@type\":\"ListItem\",\"position\":1,\"name\":\"Strona g\u0142\u00f3wna\",\"item\":\"https:\/\/elmetal.pl\/fr\/elmetal\/\"},{\"@type\":\"ListItem\",\"position\":2,\"name\":\"1Z Marquage des machines et des installations de processus\"}]},{\"@type\":\"WebSite\",\"@id\":\"https:\/\/elmetal.pl\/#website\",\"url\":\"https:\/\/elmetal.pl\/\",\"name\":\"Elmetal\",\"description\":\"Elmetal - oznakuj i zabezpiecz - oznakowanie instalacji przemys\u0142owych\",\"publisher\":{\"@id\":\"https:\/\/elmetal.pl\/#organization\"},\"potentialAction\":[{\"@type\":\"SearchAction\",\"target\":{\"@type\":\"EntryPoint\",\"urlTemplate\":\"https:\/\/elmetal.pl\/?s={search_term_string}\"},\"query-input\":{\"@type\":\"PropertyValueSpecification\",\"valueRequired\":true,\"valueName\":\"search_term_string\"}}],\"inLanguage\":\"fr-FR\"},{\"@type\":\"Organization\",\"@id\":\"https:\/\/elmetal.pl\/#organization\",\"name\":\"Elmetal\",\"url\":\"https:\/\/elmetal.pl\/\",\"logo\":{\"@type\":\"ImageObject\",\"inLanguage\":\"fr-FR\",\"@id\":\"https:\/\/elmetal.pl\/#\/schema\/logo\/image\/\",\"url\":\"https:\/\/elmetal.pl\/wp-content\/uploads\/2022\/09\/Elmetal-logo-oznakuj-zabezpiecz.png\",\"contentUrl\":\"https:\/\/elmetal.pl\/wp-content\/uploads\/2022\/09\/Elmetal-logo-oznakuj-zabezpiecz.png\",\"width\":842,\"height\":273,\"caption\":\"Elmetal\"},\"image\":{\"@id\":\"https:\/\/elmetal.pl\/#\/schema\/logo\/image\/\"},\"sameAs\":[\"https:\/\/www.facebook.com\/profile.php?id=100046578560646\",\"https:\/\/www.linkedin.com\/company\/3066617\/\"]}]}<\/script>\n<!-- \/ Yoast SEO plugin. -->","yoast_head_json":{"title":"1Z Marquage des machines et des installations de processus - Elmetal","robots":{"index":"index","follow":"follow","max-snippet":"max-snippet:-1","max-image-preview":"max-image-preview:large","max-video-preview":"max-video-preview:-1"},"canonical":"https:\/\/elmetal.pl\/fr\/1z-marquage-des-machines-et-des-installations-de-processus\/","og_locale":"fr_FR","og_type":"article","og_title":"1Z Marquage des machines et des installations de processus - Elmetal","og_url":"https:\/\/elmetal.pl\/fr\/1z-marquage-des-machines-et-des-installations-de-processus\/","og_site_name":"Elmetal","article_publisher":"https:\/\/www.facebook.com\/profile.php?id=100046578560646","twitter_card":"summary_large_image","schema":{"@context":"https:\/\/schema.org","@graph":[{"@type":"WebPage","@id":"https:\/\/elmetal.pl\/fr\/1z-marquage-des-machines-et-des-installations-de-processus\/","url":"https:\/\/elmetal.pl\/fr\/1z-marquage-des-machines-et-des-installations-de-processus\/","name":"1Z Marquage des machines et des installations de processus - Elmetal","isPartOf":{"@id":"https:\/\/elmetal.pl\/#website"},"datePublished":"2020-08-14T08:17:45+00:00","dateModified":"2020-08-14T08:17:45+00:00","breadcrumb":{"@id":"https:\/\/elmetal.pl\/fr\/1z-marquage-des-machines-et-des-installations-de-processus\/#breadcrumb"},"inLanguage":"fr-FR","potentialAction":[{"@type":"ReadAction","target":["https:\/\/elmetal.pl\/fr\/1z-marquage-des-machines-et-des-installations-de-processus\/"]}]},{"@type":"BreadcrumbList","@id":"https:\/\/elmetal.pl\/fr\/1z-marquage-des-machines-et-des-installations-de-processus\/#breadcrumb","itemListElement":[{"@type":"ListItem","position":1,"name":"Strona g\u0142\u00f3wna","item":"https:\/\/elmetal.pl\/fr\/elmetal\/"},{"@type":"ListItem","position":2,"name":"1Z Marquage des machines et des installations de processus"}]},{"@type":"WebSite","@id":"https:\/\/elmetal.pl\/#website","url":"https:\/\/elmetal.pl\/","name":"Elmetal","description":"Elmetal - oznakuj i zabezpiecz - oznakowanie instalacji przemys\u0142owych","publisher":{"@id":"https:\/\/elmetal.pl\/#organization"},"potentialAction":[{"@type":"SearchAction","target":{"@type":"EntryPoint","urlTemplate":"https:\/\/elmetal.pl\/?s={search_term_string}"},"query-input":{"@type":"PropertyValueSpecification","valueRequired":true,"valueName":"search_term_string"}}],"inLanguage":"fr-FR"},{"@type":"Organization","@id":"https:\/\/elmetal.pl\/#organization","name":"Elmetal","url":"https:\/\/elmetal.pl\/","logo":{"@type":"ImageObject","inLanguage":"fr-FR","@id":"https:\/\/elmetal.pl\/#\/schema\/logo\/image\/","url":"https:\/\/elmetal.pl\/wp-content\/uploads\/2022\/09\/Elmetal-logo-oznakuj-zabezpiecz.png","contentUrl":"https:\/\/elmetal.pl\/wp-content\/uploads\/2022\/09\/Elmetal-logo-oznakuj-zabezpiecz.png","width":842,"height":273,"caption":"Elmetal"},"image":{"@id":"https:\/\/elmetal.pl\/#\/schema\/logo\/image\/"},"sameAs":["https:\/\/www.facebook.com\/profile.php?id=100046578560646","https:\/\/www.linkedin.com\/company\/3066617\/"]}]}},"_links":{"self":[{"href":"https:\/\/elmetal.pl\/fr\/wp-json\/wp\/v2\/pages\/5616"}],"collection":[{"href":"https:\/\/elmetal.pl\/fr\/wp-json\/wp\/v2\/pages"}],"about":[{"href":"https:\/\/elmetal.pl\/fr\/wp-json\/wp\/v2\/types\/page"}],"author":[{"embeddable":true,"href":"https:\/\/elmetal.pl\/fr\/wp-json\/wp\/v2\/users\/1"}],"replies":[{"embeddable":true,"href":"https:\/\/elmetal.pl\/fr\/wp-json\/wp\/v2\/comments?post=5616"}],"version-history":[{"count":0,"href":"https:\/\/elmetal.pl\/fr\/wp-json\/wp\/v2\/pages\/5616\/revisions"}],"wp:attachment":[{"href":"https:\/\/elmetal.pl\/fr\/wp-json\/wp\/v2\/media?parent=5616"}],"curies":[{"name":"wp","href":"https:\/\/api.w.org\/{rel}","templated":true}]}}