{"id":5821,"date":"2020-08-19T09:54:27","date_gmt":"2020-08-19T09:54:27","guid":{"rendered":"https:\/\/elmetal.pl\/produkty\/"},"modified":"2020-08-19T11:31:33","modified_gmt":"2020-08-19T11:31:33","slug":"nos-produits","status":"publish","type":"page","link":"https:\/\/elmetal.pl\/fr\/nos-produits\/","title":{"rendered":"Nos produits"},"content":{"rendered":"<section class=\"l-section wpb_row height_auto\"><div class=\"l-section-h i-cf\"><div class=\"g-cols vc_row type_default valign_top\"><div class=\"vc_col-sm-12 wpb_column vc_column_container\"><div class=\"vc_column-inner\"><div class=\"wpb_wrapper\"><div id=\"ultimate-heading-325769f10cc26e1e2\" class=\"uvc-heading ult-adjust-bottom-margin ultimate-heading-325769f10cc26e1e2 uvc-6011 \" data-hspacer=\"no_spacer\"  data-halign=\"left\" style=\"text-align:left\"><div class=\"uvc-heading-spacer no_spacer\" style=\"top\"><\/div><div class=\"uvc-main-heading ult-responsive\"  data-ultimate-target='.uvc-heading.ultimate-heading-325769f10cc26e1e2 h3'  data-responsive-json-new='{\"font-size\":\"desktop:24px;\",\"line-height\":\"\"}' ><h3 style=\"font-weight:normal;color:#0d60ae;\">Elmetal nos produits<\/h3><\/div><\/div><div class=\"w-separator size_small\"><\/div><\/div><\/div><\/div><\/div><\/div><\/section><section class=\"l-section wpb_row us_custom_f73f4019 height_auto\"><div class=\"l-section-h i-cf\"><div class=\"g-cols vc_row type_default valign_middle\"><div class=\"vc_col-sm-3 wpb_column vc_column_container\"><div class=\"vc_column-inner us_custom_640f3360\"><div class=\"wpb_wrapper\"><div class=\"ult-just-icon-wrapper  \"><div class=\"align-icon\" style=\"text-align:center;\">\n<div class=\"aio-icon-img \" style=\"font-size:257px;display:inline-block;\" >\n\t<img decoding=\"async\" class=\"img-icon\" alt=\"null\" src=\"https:\/\/elmetal.pl\/wp-content\/uploads\/2020\/05\/7z_system_oznakuj_zabezpiecz_logo.png\"\/>\n<\/div><\/div><\/div><\/div><\/div><\/div><div class=\"vc_col-sm-3 wpb_column vc_column_container\"><div class=\"vc_column-inner us_custom_640f3360\"><div class=\"wpb_wrapper\"><div class=\"evc-single-image evc-shortcode  evc-shortcode-has-link\">\n\t<div class=\"evc-si-inner evc-ib-zoom\">\n\t\t\t\t\t<a href=\"\/fr\/1z-marquage-des-machines-et-des-installations-de-processus\/\">\n\t\t\t\t\n\t\t\t\t\n\t\t<img loading=\"lazy\" decoding=\"async\" width=\"900\" height=\"400\" src=\"https:\/\/elmetal.pl\/wp-content\/uploads\/2020\/07\/oznakowanie-procesowe-instalacji-2.jpg\" class=\"attachment-full size-full\" alt=\"Oznakowanie procesowe instalacji\" srcset=\"https:\/\/elmetal.pl\/wp-content\/uploads\/2020\/07\/oznakowanie-procesowe-instalacji-2.jpg 900w, https:\/\/elmetal.pl\/wp-content\/uploads\/2020\/07\/oznakowanie-procesowe-instalacji-2-300x133.jpg 300w, https:\/\/elmetal.pl\/wp-content\/uploads\/2020\/07\/oznakowanie-procesowe-instalacji-2-600x267.jpg 600w\" sizes=\"(max-width: 900px) 100vw, 900px\" \/>\t\t\n\t\t\t\t\t<\/a>\n\t\t\t<\/div>\n<\/div>\n<div class=\"ult-content-box-container \" >\t<a class=\"ult-content-box-anchor\" href=\"\/fr\/1z-marquage-des-machines-et-des-installations-de-processus\/\" >\t\t<div class=\"ult-content-box\" style=\"background-color:#f57f26;box-shadow: px px px px none;padding:20px;min-height:150px;-webkit-transition: all 700ms ease;-moz-transition: all 700ms ease;-ms-transition: all 700ms ease;-o-transition: all 700ms ease;transition: all 700ms ease;\"  data-hover_bg_color=\"#0d60ae\"  data-hover_box_shadow=\"none\"     data-bg=\"#f57f26\" ><div class=\"wpb_text_column us_custom_6df4bc3a has_text_color\" ><div class=\"wpb_wrapper\"><p style=\"text-align: center;\"><strong><span style=\"font-size: 24pt;\">1Z<\/span><\/strong><\/p>\n<p style=\"text-align: center;\">Marquage des machines et installations de process<\/p>\n<\/div><\/div>\t\t<\/div>\t<\/a><\/div><\/div><\/div><\/div><div class=\"vc_col-sm-3 wpb_column vc_column_container\"><div class=\"vc_column-inner us_custom_640f3360\"><div class=\"wpb_wrapper\"><div class=\"evc-single-image evc-shortcode  evc-shortcode-has-link\">\n\t<div class=\"evc-si-inner evc-ib-zoom\">\n\t\t\t\t\t<a href=\"\/fr\/2z-marquage-des-voies-de-communication-des-lieux-de-stockage-et-de-stockage\/\">\n\t\t\t\t\n\t\t\t\t\n\t\t<img loading=\"lazy\" decoding=\"async\" width=\"900\" height=\"400\" src=\"https:\/\/elmetal.pl\/wp-content\/uploads\/2020\/07\/oznakowanie-podlog-1.jpg\" class=\"attachment-full size-full\" alt=\"Znakowanie ci\u0105g\u00f3w komunikacyjnych, miejsc odk\u0142adczych i magazynowania\" srcset=\"https:\/\/elmetal.pl\/wp-content\/uploads\/2020\/07\/oznakowanie-podlog-1.jpg 900w, https:\/\/elmetal.pl\/wp-content\/uploads\/2020\/07\/oznakowanie-podlog-1-300x133.jpg 300w, https:\/\/elmetal.pl\/wp-content\/uploads\/2020\/07\/oznakowanie-podlog-1-600x267.jpg 600w\" sizes=\"(max-width: 900px) 100vw, 900px\" \/>\t\t\n\t\t\t\t\t<\/a>\n\t\t\t<\/div>\n<\/div>\n<div class=\"ult-content-box-container \" >\t<a class=\"ult-content-box-anchor\" href=\"\/fr\/2z-marquage-des-voies-de-communication-des-lieux-de-stockage-et-de-stockage\/\" >\t\t<div class=\"ult-content-box\" style=\"background-color:#f57f26;box-shadow: px px px px none;padding:20px;min-height:150px;-webkit-transition: all 700ms ease;-moz-transition: all 700ms ease;-ms-transition: all 700ms ease;-o-transition: all 700ms ease;transition: all 700ms ease;\"  data-hover_bg_color=\"#0d60ae\"  data-hover_box_shadow=\"none\"     data-bg=\"#f57f26\" ><div class=\"wpb_text_column us_custom_6df4bc3a has_text_color\" ><div class=\"wpb_wrapper\"><p style=\"text-align: center;\"><strong><span style=\"font-size: 24pt;\">2Z<\/span><\/strong><\/p>\n<p style=\"text-align: center;\">Marquage des voies de communication, des lieux de stockage et de stockage<\/p>\n<\/div><\/div>\t\t<\/div>\t<\/a><\/div><\/div><\/div><\/div><div class=\"vc_col-sm-3 wpb_column vc_column_container\"><div class=\"vc_column-inner us_custom_640f3360\"><div class=\"wpb_wrapper\"><div class=\"evc-single-image evc-shortcode  evc-shortcode-has-link\">\n\t<div class=\"evc-si-inner evc-ib-zoom\">\n\t\t\t\t\t<a href=\"\/fr\/3z-balisage-lean-management\/\">\n\t\t\t\t\n\t\t\t\t\n\t\t<img loading=\"lazy\" decoding=\"async\" width=\"900\" height=\"400\" src=\"https:\/\/elmetal.pl\/wp-content\/uploads\/2020\/07\/lean-management.jpg\" class=\"attachment-full size-full\" alt=\"Oznakowanie Lean Management\" srcset=\"https:\/\/elmetal.pl\/wp-content\/uploads\/2020\/07\/lean-management.jpg 900w, https:\/\/elmetal.pl\/wp-content\/uploads\/2020\/07\/lean-management-300x133.jpg 300w, https:\/\/elmetal.pl\/wp-content\/uploads\/2020\/07\/lean-management-600x267.jpg 600w\" sizes=\"(max-width: 900px) 100vw, 900px\" \/>\t\t\n\t\t\t\t\t<\/a>\n\t\t\t<\/div>\n<\/div>\n<div class=\"ult-content-box-container \" >\t<a class=\"ult-content-box-anchor\" href=\"\/fr\/3z-balisage-lean-management\/\" >\t\t<div class=\"ult-content-box\" style=\"background-color:#f57f26;box-shadow: px px px px none;padding:20px;min-height:150px;-webkit-transition: all 700ms ease;-moz-transition: all 700ms ease;-ms-transition: all 700ms ease;-o-transition: all 700ms ease;transition: all 700ms ease;\"  data-hover_bg_color=\"#0d60ae\"  data-hover_box_shadow=\"none\"     data-bg=\"#f57f26\" ><div class=\"wpb_text_column us_custom_6df4bc3a has_text_color\" ><div class=\"wpb_wrapper\"><p style=\"text-align: center;\"><strong><span style=\"font-size: 24pt;\">3Z<\/span><\/strong><\/p>\n<p style=\"text-align: center;\">Marquer le Lean Management<\/p>\n<\/div><\/div>\t\t<\/div>\t<\/a><\/div><\/div><\/div><\/div><\/div><\/div><\/section><section class=\"l-section wpb_row us_custom_f73f4019 height_auto\"><div class=\"l-section-h i-cf\"><div class=\"g-cols vc_row type_default valign_top\"><div class=\"vc_col-sm-3 wpb_column vc_column_container\"><div class=\"vc_column-inner us_custom_640f3360\"><div class=\"wpb_wrapper\"><div class=\"evc-single-image evc-shortcode  evc-shortcode-has-link\">\n\t<div class=\"evc-si-inner evc-ib-zoom\">\n\t\t\t\t\t<a href=\"\/fr\/4z-marquage-et-protection-des-zones-dangereuses\/\">\n\t\t\t\t\n\t\t\t\t\n\t\t<img loading=\"lazy\" decoding=\"async\" width=\"900\" height=\"400\" src=\"https:\/\/elmetal.pl\/wp-content\/uploads\/2020\/07\/oznakowanie-miejsc-niebezpiecznych.jpg\" class=\"attachment-full size-full\" alt=\"\" srcset=\"https:\/\/elmetal.pl\/wp-content\/uploads\/2020\/07\/oznakowanie-miejsc-niebezpiecznych.jpg 900w, https:\/\/elmetal.pl\/wp-content\/uploads\/2020\/07\/oznakowanie-miejsc-niebezpiecznych-300x133.jpg 300w, https:\/\/elmetal.pl\/wp-content\/uploads\/2020\/07\/oznakowanie-miejsc-niebezpiecznych-600x267.jpg 600w\" sizes=\"(max-width: 900px) 100vw, 900px\" \/>\t\t\n\t\t\t\t\t<\/a>\n\t\t\t<\/div>\n<\/div>\n<div class=\"ult-content-box-container \" >\t<a class=\"ult-content-box-anchor\" href=\"\/fr\/4z-marquage-et-protection-des-zones-dangereuses\/\" >\t\t<div class=\"ult-content-box\" style=\"background-color:#f57f26;box-shadow: px px px px none;padding:20px;min-height:150px;-webkit-transition: all 700ms ease;-moz-transition: all 700ms ease;-ms-transition: all 700ms ease;-o-transition: all 700ms ease;transition: all 700ms ease;\"  data-hover_bg_color=\"#0d60ae\"  data-hover_box_shadow=\"none\"     data-bg=\"#f57f26\" ><div class=\"wpb_text_column us_custom_6df4bc3a has_text_color\" ><div class=\"wpb_wrapper\"><p style=\"text-align: center;\"><strong><span style=\"font-size: 24pt;\">4Z<\/span><\/strong><\/p>\n<p style=\"text-align: center;\">Marquage et s\u00e9curisation des lieux dangereux<\/p>\n<\/div><\/div>\t\t<\/div>\t<\/a><\/div><\/div><\/div><\/div><div class=\"vc_col-sm-3 wpb_column vc_column_container\"><div class=\"vc_column-inner us_custom_640f3360\"><div class=\"wpb_wrapper\"><div class=\"evc-single-image evc-shortcode  evc-shortcode-has-link\">\n\t<div class=\"evc-si-inner evc-ib-zoom\">\n\t\t\t\t\t<a href=\"\/fr\/5z-marquage-sante-et-securite\/\">\n\t\t\t\t\n\t\t\t\t\n\t\t<img loading=\"lazy\" decoding=\"async\" width=\"900\" height=\"400\" src=\"https:\/\/elmetal.pl\/wp-content\/uploads\/2020\/07\/oznakowanie-bhp.jpg\" class=\"attachment-full size-full\" alt=\"Oznakowania BHP\" srcset=\"https:\/\/elmetal.pl\/wp-content\/uploads\/2020\/07\/oznakowanie-bhp.jpg 900w, https:\/\/elmetal.pl\/wp-content\/uploads\/2020\/07\/oznakowanie-bhp-300x133.jpg 300w, https:\/\/elmetal.pl\/wp-content\/uploads\/2020\/07\/oznakowanie-bhp-600x267.jpg 600w\" sizes=\"(max-width: 900px) 100vw, 900px\" \/>\t\t\n\t\t\t\t\t<\/a>\n\t\t\t<\/div>\n<\/div>\n<div class=\"ult-content-box-container \" >\t<a class=\"ult-content-box-anchor\" href=\"\/fr\/5z-marquage-sante-et-securite\/\" >\t\t<div class=\"ult-content-box\" style=\"background-color:#f57f26;box-shadow: px px px px none;padding:20px;min-height:150px;-webkit-transition: all 700ms ease;-moz-transition: all 700ms ease;-ms-transition: all 700ms ease;-o-transition: all 700ms ease;transition: all 700ms ease;\"  data-hover_bg_color=\"#0d60ae\"  data-hover_box_shadow=\"none\"     data-bg=\"#f57f26\" ><div class=\"wpb_text_column us_custom_6df4bc3a has_text_color\" ><div class=\"wpb_wrapper\"><p style=\"text-align: center;\"><strong><span style=\"font-size: 24pt;\">5Z<\/span><\/strong><\/p>\n<p style=\"text-align: center;\">Marquage sant\u00e9 et s\u00e9curit\u00e9<\/p>\n<\/div><\/div>\t\t<\/div>\t<\/a><\/div><\/div><\/div><\/div><div class=\"vc_col-sm-3 wpb_column vc_column_container\"><div class=\"vc_column-inner us_custom_640f3360\"><div class=\"wpb_wrapper\"><div class=\"evc-single-image evc-shortcode  evc-shortcode-has-link\">\n\t<div class=\"evc-si-inner evc-ib-zoom\">\n\t\t\t\t\t<a href=\"\/fr\/6z-verrouiller-et-etiqueter-lockout-tagout\/\" title=\"6Z Zablokuj i oznakuj LOCKOUT \/ TAGOUT\">\n\t\t\t\t\n\t\t\t\t\n\t\t<img loading=\"lazy\" decoding=\"async\" width=\"900\" height=\"400\" src=\"https:\/\/elmetal.pl\/wp-content\/uploads\/2020\/07\/lockout-tagout.jpg\" class=\"attachment-full size-full\" alt=\"Lockout tagout\" srcset=\"https:\/\/elmetal.pl\/wp-content\/uploads\/2020\/07\/lockout-tagout.jpg 900w, https:\/\/elmetal.pl\/wp-content\/uploads\/2020\/07\/lockout-tagout-300x133.jpg 300w, https:\/\/elmetal.pl\/wp-content\/uploads\/2020\/07\/lockout-tagout-600x267.jpg 600w\" sizes=\"(max-width: 900px) 100vw, 900px\" \/>\t\t\n\t\t\t\t\t<\/a>\n\t\t\t<\/div>\n<\/div>\n<div class=\"ult-content-box-container \" >\t<a class=\"ult-content-box-anchor\" href=\"\/fr\/6z-verrouiller-et-etiqueter-lockout-tagout\/\" >\t\t<div class=\"ult-content-box\" style=\"background-color:#f57f26;box-shadow: px px px px none;padding:20px;min-height:150px;-webkit-transition: all 700ms ease;-moz-transition: all 700ms ease;-ms-transition: all 700ms ease;-o-transition: all 700ms ease;transition: all 700ms ease;\"  data-hover_bg_color=\"#0d60ae\"  data-hover_box_shadow=\"none\"     data-bg=\"#f57f26\" ><div class=\"wpb_text_column us_custom_6df4bc3a has_text_color\" ><div class=\"wpb_wrapper\"><p style=\"text-align: center;\"><strong><span style=\"font-size: 24pt;\">6Z<\/span><\/strong><\/p>\n<p style=\"text-align: center;\">Bloquer et \u00e9tiqueter LOCKOUT \/ TAGOUT<\/p>\n<\/div><\/div>\t\t<\/div>\t<\/a><\/div><\/div><\/div><\/div><div class=\"vc_col-sm-3 wpb_column vc_column_container\"><div class=\"vc_column-inner us_custom_640f3360\"><div class=\"wpb_wrapper\"><div class=\"evc-single-image evc-shortcode  evc-shortcode-has-link\">\n\t<div class=\"evc-si-inner evc-ib-zoom\">\n\t\t\t\t\t<a href=\"#\">\n\t\t\t\t\n\t\t\t\t\n\t\t<img loading=\"lazy\" decoding=\"async\" width=\"900\" height=\"400\" src=\"https:\/\/elmetal.pl\/wp-content\/uploads\/2020\/07\/ergonomia-pierwsza-pomoc-1.jpg\" class=\"attachment-full size-full\" alt=\"Ergonomia i pierwsza pomoc w pracy\" srcset=\"https:\/\/elmetal.pl\/wp-content\/uploads\/2020\/07\/ergonomia-pierwsza-pomoc-1.jpg 900w, https:\/\/elmetal.pl\/wp-content\/uploads\/2020\/07\/ergonomia-pierwsza-pomoc-1-300x133.jpg 300w, https:\/\/elmetal.pl\/wp-content\/uploads\/2020\/07\/ergonomia-pierwsza-pomoc-1-600x267.jpg 600w\" sizes=\"(max-width: 900px) 100vw, 900px\" \/>\t\t\n\t\t\t\t\t<\/a>\n\t\t\t<\/div>\n<\/div>\n<div class=\"ult-content-box-container \" >\t<a class=\"ult-content-box-anchor\" href=\"#\" >\t\t<div class=\"ult-content-box\" style=\"background-color:#f57f26;box-shadow: px px px px none;padding:20px;min-height:150px;-webkit-transition: all 700ms ease;-moz-transition: all 700ms ease;-ms-transition: all 700ms ease;-o-transition: all 700ms ease;transition: all 700ms ease;\"  data-hover_bg_color=\"#0d60ae\"  data-hover_box_shadow=\"none\"     data-bg=\"#f57f26\" ><div class=\"wpb_text_column us_custom_6df4bc3a has_text_color\" ><div class=\"wpb_wrapper\"><p style=\"text-align: center;\"><strong><span style=\"font-size: 24pt;\">7Z<\/span><\/strong><\/p>\n<p style=\"text-align: center;\">Ergonomie et premiers secours<\/p>\n<\/div><\/div>\t\t<\/div>\t<\/a><\/div><\/div><\/div><\/div><\/div><\/div><\/section>\n","protected":false},"excerpt":{"rendered":"Elmetal nos produits 1Z Marquage des machines et installations de process 2Z Marquage des voies de communication, des lieux de stockage et de stockage 3Z Marquer le Lean Management 4Z Marquage et s\u00e9curisation des lieux dangereux 5Z Marquage sant\u00e9 et s\u00e9curit\u00e9 6Z Bloquer et \u00e9tiqueter LOCKOUT \/ TAGOUT 7Z Ergonomie et premiers secours","protected":false},"author":1,"featured_media":0,"parent":0,"menu_order":0,"comment_status":"closed","ping_status":"closed","template":"","meta":{"footnotes":""},"class_list":["post-5821","page","type-page","status-publish","hentry"],"yoast_head":"<!-- This site is optimized with the Yoast SEO plugin v24.2 - https:\/\/yoast.com\/wordpress\/plugins\/seo\/ -->\n<title>Nos produits - Elmetal<\/title>\n<meta name=\"robots\" content=\"index, follow, max-snippet:-1, max-image-preview:large, max-video-preview:-1\" \/>\n<link rel=\"canonical\" href=\"https:\/\/elmetal.pl\/fr\/nos-produits\/\" \/>\n<meta property=\"og:locale\" content=\"fr_FR\" \/>\n<meta property=\"og:type\" content=\"article\" \/>\n<meta property=\"og:title\" content=\"Nos produits - Elmetal\" \/>\n<meta property=\"og:url\" content=\"https:\/\/elmetal.pl\/fr\/nos-produits\/\" \/>\n<meta property=\"og:site_name\" content=\"Elmetal\" \/>\n<meta property=\"article:publisher\" content=\"https:\/\/www.facebook.com\/profile.php?id=100046578560646\" \/>\n<meta property=\"article:modified_time\" content=\"2020-08-19T11:31:33+00:00\" \/>\n<meta name=\"twitter:card\" content=\"summary_large_image\" \/>\n<meta name=\"twitter:label1\" content=\"Dur\u00e9e de lecture estim\u00e9e\" \/>\n\t<meta name=\"twitter:data1\" content=\"5 minutes\" \/>\n<script type=\"application\/ld+json\" class=\"yoast-schema-graph\">{\"@context\":\"https:\/\/schema.org\",\"@graph\":[{\"@type\":\"WebPage\",\"@id\":\"https:\/\/elmetal.pl\/fr\/nos-produits\/\",\"url\":\"https:\/\/elmetal.pl\/fr\/nos-produits\/\",\"name\":\"Nos produits - Elmetal\",\"isPartOf\":{\"@id\":\"https:\/\/elmetal.pl\/#website\"},\"datePublished\":\"2020-08-19T09:54:27+00:00\",\"dateModified\":\"2020-08-19T11:31:33+00:00\",\"breadcrumb\":{\"@id\":\"https:\/\/elmetal.pl\/fr\/nos-produits\/#breadcrumb\"},\"inLanguage\":\"fr-FR\",\"potentialAction\":[{\"@type\":\"ReadAction\",\"target\":[\"https:\/\/elmetal.pl\/fr\/nos-produits\/\"]}]},{\"@type\":\"BreadcrumbList\",\"@id\":\"https:\/\/elmetal.pl\/fr\/nos-produits\/#breadcrumb\",\"itemListElement\":[{\"@type\":\"ListItem\",\"position\":1,\"name\":\"Strona g\u0142\u00f3wna\",\"item\":\"https:\/\/elmetal.pl\/fr\/elmetal\/\"},{\"@type\":\"ListItem\",\"position\":2,\"name\":\"Nos produits\"}]},{\"@type\":\"WebSite\",\"@id\":\"https:\/\/elmetal.pl\/#website\",\"url\":\"https:\/\/elmetal.pl\/\",\"name\":\"Elmetal\",\"description\":\"Elmetal - oznakuj i zabezpiecz - oznakowanie instalacji przemys\u0142owych\",\"publisher\":{\"@id\":\"https:\/\/elmetal.pl\/#organization\"},\"potentialAction\":[{\"@type\":\"SearchAction\",\"target\":{\"@type\":\"EntryPoint\",\"urlTemplate\":\"https:\/\/elmetal.pl\/?s={search_term_string}\"},\"query-input\":{\"@type\":\"PropertyValueSpecification\",\"valueRequired\":true,\"valueName\":\"search_term_string\"}}],\"inLanguage\":\"fr-FR\"},{\"@type\":\"Organization\",\"@id\":\"https:\/\/elmetal.pl\/#organization\",\"name\":\"Elmetal\",\"url\":\"https:\/\/elmetal.pl\/\",\"logo\":{\"@type\":\"ImageObject\",\"inLanguage\":\"fr-FR\",\"@id\":\"https:\/\/elmetal.pl\/#\/schema\/logo\/image\/\",\"url\":\"https:\/\/elmetal.pl\/wp-content\/uploads\/2022\/09\/Elmetal-logo-oznakuj-zabezpiecz.png\",\"contentUrl\":\"https:\/\/elmetal.pl\/wp-content\/uploads\/2022\/09\/Elmetal-logo-oznakuj-zabezpiecz.png\",\"width\":842,\"height\":273,\"caption\":\"Elmetal\"},\"image\":{\"@id\":\"https:\/\/elmetal.pl\/#\/schema\/logo\/image\/\"},\"sameAs\":[\"https:\/\/www.facebook.com\/profile.php?id=100046578560646\",\"https:\/\/www.linkedin.com\/company\/3066617\/\"]}]}<\/script>\n<!-- \/ Yoast SEO plugin. -->","yoast_head_json":{"title":"Nos produits - Elmetal","robots":{"index":"index","follow":"follow","max-snippet":"max-snippet:-1","max-image-preview":"max-image-preview:large","max-video-preview":"max-video-preview:-1"},"canonical":"https:\/\/elmetal.pl\/fr\/nos-produits\/","og_locale":"fr_FR","og_type":"article","og_title":"Nos produits - Elmetal","og_url":"https:\/\/elmetal.pl\/fr\/nos-produits\/","og_site_name":"Elmetal","article_publisher":"https:\/\/www.facebook.com\/profile.php?id=100046578560646","article_modified_time":"2020-08-19T11:31:33+00:00","twitter_card":"summary_large_image","twitter_misc":{"Dur\u00e9e de lecture estim\u00e9e":"5 minutes"},"schema":{"@context":"https:\/\/schema.org","@graph":[{"@type":"WebPage","@id":"https:\/\/elmetal.pl\/fr\/nos-produits\/","url":"https:\/\/elmetal.pl\/fr\/nos-produits\/","name":"Nos produits - Elmetal","isPartOf":{"@id":"https:\/\/elmetal.pl\/#website"},"datePublished":"2020-08-19T09:54:27+00:00","dateModified":"2020-08-19T11:31:33+00:00","breadcrumb":{"@id":"https:\/\/elmetal.pl\/fr\/nos-produits\/#breadcrumb"},"inLanguage":"fr-FR","potentialAction":[{"@type":"ReadAction","target":["https:\/\/elmetal.pl\/fr\/nos-produits\/"]}]},{"@type":"BreadcrumbList","@id":"https:\/\/elmetal.pl\/fr\/nos-produits\/#breadcrumb","itemListElement":[{"@type":"ListItem","position":1,"name":"Strona g\u0142\u00f3wna","item":"https:\/\/elmetal.pl\/fr\/elmetal\/"},{"@type":"ListItem","position":2,"name":"Nos produits"}]},{"@type":"WebSite","@id":"https:\/\/elmetal.pl\/#website","url":"https:\/\/elmetal.pl\/","name":"Elmetal","description":"Elmetal - oznakuj i zabezpiecz - oznakowanie instalacji przemys\u0142owych","publisher":{"@id":"https:\/\/elmetal.pl\/#organization"},"potentialAction":[{"@type":"SearchAction","target":{"@type":"EntryPoint","urlTemplate":"https:\/\/elmetal.pl\/?s={search_term_string}"},"query-input":{"@type":"PropertyValueSpecification","valueRequired":true,"valueName":"search_term_string"}}],"inLanguage":"fr-FR"},{"@type":"Organization","@id":"https:\/\/elmetal.pl\/#organization","name":"Elmetal","url":"https:\/\/elmetal.pl\/","logo":{"@type":"ImageObject","inLanguage":"fr-FR","@id":"https:\/\/elmetal.pl\/#\/schema\/logo\/image\/","url":"https:\/\/elmetal.pl\/wp-content\/uploads\/2022\/09\/Elmetal-logo-oznakuj-zabezpiecz.png","contentUrl":"https:\/\/elmetal.pl\/wp-content\/uploads\/2022\/09\/Elmetal-logo-oznakuj-zabezpiecz.png","width":842,"height":273,"caption":"Elmetal"},"image":{"@id":"https:\/\/elmetal.pl\/#\/schema\/logo\/image\/"},"sameAs":["https:\/\/www.facebook.com\/profile.php?id=100046578560646","https:\/\/www.linkedin.com\/company\/3066617\/"]}]}},"_links":{"self":[{"href":"https:\/\/elmetal.pl\/fr\/wp-json\/wp\/v2\/pages\/5821"}],"collection":[{"href":"https:\/\/elmetal.pl\/fr\/wp-json\/wp\/v2\/pages"}],"about":[{"href":"https:\/\/elmetal.pl\/fr\/wp-json\/wp\/v2\/types\/page"}],"author":[{"embeddable":true,"href":"https:\/\/elmetal.pl\/fr\/wp-json\/wp\/v2\/users\/1"}],"replies":[{"embeddable":true,"href":"https:\/\/elmetal.pl\/fr\/wp-json\/wp\/v2\/comments?post=5821"}],"version-history":[{"count":3,"href":"https:\/\/elmetal.pl\/fr\/wp-json\/wp\/v2\/pages\/5821\/revisions"}],"predecessor-version":[{"id":5826,"href":"https:\/\/elmetal.pl\/fr\/wp-json\/wp\/v2\/pages\/5821\/revisions\/5826"}],"wp:attachment":[{"href":"https:\/\/elmetal.pl\/fr\/wp-json\/wp\/v2\/media?parent=5821"}],"curies":[{"name":"wp","href":"https:\/\/api.w.org\/{rel}","templated":true}]}}